{"id":321,"date":"2022-11-23T09:40:59","date_gmt":"2022-11-23T08:40:59","guid":{"rendered":"https:\/\/windoor-shop.com\/?page_id=321"},"modified":"2024-05-24T10:53:13","modified_gmt":"2024-05-24T08:53:13","slug":"startseite","status":"publish","type":"page","link":"https:\/\/windoor-shop.com\/de\/","title":{"rendered":"Startseite"},"content":{"rendered":"<p>[et_pb_section fb_built=&#8220;1&#8243; admin_label=&#8220;Header&#8220; _builder_version=&#8220;4.25.1&#8243; _module_preset=&#8220;default&#8220; use_background_color_gradient=&#8220;on&#8220; background_color_gradient_direction=&#8220;127deg&#8220; background_color_gradient_stops=&#8220;#165dab 0%|rgba(0,0,0,0) 56%&#8220; background_color_gradient_overlays_image=&#8220;on&#8220; background_image=&#8220;https:\/\/windoor-shop.com\/wp-content\/uploads\/2024\/05\/solutions_verrouillage_securite_embarquee_verrou_electro-mecanique_VUL_Verrouillage_poids-lourd_Camera_recul_camera_AI_Detection_angle-mort_camion_homepage-1920.jpg&#8220; parallax=&#8220;on&#8220; custom_padding=&#8220;||24vw||false|false&#8220; hover_enabled=&#8220;0&#8243; collapsed=&#8220;on&#8220; global_colors_info=&#8220;{}&#8220; alt=&#8220;Solution verrouillage s\u00e9curit\u00e9 embarqu\u00e9e verrou m\u00e9canique VUL poids lourd camera de recul&#8220; title_text=&#8220;solutions_verrouillage_securite_embarquee_verrou_electro-mecanique_VUL_Verrouillage_poids-lourd_Camera_recul_camera_AI_Detection_angle-mort_camion_homepage-1920&#8243; sticky_enabled=&#8220;0&#8243;][et_pb_row column_structure=&#8220;1_3,2_3&#8243; _builder_version=&#8220;4.18.0&#8243; _module_preset=&#8220;default&#8220; width=&#8220;80.3%&#8220; global_colors_info=&#8220;{}&#8220;][et_pb_column type=&#8220;1_3&#8243; _builder_version=&#8220;4.18.0&#8243; _module_preset=&#8220;default&#8220; global_colors_info=&#8220;{}&#8220;][et_pb_text _builder_version=&#8220;4.18.0&#8243; _module_preset=&#8220;default&#8220; global_colors_info=&#8220;{}&#8220;]<\/p>\n<p style=\"text-align: justify;\"><span style=\"color: #ffffff;\">Willkommen auf der Website von Windoor, seit 1992 Spezialist f\u00fcr Automatisierungs- und Sicherheitssysteme in Fahrzeugen. Diese Website wurde speziell f\u00fcr unsere bestehenden Kunden und alle professionellen Akteure entwickelt, um dringende Bed\u00fcrfnisse zu erf\u00fcllen: sicherheitschloss\u00ebr fur kastenwagen, Van Locks fur nutzfahrzeuge, R\u00fcckfahrkameras, AI-Kameras, Schiebet\u00fcrsysteme, Diebstahlsicherungen, Ersatzteile usw. \u2013 einzeln und sofort verf\u00fcgbar, mit wenigen Klicks. Bei gr\u00f6\u00dferen Bestellungen antwortet unser Team per E-Mail \u00fcber windoor.com.<\/span><\/p>\n<p>[\/et_pb_text][\/et_pb_column][et_pb_column type=&#8220;2_3&#8243; _builder_version=&#8220;4.17.6&#8243; _module_preset=&#8220;default&#8220; global_colors_info=&#8220;{}&#8220;][et_pb_button button_url=&#8220;@ET-DC@eyJkeW5hbWljIjp0cnVlLCJjb250ZW50IjoicG9zdF9saW5rX3VybF9wYWdlIiwic2V0dGluZ3MiOnsicG9zdF9pZCI6IjgwIn19@&#8220; button_text=&#8220;Zum Shop&#8220; _builder_version=&#8220;4.18.0&#8243; _dynamic_attributes=&#8220;button_url&#8220; _module_preset=&#8220;31b4f027-aaa0-4f2f-ae02-959764e19e4f&#8220; custom_button=&#8220;on&#8220; button_text_size=&#8220;12px&#8220; button_text_color=&#8220;#FFFFFF&#8220; button_bg_color=&#8220;#004066&#8243; button_border_width=&#8220;0px&#8220; button_border_radius=&#8220;0px&#8220; button_letter_spacing=&#8220;0.5em&#8220; button_font=&#8220;Open Sans|700||on|||||&#8220; custom_padding=&#8220;16px|24px|16px|24px|true|true&#8220; global_colors_info=&#8220;{}&#8220; button_bg_color__hover_enabled=&#8220;on|hover&#8220; button_bg_color__hover=&#8220;#165DAB&#8220; button_bg_enable_color__hover=&#8220;on&#8220;][\/et_pb_button][\/et_pb_column][\/et_pb_row][\/et_pb_section][et_pb_section fb_built=&#8220;1&#8243; admin_label=&#8220;Services&#8220; _builder_version=&#8220;4.17.6&#8243; _module_preset=&#8220;default&#8220; background_color=&#8220;#F3EEE8&#8243; collapsed=&#8220;on&#8220; global_colors_info=&#8220;{}&#8220;][et_pb_row custom_padding_last_edited=&#8220;on|desktop&#8220; _builder_version=&#8220;4.18.0&#8243; _module_preset=&#8220;default&#8220; background_color=&#8220;#004066&#8243; custom_margin=&#8220;-10vw||||false|false&#8220; custom_padding=&#8220;|30px||30px|false|true&#8220; custom_padding_tablet=&#8220;|30px||30px|false|true&#8220; custom_padding_phone=&#8220;0px|20px||20px|false|true&#8220; global_colors_info=&#8220;{}&#8220;][et_pb_column type=&#8220;4_4&#8243; _builder_version=&#8220;4.17.6&#8243; _module_preset=&#8220;default&#8220; custom_padding=&#8220;||||false|false&#8220; global_colors_info=&#8220;{}&#8220;][et_pb_text _builder_version=&#8220;4.18.0&#8243; _module_preset=&#8220;b327cbe4-b1d5-4b66-ad37-40c8f2f061ba&#8220; header_2_font=&#8220;Anton|||on|||||&#8220; header_2_text_align=&#8220;center&#8220; header_2_text_color=&#8220;#8CC9E1&#8243; header_2_font_size=&#8220;70px&#8220; header_2_line_height=&#8220;1.15em&#8220; custom_margin=&#8220;||||false|false&#8220; header_2_font_size_tablet=&#8220;32px&#8220; header_2_font_size_phone=&#8220;20px&#8220; header_2_font_size_last_edited=&#8220;on|phone&#8220; global_colors_info=&#8220;{}&#8220;]<\/p>\n<h2><span style=\"color: #ffffff;\">SICHERHEITS- UND VISIONSSYSTEME F\u00dcR FAHRZEUGe<\/span><\/h2>\n<p>[\/et_pb_text][\/et_pb_column][\/et_pb_row][et_pb_row column_structure=&#8220;1_3,1_3,1_3&#8243; use_custom_gutter=&#8220;on&#8220; gutter_width=&#8220;2&#8243; custom_padding_last_edited=&#8220;on|phone&#8220; _builder_version=&#8220;4.18.0&#8243; _module_preset=&#8220;default&#8220; background_color=&#8220;#004066&#8243; custom_padding=&#8220;30px|30px|30px|30px|true|true&#8220; custom_padding_tablet=&#8220;30px|30px|30px|30px|true|true&#8220; custom_padding_phone=&#8220;|20px||20px|true|true&#8220; locked=&#8220;off&#8220; global_colors_info=&#8220;{}&#8220;][et_pb_column type=&#8220;1_3&#8243; _builder_version=&#8220;4.17.4&#8243; _module_preset=&#8220;default&#8220; global_colors_info=&#8220;{}&#8220;][et_pb_blurb title=&#8220;VISION SYSTEME&#8220; image=&#8220;https:\/\/windoor-shop.com\/wp-content\/uploads\/2022\/11\/camera-recul-camion-vul-camera-intelligente-detection-angle-mort.png&#8220; icon_placement=&#8220;left&#8220; image_icon_width=&#8220;100px&#8220; content_max_width=&#8220;100%&#8220; image_icon_width_tablet=&#8220;120px&#8220; image_icon_width_phone=&#8220;80px&#8220; image_icon_width_last_edited=&#8220;on|phone&#8220; _builder_version=&#8220;4.18.0&#8243; _module_preset=&#8220;4d778d3d-b21d-4b19-8130-9b91c3e01747&#8243; header_font=&#8220;Roboto Condensed|700||on|||||&#8220; header_text_color=&#8220;#FFFFFF&#8220; header_font_size=&#8220;16px&#8220; header_line_height=&#8220;1.4em&#8220; body_font=&#8220;Raleway|500|||||||&#8220; body_text_color=&#8220;#FFFFFF&#8220; body_line_height=&#8220;1.65em&#8220; animation=&#8220;off&#8220; header_font_size_tablet=&#8220;16px&#8220; header_font_size_phone=&#8220;14px&#8220; header_font_size_last_edited=&#8220;on|phone&#8220; locked=&#8220;off&#8220; global_colors_info=&#8220;{}&#8220;]<\/p>\n<p>R\u00fcckfahrkameras, Monitore, AI-Kamera, 360 Grad Birdview Kamerasystem, Radar-sensor, Toter-Winkel-Kamera f\u00fcr Lkw, Bus, kastenwagen, schwere nutzfahrzeuge und Pkw.<\/p>\n<p>[\/et_pb_blurb][\/et_pb_column][et_pb_column type=&#8220;1_3&#8243; _builder_version=&#8220;4.17.4&#8243; _module_preset=&#8220;default&#8220; global_colors_info=&#8220;{}&#8220;][et_pb_blurb title=&#8220;SCHLOSS &#038; T\u00dcRSICHERUNG&#8220; url=&#8220;https:\/\/windoor-shop.com\/de\/categorie-produit\/schloss\/&#8220; image=&#8220;https:\/\/windoor-shop.com\/wp-content\/uploads\/2022\/11\/verrou-electro-mecanique-antivol-vehicule-utilitaire-vul-verrouillage-protection-haute-securite.png&#8220; icon_placement=&#8220;left&#8220; image_icon_width=&#8220;100px&#8220; content_max_width=&#8220;100%&#8220; image_icon_width_tablet=&#8220;120px&#8220; image_icon_width_phone=&#8220;80px&#8220; image_icon_width_last_edited=&#8220;on|phone&#8220; _builder_version=&#8220;4.18.0&#8243; _module_preset=&#8220;4d778d3d-b21d-4b19-8130-9b91c3e01747&#8243; header_font=&#8220;Roboto Condensed|700||on|||||&#8220; header_text_color=&#8220;#FFFFFF&#8220; header_font_size=&#8220;16px&#8220; header_line_height=&#8220;1.4em&#8220; body_font=&#8220;Raleway|500|||||||&#8220; body_text_color=&#8220;#FFFFFF&#8220; body_line_height=&#8220;1.65em&#8220; animation=&#8220;off&#8220; link_option_url=&#8220;https:\/\/windoor-shop.com\/de\/categorie-produit\/schloss\/&#8220; header_font_size_tablet=&#8220;16px&#8220; header_font_size_phone=&#8220;14px&#8220; header_font_size_last_edited=&#8220;on|phone&#8220; locked=&#8220;off&#8220; global_colors_info=&#8220;{}&#8220;]<\/p>\n<p>Elektromechanische Diebstahlsicherungsschl\u00f6sser f\u00fcr Seiten- und Hintert\u00fcren von kastenwagen, schwere Nutzfahrzeugen, LKW, wohnwagen, wohnmobile und vans.<\/p>\n<p>[\/et_pb_blurb][\/et_pb_column][et_pb_column type=&#8220;1_3&#8243; _builder_version=&#8220;4.17.4&#8243; _module_preset=&#8220;default&#8220; global_colors_info=&#8220;{}&#8220;][et_pb_blurb title=&#8220;ELEKTRONISCHER DIEBSTAHLSCHUTZ&#8220; url=&#8220;https:\/\/windoor-shop.com\/de\/categorie-produit\/anti-diebstahl-auto\/&#8220; image=&#8220;https:\/\/windoor-shop.com\/wp-content\/uploads\/2022\/11\/anti-demarrage-anti-vol-car-block-systeme.png&#8220; icon_placement=&#8220;left&#8220; image_icon_width=&#8220;100px&#8220; content_max_width=&#8220;100%&#8220; image_icon_width_tablet=&#8220;120px&#8220; image_icon_width_phone=&#8220;80px&#8220; image_icon_width_last_edited=&#8220;on|phone&#8220; _builder_version=&#8220;4.18.0&#8243; _module_preset=&#8220;4d778d3d-b21d-4b19-8130-9b91c3e01747&#8243; header_font=&#8220;Roboto Condensed|700||on|||||&#8220; header_text_color=&#8220;#FFFFFF&#8220; header_font_size=&#8220;16px&#8220; header_line_height=&#8220;1.4em&#8220; body_font=&#8220;Raleway|500|||||||&#8220; body_text_color=&#8220;#FFFFFF&#8220; body_line_height=&#8220;1.65em&#8220; animation=&#8220;off&#8220; link_option_url=&#8220;https:\/\/windoor-shop.com\/de\/categorie-produit\/anti-diebstahl-auto\/&#8220; header_font_size_tablet=&#8220;16px&#8220; header_font_size_phone=&#8220;14px&#8220; header_font_size_last_edited=&#8220;on|phone&#8220; locked=&#8220;off&#8220; global_colors_info=&#8220;{}&#8220;]<\/p>\n<p>Elektronische Diebstahlsicherung mit Hightech-Verschl\u00fcsselung zur Sicherung von Gesch\u00e4fts- und Privatfahrzeugen.<\/p>\n<p>[\/et_pb_blurb][\/et_pb_column][\/et_pb_row][\/et_pb_section][et_pb_section fb_built=&#8220;1&#8243; make_equal=&#8220;on&#8220; specialty=&#8220;on&#8220; bg_img_1=&#8220;https:\/\/windoor-shop.com\/wp-content\/uploads\/2022\/11\/camera-recul-camion-camera-ai-intelligente-detection-angle-mort-scaled.jpg&#8220; admin_label=&#8220;Call to Action&#8220; _builder_version=&#8220;4.18.0&#8243; _module_preset=&#8220;default&#8220; background_color=&#8220;#F3EEE8&#8243; collapsed=&#8220;on&#8220; global_colors_info=&#8220;{}&#8220;][et_pb_column type=&#8220;1_2&#8243; _builder_version=&#8220;4.16&#8243; custom_padding=&#8220;|||&#8220; global_colors_info=&#8220;{}&#8220; custom_padding__hover=&#8220;|||&#8220;][et_pb_divider show_divider=&#8220;off&#8220; _builder_version=&#8220;4.18.0&#8243; _module_preset=&#8220;default&#8220; height_tablet=&#8220;40vw&#8220; height_phone=&#8220;40vw&#8220; height_last_edited=&#8220;on|tablet&#8220; global_colors_info=&#8220;{}&#8220;][\/et_pb_divider][et_pb_button button_text=&#8220;R\u00dcCKKAMERAS UND MONITORE&#8220; _builder_version=&#8220;4.18.0&#8243; _module_preset=&#8220;default&#8220; background_layout=&#8220;dark&#8220; global_colors_info=&#8220;{}&#8220;][\/et_pb_button][et_pb_button button_url=&#8220;@ET-DC@eyJkeW5hbWljIjp0cnVlLCJjb250ZW50IjoicG9zdF9saW5rX3VybF9wYWdlIiwic2V0dGluZ3MiOnsicG9zdF9pZCI6IjgwIn19@&#8220; button_text=&#8220;Zum shop&#8220; _builder_version=&#8220;4.18.0&#8243; _dynamic_attributes=&#8220;button_url&#8220; _module_preset=&#8220;3117bc07-6a8a-4679-b3bb-b6ed74b48a2f&#8220; custom_button=&#8220;on&#8220; button_text_size=&#8220;12px&#8220; button_text_color=&#8220;#FFFFFF&#8220; button_bg_color=&#8220;#AE8F73&#8243; button_border_width=&#8220;0px&#8220; button_border_radius=&#8220;0px&#8220; button_letter_spacing=&#8220;0.5em&#8220; button_font=&#8220;Open Sans|700||on|||||&#8220; custom_padding=&#8220;16px|24px|16px|24px|true|true&#8220; global_colors_info=&#8220;{}&#8220;][\/et_pb_button][\/et_pb_column][et_pb_column type=&#8220;1_2&#8243; specialty_columns=&#8220;2&#8243; _builder_version=&#8220;4.16&#8243; custom_padding=&#8220;|||&#8220; global_colors_info=&#8220;{}&#8220; custom_padding__hover=&#8220;|||&#8220;][et_pb_row_inner column_structure=&#8220;1_2,1_2&#8243; _builder_version=&#8220;4.17.6&#8243; _module_preset=&#8220;default&#8220; custom_margin=&#8220;||30px||false|false&#8220; custom_margin_tablet=&#8220;||0px||false|false&#8220; custom_margin_phone=&#8220;||0px||false|false&#8220; custom_margin_last_edited=&#8220;on|tablet&#8220; custom_padding=&#8220;0px||||false|false&#8220; global_colors_info=&#8220;{}&#8220;][et_pb_column_inner type=&#8220;1_2&#8243; saved_specialty_column_type=&#8220;1_2&#8243; _builder_version=&#8220;4.17.6&#8243; _module_preset=&#8220;default&#8220; global_colors_info=&#8220;{}&#8220;][et_pb_image src=&#8220;https:\/\/windoor-shop.com\/wp-content\/uploads\/2022\/11\/antivol-antidemarrage-electronique-auto-moto-utilitaire-voiture-location-luxe.png&#8220; alt=&#8220;Care-View&#8220; title_text=&#8220;antivol-antidemarrage-electronique-auto-moto-utilitaire-voiture-location-luxe&#8220; _builder_version=&#8220;4.18.0&#8243; _module_preset=&#8220;default&#8220; global_colors_info=&#8220;{}&#8220;][\/et_pb_image][et_pb_button button_url=&#8220;https:\/\/windoor-shop.com\/de\/categorie-produit\/schloss\/&#8220; button_text=&#8220;SCHL\u00d6SSER UND DIEBSTAHLSICHERUNGEN&#8220; _builder_version=&#8220;4.18.0&#8243; _module_preset=&#8220;default&#8220; custom_margin=&#8220;|-268px||||&#8220; global_colors_info=&#8220;{}&#8220;][\/et_pb_button][\/et_pb_column_inner][et_pb_column_inner type=&#8220;1_2&#8243; saved_specialty_column_type=&#8220;1_2&#8243; _builder_version=&#8220;4.17.6&#8243; _module_preset=&#8220;default&#8220; global_colors_info=&#8220;{}&#8220;][et_pb_image src=&#8220;https:\/\/windoor-shop.com\/wp-content\/uploads\/2022\/11\/anti-vol-electronique-anti-demarrage-voiture-luxe-voiture-location-1.png&#8220; alt=&#8220;antivol anti-d\u00e9marrage pour voiture de luxe, voiture de location&#8220; title_text=&#8220;anti-vol-electronique-anti-demarrage-voiture-luxe-voiture-location&#8220; _builder_version=&#8220;4.18.0&#8243; _module_preset=&#8220;default&#8220; locked=&#8220;off&#8220; global_colors_info=&#8220;{}&#8220;][\/et_pb_image][\/et_pb_column_inner][\/et_pb_row_inner][et_pb_row_inner custom_padding_last_edited=&#8220;on|desktop&#8220; _builder_version=&#8220;4.18.0&#8243; _module_preset=&#8220;default&#8220; background_enable_image=&#8220;off&#8220; background_video_mp4=&#8220;https:\/\/windoor-shop.com\/wp-content\/uploads\/2022\/11\/automatisme-ouverture-garage-portail-motorise-securise-automatique.-appel-phares.mp4&#8243; min_height=&#8220;232px&#8220; custom_padding=&#8220;83px|50px|83px|50px|true|true&#8220; custom_padding_tablet=&#8220;30px|30px|30px|30px|true|true&#8220; custom_padding_phone=&#8220;20px|20px|20px|20px|true|true&#8220; global_colors_info=&#8220;{}&#8220;][et_pb_column_inner saved_specialty_column_type=&#8220;1_2&#8243; _builder_version=&#8220;4.17.6&#8243; _module_preset=&#8220;default&#8220; global_colors_info=&#8220;{}&#8220;][et_pb_button button_text=&#8220;INNOVATION&#8220; button_alignment=&#8220;left&#8220; _builder_version=&#8220;4.18.0&#8243; _module_preset=&#8220;default&#8220; background_layout=&#8220;dark&#8220; custom_margin=&#8220;|0px|||false|false&#8220; global_colors_info=&#8220;{}&#8220;][\/et_pb_button][\/et_pb_column_inner][\/et_pb_row_inner][\/et_pb_column][\/et_pb_section]<\/p>\n","protected":false},"excerpt":{"rendered":"<p>Willkommen auf der Website von Windoor, seit 1992 Spezialist f\u00fcr Automatisierungs- und Sicherheitssysteme in Fahrzeugen. Diese Website wurde speziell f\u00fcr unsere bestehenden Kunden und alle professionellen Akteure entwickelt, um dringende Bed\u00fcrfnisse zu erf\u00fcllen: sicherheitschloss\u00ebr fur kastenwagen, Van Locks fur nutzfahrzeuge, R\u00fcckfahrkameras, AI-Kameras, Schiebet\u00fcrsysteme, Diebstahlsicherungen, Ersatzteile usw. \u2013 einzeln und sofort verf\u00fcgbar, mit wenigen Klicks. Bei [&hellip;]<\/p>\n","protected":false},"author":5,"featured_media":0,"parent":0,"menu_order":0,"comment_status":"closed","ping_status":"closed","template":"","meta":{"_et_pb_use_builder":"on","_et_pb_old_content":"","_et_gb_content_width":"","footnotes":""},"class_list":["post-321","page","type-page","status-publish","hentry"],"_links":{"self":[{"href":"https:\/\/windoor-shop.com\/de\/wp-json\/wp\/v2\/pages\/321","targetHints":{"allow":["GET"]}}],"collection":[{"href":"https:\/\/windoor-shop.com\/de\/wp-json\/wp\/v2\/pages"}],"about":[{"href":"https:\/\/windoor-shop.com\/de\/wp-json\/wp\/v2\/types\/page"}],"author":[{"embeddable":true,"href":"https:\/\/windoor-shop.com\/de\/wp-json\/wp\/v2\/users\/5"}],"replies":[{"embeddable":true,"href":"https:\/\/windoor-shop.com\/de\/wp-json\/wp\/v2\/comments?post=321"}],"version-history":[{"count":13,"href":"https:\/\/windoor-shop.com\/de\/wp-json\/wp\/v2\/pages\/321\/revisions"}],"predecessor-version":[{"id":1185,"href":"https:\/\/windoor-shop.com\/de\/wp-json\/wp\/v2\/pages\/321\/revisions\/1185"}],"wp:attachment":[{"href":"https:\/\/windoor-shop.com\/de\/wp-json\/wp\/v2\/media?parent=321"}],"curies":[{"name":"wp","href":"https:\/\/api.w.org\/{rel}","templated":true}]}}