{"id":1064,"date":"2024-05-08T09:54:07","date_gmt":"2024-05-08T07:54:07","guid":{"rendered":"https:\/\/windoor-shop.com\/?post_type=product&#038;p=1064"},"modified":"2024-05-09T21:08:18","modified_gmt":"2024-05-09T19:08:18","slug":"ruckfahrkit-1-monitor-1-ruckfahrkamera-und-20-meter-kabel-vv-700-e-nd-1-c","status":"publish","type":"product","link":"https:\/\/windoor-shop.com\/de\/produit\/ruckfahrkit-1-monitor-1-ruckfahrkamera-und-20-meter-kabel-vv-700-e-nd-1-c\/","title":{"rendered":"R\u00fcckfahrkit 1 Monitor 1 R\u00fcckfahrkamera und 20 Meter Kabel &#8211; VV-700-E-ND-1-C"},"content":{"rendered":"<p><strong>Technische Daten des Monitors<\/strong><\/p>\n<p>Bildschirm: Farbbildschirm mit einer Diagonale von 7 Zoll (18 cm).<br \/>\nAufl\u00f6sung: 800&#215;480 Pixel<br \/>\nFormat: PAL<br \/>\nBildformat: 16:9<br \/>\nVideoeingang: 2 x 4 PIN<br \/>\nLautsprecher: eingebaut (0,5W)<br \/>\nMen\u00fc: OSD<br \/>\nStromversorgung: DC 9-32V<br \/>\nAbmessungen: 172x115x18mm<\/p>\n<p><strong>Technische Daten der Kamera<\/strong><\/p>\n<p>Optik: Sharp CCD<br \/>\nAufl\u00f6sung: 582&#215;510 Pixel<br \/>\nNachtsicht: Automatische Umschaltung in den Schwarz-Wei\u00df-Nachtsichtmodus (Empfindlichkeit 0,1 Lux).<br \/>\n18 IR-LEDs<br \/>\nBetriebstemperatur: -20\u00b0C &#8211; 70\u00b0C (maximale Luftfeuchtigkeit 85%)<br \/>\nLagerungstemperatur: -30\u00b0C &#8211; 85\u00b0C (maximale Luftfeuchtigkeit 85%)<br \/>\nGewicht: ca. 400 g<br \/>\nGeh\u00e4usematerial: schwarz lackierte Aluminiumlegierung<\/p>\n<p><strong>Die Vorteile von WINDOOR :<\/strong><\/p>\n<p>Profitieren Sie von der Erfahrung des Unternehmens WINDOOR, das seit 1992 im Bereich der Sicherung von Gesch\u00e4ftsfahrzeugen t\u00e4tig ist.<br \/>\nProfitieren Sie von dem guten Ruf der Marke VIGI VIEW.<br \/>\nDas beste Preis-Leistungs-Verh\u00e4ltnis der Schweiz.<\/p>\n<p>Die WINDOOR-R\u00fcckfahrkamerasysteme bieten dem Lenker eines Fahrzeugs zus\u00e4tzliche Sicherheit beim R\u00fcckw\u00e4rtsfahren. Dank dem Kamerasystem wird der Fahrer auf schw\u00e4chere Verkehrsteilnehmer im Gef\u00e4hrdungsbereich neben dem Fahrzeug aufmerksam gemacht. Als Schweizer Marktf\u00fchrer f\u00fcr Sicht- und Sicherheitssysteme f\u00fcr Landwirtschaft-, Bau-, Kommunal, Spezial- und Nutzfahrzeuge bieten wir Fahrzeugherstellern und Ersatzteilh\u00e4ndlern Full-HD-R\u00fcckfahrkameras und kompetente Beratung.<\/p>\n","protected":false},"excerpt":{"rendered":"<p>Technische Daten des Monitors Bildschirm: Farbbildschirm mit einer Diagonale von 7 Zoll (18 cm). Aufl\u00f6sung: 800&#215;480 Pixel Format: PAL Bildformat: 16:9 Videoeingang: 2 x 4 PIN Lautsprecher: eingebaut (0,5W) Men\u00fc: OSD Stromversorgung: DC 9-32V Abmessungen: 172x115x18mm Technische Daten der Kamera Optik: Sharp CCD Aufl\u00f6sung: 582&#215;510 Pixel Nachtsicht: Automatische Umschaltung in den Schwarz-Wei\u00df-Nachtsichtmodus (Empfindlichkeit 0,1 Lux). [&hellip;]<\/p>\n","protected":false},"featured_media":1049,"template":"","meta":{"_et_pb_use_builder":"","_et_pb_old_content":"","_et_gb_content_width":""},"product_brand":[],"product_cat":[115],"product_tag":[],"class_list":{"0":"post-1064","1":"product","2":"type-product","3":"status-publish","4":"has-post-thumbnail","6":"product_cat-ruckfahrkameras","8":"first","9":"instock","10":"taxable","11":"shipping-taxable","12":"purchasable","13":"product-type-simple"},"_links":{"self":[{"href":"https:\/\/windoor-shop.com\/de\/wp-json\/wp\/v2\/product\/1064","targetHints":{"allow":["GET"]}}],"collection":[{"href":"https:\/\/windoor-shop.com\/de\/wp-json\/wp\/v2\/product"}],"about":[{"href":"https:\/\/windoor-shop.com\/de\/wp-json\/wp\/v2\/types\/product"}],"wp:featuredmedia":[{"embeddable":true,"href":"https:\/\/windoor-shop.com\/de\/wp-json\/wp\/v2\/media\/1049"}],"wp:attachment":[{"href":"https:\/\/windoor-shop.com\/de\/wp-json\/wp\/v2\/media?parent=1064"}],"wp:term":[{"taxonomy":"product_brand","embeddable":true,"href":"https:\/\/windoor-shop.com\/de\/wp-json\/wp\/v2\/product_brand?post=1064"},{"taxonomy":"product_cat","embeddable":true,"href":"https:\/\/windoor-shop.com\/de\/wp-json\/wp\/v2\/product_cat?post=1064"},{"taxonomy":"product_tag","embeddable":true,"href":"https:\/\/windoor-shop.com\/de\/wp-json\/wp\/v2\/product_tag?post=1064"}],"curies":[{"name":"wp","href":"https:\/\/api.w.org\/{rel}","templated":true}]}}