{"id":1102,"date":"2024-05-07T12:14:47","date_gmt":"2024-05-07T10:14:47","guid":{"rendered":"https:\/\/windoor-shop.com\/?post_type=product&#038;p=1102"},"modified":"2024-05-09T21:09:47","modified_gmt":"2024-05-09T19:09:47","slug":"rueckfahrkamera-in-kompakt-c-cvc-cmini","status":"publish","type":"product","link":"https:\/\/windoor-shop.com\/de\/produit\/rueckfahrkamera-in-kompakt-c-cvc-cmini\/","title":{"rendered":"R\u00fcckfahrkamera in kompakter Gr\u00f6\u00dfe \u2022 C-CVC-CMINI"},"content":{"rendered":"<h4 class=\"no_margin\">Die C-CVC-CMINI Kamera ist eine universelle Drahtlose R\u00fcckfahrkamera, speziell geeignet f\u00fcr Bus, Wohnmobil oder Lieferwagen.<\/h4>\n<p>CMOS-Farb r\u00fcckkamera mit geringem Platzbedarf, Gr\u00f6\u00dfe 55,3mm x 41,3mm.<\/p>\n<ul>\n<li>Nachtsicht dank 6 Infrarot (IR)-LEDs &#8211; IR-Entfernung: 8 m.<\/li>\n<li>TV-System: PAL\/NTSC.<\/li>\n<li>Max. Stromverbrauch: 1 20 mA<\/li>\n<li>Minimale Beleuchtungsst\u00e4rke: 0,1 Lux (Tag), 0 Lux (mit IR) &#8211; Stromversorgung: 1 2V\/DC.<\/li>\n<li>Betriebstemperatur: -20\u00b0C-70\u00b0 &#8211; Luftfeuchtigkeit: 95% max.<\/li>\n<li>Lagerungstemperatur: -40\u00b0C-80\u00b0C &#8211; Luftfeuchtigkeit: 95% max.<\/li>\n<li>Linse: f=2,8 mm, F=2.5<\/li>\n<li>Betrachtungswinkel: 120\u00b0.<\/li>\n<li>Effektive Pixel: 960 x 576 Pixel<\/li>\n<li>Aufl\u00f6sung: 600 TV-Linien<\/li>\n<li>Horizontale Synchrofrequenz: 15.625KHz &#8211; Vertikale Synchrofrequenz: 50Hz<\/li>\n<li>Videoausgang: 1.0Vp p, 75Ohm<\/li>\n<li>Empfindlichkeitsbereich: 4,880mm x 3,670mm<\/li>\n<li>Mikrofon: Ja<\/li>\n<li>Wasserdicht: IP69K<\/li>\n<li>Signal-Rausch-Abstand: \u00fcber 43,3dB<\/li>\n<li>Wei\u00dfabgleich: automatisch<\/li>\n<\/ul>\n<p>Die WINDOOR-R\u00fcckfahrkamerasysteme bieten dem Lenker eines Fahrzeugs zus\u00e4tzliche Sicherheit beim R\u00fcckw\u00e4rtsfahren. Dank dem Kamerasystem wird der Fahrer auf schw\u00e4chere Verkehrsteilnehmer im Gef\u00e4hrdungsbereich neben dem Fahrzeug aufmerksam gemacht. Als Schweizer Marktf\u00fchrer f\u00fcr Sicht- und Sicherheitssysteme f\u00fcr Landwirtschaft-, Bau-, Kommunal, Spezial- und Nutzfahrzeuge bieten wir Fahrzeugherstellern und Ersatzteilh\u00e4ndlern Full-HD-R\u00fcckfahrkameras und kompetente Beratung.<\/p>\n","protected":false},"excerpt":{"rendered":"<p>Die C-CVC-CMINI Kamera ist eine universelle Drahtlose R\u00fcckfahrkamera, speziell geeignet f\u00fcr Bus, Wohnmobil oder Lieferwagen. CMOS-Farb r\u00fcckkamera mit geringem Platzbedarf, Gr\u00f6\u00dfe 55,3mm x 41,3mm. Nachtsicht dank 6 Infrarot (IR)-LEDs &#8211; IR-Entfernung: 8 m. TV-System: PAL\/NTSC. Max. Stromverbrauch: 1 20 mA Minimale Beleuchtungsst\u00e4rke: 0,1 Lux (Tag), 0 Lux (mit IR) &#8211; Stromversorgung: 1 2V\/DC. Betriebstemperatur: -20\u00b0C-70\u00b0 [&hellip;]<\/p>\n","protected":false},"featured_media":1036,"template":"","meta":{"_et_pb_use_builder":"","_et_pb_old_content":"","_et_gb_content_width":""},"product_brand":[],"product_cat":[115],"product_tag":[],"class_list":{"0":"post-1102","1":"product","2":"type-product","3":"status-publish","4":"has-post-thumbnail","6":"product_cat-ruckfahrkameras","8":"first","9":"instock","10":"taxable","11":"shipping-taxable","12":"purchasable","13":"product-type-simple"},"_links":{"self":[{"href":"https:\/\/windoor-shop.com\/de\/wp-json\/wp\/v2\/product\/1102","targetHints":{"allow":["GET"]}}],"collection":[{"href":"https:\/\/windoor-shop.com\/de\/wp-json\/wp\/v2\/product"}],"about":[{"href":"https:\/\/windoor-shop.com\/de\/wp-json\/wp\/v2\/types\/product"}],"wp:featuredmedia":[{"embeddable":true,"href":"https:\/\/windoor-shop.com\/de\/wp-json\/wp\/v2\/media\/1036"}],"wp:attachment":[{"href":"https:\/\/windoor-shop.com\/de\/wp-json\/wp\/v2\/media?parent=1102"}],"wp:term":[{"taxonomy":"product_brand","embeddable":true,"href":"https:\/\/windoor-shop.com\/de\/wp-json\/wp\/v2\/product_brand?post=1102"},{"taxonomy":"product_cat","embeddable":true,"href":"https:\/\/windoor-shop.com\/de\/wp-json\/wp\/v2\/product_cat?post=1102"},{"taxonomy":"product_tag","embeddable":true,"href":"https:\/\/windoor-shop.com\/de\/wp-json\/wp\/v2\/product_tag?post=1102"}],"curies":[{"name":"wp","href":"https:\/\/api.w.org\/{rel}","templated":true}]}}