{"id":1109,"date":"2024-05-05T11:44:48","date_gmt":"2024-05-05T09:44:48","guid":{"rendered":"https:\/\/windoor-shop.com\/?post_type=product&#038;p=1109"},"modified":"2024-05-09T21:08:01","modified_gmt":"2024-05-09T19:08:01","slug":"hd-ruckfahrkamera-systemlkw-antevisions-farbkamera-mit-kabel-vv-c388-caf-hd","status":"publish","type":"product","link":"https:\/\/windoor-shop.com\/de\/produit\/hd-ruckfahrkamera-systemlkw-antevisions-farbkamera-mit-kabel-vv-c388-caf-hd\/","title":{"rendered":"HD Mini-Kugel-Kamera mit 20 Meter langem Kabel \u2022 VV-C388-CAF-HD"},"content":{"rendered":"<p>Diese Frontsicht-Farbkamera eignet sich besonders f\u00fcr Fahrzeuge und Anwendungen, bei denen Sie eine perfekte Sicht nach vorne haben m\u00fcssen, z. B. um einen &#8222;toten Winkel&#8220; oder eine Teilsicht zu \u00fcberbr\u00fccken. Sie eignet sich daher f\u00fcr alle Arten von Nutzfahrzeugen, landwirtschaftlichen Maschinen, SUVs, Wohnmobilen usw. Sie kann an alle Monitore unserer Produktpalette angeschlossen werden.<\/p>\n<ul>\n<li>Optik: Sony CMOS 1\/3<\/li>\n<li>Aufl\u00f6sung: 1280 x720 (1 Million Pixel)<\/li>\n<li>Blickwinkel: Horizontal\uff1a90\u00b0 \/ Vertikal\uff1a60\u00b0 \/ Diagonal\uff1a115\u00b0.<\/li>\n<li>Helligkeit: Mn.0.1 Lux mit Infrarot<\/li>\n<li>Reichweite bei Nachtsicht: ca. 3m<\/li>\n<li>Stromverbrauch: &lt;3W<\/li>\n<li>System: PAL (oderNTSC auf Anfrage)<\/li>\n<li>Schutzart: IP68<\/li>\n<li>Mikrofon: Nein<\/li>\n<li>Sto\u00dffestigkeit: 4G<\/li>\n<li>Stromversorgung: DC 12 V (oder 24 V auf Anfrage)<\/li>\n<li>Max. Strom: &lt;250mA<\/li>\n<li>Signal-Rausch-Verh\u00e4ltnis: &gt;48dB<\/li>\n<li>Anschl\u00fcsse: 4PIN (oder RCA auf Anfrage)<\/li>\n<li>Geh\u00e4use: Aluminiumlegierung<\/li>\n<li>Betriebstemperatur: -20\u00b0C bis 70\u00b0C<\/li>\n<li>Lagerungstemperatur: -30\u00b0C bis 80\u00b0C<\/li>\n<li>Dimensions: 49.61mm*74.67mm*72.45mm<\/li>\n<li>Gewicht: ca. 200g<\/li>\n<li>Zubeh\u00f6r: 20 Meter langes Kabel, Sonnenblende, Halterung, Schrauben, Installationsanleitung<\/li>\n<\/ul>\n<p>Die WINDOOR-R\u00fcckfahrkamerasysteme bieten dem Lenker eines Fahrzeugs zus\u00e4tzliche Sicherheit beim R\u00fcckw\u00e4rtsfahren. Dank dem Kamerasystem wird der Fahrer auf schw\u00e4chere Verkehrsteilnehmer im Gef\u00e4hrdungsbereich neben dem Fahrzeug aufmerksam gemacht. Als Schweizer Marktf\u00fchrer f\u00fcr Sicht- und Sicherheitssysteme f\u00fcr Landwirtschaft-, Bau-, Kommunal, Spezial- und Nutzfahrzeuge bieten wir Fahrzeugherstellern und Ersatzteilh\u00e4ndlern Full-HD-R\u00fcckfahrkameras und kompetente Beratung.<\/p>\n","protected":false},"excerpt":{"rendered":"<p>Diese Frontsicht-Farbkamera eignet sich besonders f\u00fcr Fahrzeuge und Anwendungen, bei denen Sie eine perfekte Sicht nach vorne haben m\u00fcssen, z. B. um einen &#8222;toten Winkel&#8220; oder eine Teilsicht zu \u00fcberbr\u00fccken. Sie eignet sich daher f\u00fcr alle Arten von Nutzfahrzeugen, landwirtschaftlichen Maschinen, SUVs, Wohnmobilen usw. Sie kann an alle Monitore unserer Produktpalette angeschlossen werden. Optik: Sony [&hellip;]<\/p>\n","protected":false},"featured_media":1019,"template":"","meta":{"_et_pb_use_builder":"","_et_pb_old_content":"","_et_gb_content_width":""},"product_brand":[],"product_cat":[115],"product_tag":[],"class_list":{"0":"post-1109","1":"product","2":"type-product","3":"status-publish","4":"has-post-thumbnail","6":"product_cat-ruckfahrkameras","8":"first","9":"instock","10":"taxable","11":"shipping-taxable","12":"purchasable","13":"product-type-simple"},"_links":{"self":[{"href":"https:\/\/windoor-shop.com\/de\/wp-json\/wp\/v2\/product\/1109","targetHints":{"allow":["GET"]}}],"collection":[{"href":"https:\/\/windoor-shop.com\/de\/wp-json\/wp\/v2\/product"}],"about":[{"href":"https:\/\/windoor-shop.com\/de\/wp-json\/wp\/v2\/types\/product"}],"wp:featuredmedia":[{"embeddable":true,"href":"https:\/\/windoor-shop.com\/de\/wp-json\/wp\/v2\/media\/1019"}],"wp:attachment":[{"href":"https:\/\/windoor-shop.com\/de\/wp-json\/wp\/v2\/media?parent=1109"}],"wp:term":[{"taxonomy":"product_brand","embeddable":true,"href":"https:\/\/windoor-shop.com\/de\/wp-json\/wp\/v2\/product_brand?post=1109"},{"taxonomy":"product_cat","embeddable":true,"href":"https:\/\/windoor-shop.com\/de\/wp-json\/wp\/v2\/product_cat?post=1109"},{"taxonomy":"product_tag","embeddable":true,"href":"https:\/\/windoor-shop.com\/de\/wp-json\/wp\/v2\/product_tag?post=1109"}],"curies":[{"name":"wp","href":"https:\/\/api.w.org\/{rel}","templated":true}]}}