{"id":1120,"date":"2024-05-05T11:11:34","date_gmt":"2024-05-05T09:11:34","guid":{"rendered":"https:\/\/windoor-shop.com\/?post_type=product&#038;p=1120"},"modified":"2024-05-09T21:10:29","modified_gmt":"2024-05-09T19:10:29","slug":"kabellose-wireless-rueckfahrkamera-mit-quad-monitor-kit-vv-k709-q-nd-ws-1c","status":"publish","type":"product","link":"https:\/\/windoor-shop.com\/de\/produit\/kabellose-wireless-rueckfahrkamera-mit-quad-monitor-kit-vv-k709-q-nd-ws-1c\/","title":{"rendered":"WiFi R\u00fcckfahrkamera mit quad monitor Kit \u2022 VV-K709-Q-ND-WS-1C"},"content":{"rendered":"<p><strong>Technische Daten des 7-Zoll-WiFi-Monitors<\/strong><\/p>\n<ul>\n<li>Bildschirm: 7-Zoll-Farbbildschirm<\/li>\n<li>Bildschirmformat: 16:9<\/li>\n<li>Aufl\u00f6sung: 1024xRGBx600<\/li>\n<li>1 bis 4 drahtlose Videoeing\u00e4nge mit Aufnahmefunktion<\/li>\n<li>\u00dcbertragungsreichweite: ca. 200 auf offenem Gel\u00e4nde<\/li>\n<li>Stromverbrauch: 3W<\/li>\n<li>Mikrofon: integriert<\/li>\n<li>Speicherkarte (nicht im Lieferumfang enthalten): 16 bis 128 GB<\/li>\n<li>Videoaufnahmeaufl\u00f6sung: 1024\u00d7600<\/li>\n<li>Videoaufnahmegr\u00f6\u00dfe: ca. 3,3 MB pro Minute<\/li>\n<li>Format der Videoaufnahme: H.264<\/li>\n<li>Ausl\u00f6ser: Kabelgebunden<\/li>\n<li>Stromversorgung: DC12-24V<\/li>\n<li>Temperatur bei Betrieb : -20\u00b0C bis +70\u00b0C<\/li>\n<li>Lagerungstemperatur: -30\u00b0C bis +85\u00b0C<\/li>\n<li>Zubeh\u00f6r: Netzkabel, 2,4GHz 5dB-Antenne, 3 m Antennenkabel, Bedienungsanleitung.<\/li>\n<\/ul>\n<p><strong>Technische Daten der drahtlosen Kamera<\/strong><\/p>\n<ul>\n<li>Optik: CMOS 1\/2,7 Zoll<\/li>\n<li>Blickwinkel: 110\u00b0.<\/li>\n<li>Aufl\u00f6sung: 1920 x 1080 Pixel<\/li>\n<li>Helligkeit: bis zu ca. 0.1Lux mit der Funktion<\/li>\n<li>Nachtsichtfunktion<\/li>\n<li>\u00dcbertragungsreichweite: ca. 200 auf offenem Gel\u00e4nde<\/li>\n<li>Bildanzeige: Normalansicht oder umgekehrte Ansicht (gespiegelt)<\/li>\n<li>System: PAL oder NTSC (automatisch)<\/li>\n<li>Schutzart: IP69K<\/li>\n<li>Mikrofon: integriert<\/li>\n<li>Bandbreite: 8MHz BER &gt;1E-3<\/li>\n<li>Signal-Rausch-Verh\u00e4ltnis: 46,5dB<\/li>\n<li>\u00dcbertragungsempfindlichkeit: -89dBm<\/li>\n<li>Sto\u00dffestigkeitsindex: 4G<\/li>\n<li>Stromversorgung: DC 12 oder 24V (optional)<\/li>\n<li>Maximaler Strom: &lt;250mA<\/li>\n<li>Nachtsicht: Automatische Umschaltung in den Schwarz-Wei\u00df-Nachtsichtmodus.<\/li>\n<li>Betriebstemperatur: -20\u00b0C &#8211; 70\u00b0C (maximale Luftfeuchtigkeit 85%)<\/li>\n<li>Lagerungstemperatur: -30\u00b0C &#8211; 85\u00b0C (maximale Luftfeuchtigkeit 85%)<\/li>\n<li>Geh\u00e4usematerial: schwarz lackierte Aluminiumlegierung<\/li>\n<\/ul>\n<p>Die Vorteile von WINDOOR :<br \/>\nProfitieren Sie von der Erfahrung des Unternehmens WINDOOR, das seit 1992 im Bereich der Sicherung von Gesch\u00e4ftsfahrzeugen t\u00e4tig ist.<br \/>\nProfitieren Sie von dem guten Ruf der Marke VIGI VIEW.<\/p>\n<p>Die WINDOOR-R\u00fcckfahrkamerasysteme bieten dem Lenker eines Fahrzeugs zus\u00e4tzliche Sicherheit beim R\u00fcckw\u00e4rtsfahren. Dank dem Kamerasystem wird der Fahrer auf schw\u00e4chere Verkehrsteilnehmer im Gef\u00e4hrdungsbereich neben dem Fahrzeug aufmerksam gemacht. Als Schweizer Marktf\u00fchrer f\u00fcr Sicht- und Sicherheitssysteme f\u00fcr Landwirtschaft-, Bau-, Kommunal, Spezial- und Nutzfahrzeuge bieten wir Fahrzeugherstellern und Ersatzteilh\u00e4ndlern Full-HD-R\u00fcckfahrkameras und kompetente Beratung.<\/p>\n","protected":false},"excerpt":{"rendered":"<p>Technische Daten des 7-Zoll-WiFi-Monitors Bildschirm: 7-Zoll-Farbbildschirm Bildschirmformat: 16:9 Aufl\u00f6sung: 1024xRGBx600 1 bis 4 drahtlose Videoeing\u00e4nge mit Aufnahmefunktion \u00dcbertragungsreichweite: ca. 200 auf offenem Gel\u00e4nde Stromverbrauch: 3W Mikrofon: integriert Speicherkarte (nicht im Lieferumfang enthalten): 16 bis 128 GB Videoaufnahmeaufl\u00f6sung: 1024\u00d7600 Videoaufnahmegr\u00f6\u00dfe: ca. 3,3 MB pro Minute Format der Videoaufnahme: H.264 Ausl\u00f6ser: Kabelgebunden Stromversorgung: DC12-24V Temperatur bei Betrieb [&hellip;]<\/p>\n","protected":false},"featured_media":1031,"template":"","meta":{"_et_pb_use_builder":"","_et_pb_old_content":"","_et_gb_content_width":""},"product_brand":[],"product_cat":[115],"product_tag":[],"class_list":{"0":"post-1120","1":"product","2":"type-product","3":"status-publish","4":"has-post-thumbnail","6":"product_cat-ruckfahrkameras","8":"first","9":"instock","10":"sale","11":"taxable","12":"shipping-taxable","13":"purchasable","14":"product-type-simple"},"_links":{"self":[{"href":"https:\/\/windoor-shop.com\/de\/wp-json\/wp\/v2\/product\/1120","targetHints":{"allow":["GET"]}}],"collection":[{"href":"https:\/\/windoor-shop.com\/de\/wp-json\/wp\/v2\/product"}],"about":[{"href":"https:\/\/windoor-shop.com\/de\/wp-json\/wp\/v2\/types\/product"}],"wp:featuredmedia":[{"embeddable":true,"href":"https:\/\/windoor-shop.com\/de\/wp-json\/wp\/v2\/media\/1031"}],"wp:attachment":[{"href":"https:\/\/windoor-shop.com\/de\/wp-json\/wp\/v2\/media?parent=1120"}],"wp:term":[{"taxonomy":"product_brand","embeddable":true,"href":"https:\/\/windoor-shop.com\/de\/wp-json\/wp\/v2\/product_brand?post=1120"},{"taxonomy":"product_cat","embeddable":true,"href":"https:\/\/windoor-shop.com\/de\/wp-json\/wp\/v2\/product_cat?post=1120"},{"taxonomy":"product_tag","embeddable":true,"href":"https:\/\/windoor-shop.com\/de\/wp-json\/wp\/v2\/product_tag?post=1120"}],"curies":[{"name":"wp","href":"https:\/\/api.w.org\/{rel}","templated":true}]}}