{"id":1143,"date":"2024-04-09T14:51:55","date_gmt":"2024-04-09T12:51:55","guid":{"rendered":"https:\/\/windoor-shop.com\/?post_type=product&#038;p=1143"},"modified":"2024-05-09T21:12:01","modified_gmt":"2024-05-09T19:12:01","slug":"universelle-rueckfahrkamera-c-cvc-cm","status":"publish","type":"product","link":"https:\/\/windoor-shop.com\/de\/produit\/universelle-rueckfahrkamera-c-cvc-cm\/","title":{"rendered":"Universelle R\u00fcckfahrkamera\u2022 C-CVC-CMOS"},"content":{"rendered":"<h4 class=\"no_margin\">Die C-CVC-CM Kamera ist eine universelle R\u00fcckfahrkamera, speziell geeignet f\u00fcr Bus, Wohnmobil oder Lieferwagen.<\/h4>\n<p class=\"no_margin\">Mit ihrer klassischen Bauform und dem beweglichen Linsengeh\u00e4use ist sie perfekt als Heckkamera ausgelegt. Das Metallgeh\u00e4use ist witterungsbest\u00e4ndig, absolut wasserdicht und sehr stabil gefertigt. Die 18 integrierten Infrarot Dioden, die sich automatisch bei D\u00e4mmerung einschalten, sorgen auch bei absoluter Dunkelheit f\u00fcr optimale Sicht<\/p>\n<ul>\n<li>Integriertes Mikrofon<\/li>\n<li>Infrarot-LEDs f\u00fcr optimale Nachtsicht &#8211; Mindestreichweite: 10m.<\/li>\n<li>12VDC-Stromversorgung direkt vom Monitor.<\/li>\n<li>Stromverbrauch: 300 mA<\/li>\n<li>Aufl\u00f6sung: 420 TV-Linien<\/li>\n<li>Lagerungstemperatur: -40\u00b0C bis + 80\u00b0C<\/li>\n<li>Betriebstemperatur: -20\u00b0C bis + 70\u00b0C<\/li>\n<li>Luftfeuchtigkeit: 95% max.<\/li>\n<li>Schutzart: IP 69K<\/li>\n<\/ul>\n<p>Die WINDOOR-R\u00fcckfahrkamerasysteme bieten dem Lenker eines Fahrzeugs zus\u00e4tzliche Sicherheit beim R\u00fcckw\u00e4rtsfahren. Dank dem Kamerasystem wird der Fahrer auf schw\u00e4chere Verkehrsteilnehmer im Gef\u00e4hrdungsbereich neben dem Fahrzeug aufmerksam gemacht. Als Schweizer Marktf\u00fchrer f\u00fcr Sicht- und Sicherheitssysteme f\u00fcr Landwirtschaft-, Bau-, Kommunal, Spezial- und Nutzfahrzeuge bieten wir Fahrzeugherstellern und Ersatzteilh\u00e4ndlern Full-HD-R\u00fcckfahrkameras und kompetente Beratung.<\/p>\n","protected":false},"excerpt":{"rendered":"<p>Die C-CVC-CM Kamera ist eine universelle R\u00fcckfahrkamera, speziell geeignet f\u00fcr Bus, Wohnmobil oder Lieferwagen. Mit ihrer klassischen Bauform und dem beweglichen Linsengeh\u00e4use ist sie perfekt als Heckkamera ausgelegt. Das Metallgeh\u00e4use ist witterungsbest\u00e4ndig, absolut wasserdicht und sehr stabil gefertigt. Die 18 integrierten Infrarot Dioden, die sich automatisch bei D\u00e4mmerung einschalten, sorgen auch bei absoluter Dunkelheit f\u00fcr [&hellip;]<\/p>\n","protected":false},"featured_media":995,"template":"","meta":{"_et_pb_use_builder":"","_et_pb_old_content":"","_et_gb_content_width":""},"product_brand":[],"product_cat":[115],"product_tag":[],"class_list":{"0":"post-1143","1":"product","2":"type-product","3":"status-publish","4":"has-post-thumbnail","6":"product_cat-ruckfahrkameras","8":"first","9":"instock","10":"taxable","11":"shipping-taxable","12":"purchasable","13":"product-type-simple"},"_links":{"self":[{"href":"https:\/\/windoor-shop.com\/de\/wp-json\/wp\/v2\/product\/1143","targetHints":{"allow":["GET"]}}],"collection":[{"href":"https:\/\/windoor-shop.com\/de\/wp-json\/wp\/v2\/product"}],"about":[{"href":"https:\/\/windoor-shop.com\/de\/wp-json\/wp\/v2\/types\/product"}],"wp:featuredmedia":[{"embeddable":true,"href":"https:\/\/windoor-shop.com\/de\/wp-json\/wp\/v2\/media\/995"}],"wp:attachment":[{"href":"https:\/\/windoor-shop.com\/de\/wp-json\/wp\/v2\/media?parent=1143"}],"wp:term":[{"taxonomy":"product_brand","embeddable":true,"href":"https:\/\/windoor-shop.com\/de\/wp-json\/wp\/v2\/product_brand?post=1143"},{"taxonomy":"product_cat","embeddable":true,"href":"https:\/\/windoor-shop.com\/de\/wp-json\/wp\/v2\/product_cat?post=1143"},{"taxonomy":"product_tag","embeddable":true,"href":"https:\/\/windoor-shop.com\/de\/wp-json\/wp\/v2\/product_tag?post=1143"}],"curies":[{"name":"wp","href":"https:\/\/api.w.org\/{rel}","templated":true}]}}