{"id":1147,"date":"2024-05-01T16:48:33","date_gmt":"2024-05-01T14:48:33","guid":{"rendered":"https:\/\/windoor-shop.com\/?post_type=product&#038;p=1147"},"modified":"2024-05-09T21:11:40","modified_gmt":"2024-05-09T19:11:40","slug":"hd-farbkamera-ip68-720p-110-nachtsicht-mit-20m-kabel-vv-c302","status":"publish","type":"product","link":"https:\/\/windoor-shop.com\/de\/produit\/hd-farbkamera-ip68-720p-110-nachtsicht-mit-20m-kabel-vv-c302\/","title":{"rendered":"HD-Farbkamera &#8211; IP68 &#8211; 720P 110\u00b0 Nachtsicht mit 20m Kabel \u2022 VV-C302"},"content":{"rendered":"<h4 class=\"no_margin\">Die VV-C302 HD Kamera ist eine universelle R\u00fcckfahrkamera, speziell geeignet f\u00fcr Bus, Wohnmobil oder Lieferwagen.<\/h4>\n<p class=\"no_margin\">Mit ihrer klassischen Bauform und dem beweglichen Linsengeh\u00e4use ist sie perfekt als Heckkamera ausgelegt. Das Metallgeh\u00e4use ist witterungsbest\u00e4ndig, absolut wasserdicht und sehr stabil gefertigt. Die 18 integrierten Infrarot Dioden, die sich automatisch bei D\u00e4mmerung einschalten, sorgen auch bei absoluter Dunkelheit f\u00fcr optimale Sicht.<\/p>\n<ul>\n<li>Optik: 1\/3-Zoll-CMOS<\/li>\n<li>Blickwinkel: 110\u00b0.<\/li>\n<li>Aufl\u00f6sung: 1280 x 720 (1M Pixel)<\/li>\n<li>Helligkeit: bis zu ca. 0.1Lux mit der Funktion<\/li>\n<li>Nachtsichtfunktion<\/li>\n<li>Bildanzeige: Normalansicht oder umgekehrte Ansicht (gespiegelt)<\/li>\n<li>System: PAL oder NTSC (optional)<\/li>\n<li>Schutzart: IP68<\/li>\n<li>Sto\u00dffestigkeitsindex: 4G<\/li>\n<li>Stromversorgung: DC 12 oder 24 V (optional)<\/li>\n<li>Maximaler Strom: &lt;250mA<\/li>\n<li>Nachtsicht: Automatische Umschaltung in den Schwarz-Wei\u00df-Nachtsichtmodus.<\/li>\n<li>Betriebstemperatur: -20\u00b0C bis 70\u00b0C<\/li>\n<li>Stromverbrauch: &lt;3W<\/li>\n<li>Anschlussart: 4PIN oder RCA (optional)<\/li>\n<li>Gewicht: 330g<\/li>\n<li>Zubeh\u00f6r: 20 m Kabel, Sechskantschrauben, Sechskantschl\u00fcssel, Sonnenblende, Standfu\u00df, Verbindungskabel (falls vorhanden), Benutzerhandbuch<\/li>\n<\/ul>\n<p>Die WINDOOR-R\u00fcckfahrkamerasysteme bieten dem Lenker eines Fahrzeugs zus\u00e4tzliche Sicherheit beim R\u00fcckw\u00e4rtsfahren. Dank dem Kamerasystem wird der Fahrer auf schw\u00e4chere Verkehrsteilnehmer im Gef\u00e4hrdungsbereich neben dem Fahrzeug aufmerksam gemacht. Als Schweizer Marktf\u00fchrer f\u00fcr Sicht- und Sicherheitssysteme f\u00fcr Landwirtschaft-, Bau-, Kommunal, Spezial- und Nutzfahrzeuge bieten wir Fahrzeugherstellern und Ersatzteilh\u00e4ndlern Full-HD-R\u00fcckfahrkameras und kompetente Beratung.<\/p>\n","protected":false},"excerpt":{"rendered":"<p>Die VV-C302 HD Kamera ist eine universelle R\u00fcckfahrkamera, speziell geeignet f\u00fcr Bus, Wohnmobil oder Lieferwagen. Mit ihrer klassischen Bauform und dem beweglichen Linsengeh\u00e4use ist sie perfekt als Heckkamera ausgelegt. Das Metallgeh\u00e4use ist witterungsbest\u00e4ndig, absolut wasserdicht und sehr stabil gefertigt. Die 18 integrierten Infrarot Dioden, die sich automatisch bei D\u00e4mmerung einschalten, sorgen auch bei absoluter Dunkelheit [&hellip;]<\/p>\n","protected":false},"featured_media":986,"template":"","meta":{"_et_pb_use_builder":"","_et_pb_old_content":"","_et_gb_content_width":""},"product_brand":[],"product_cat":[115],"product_tag":[],"class_list":{"0":"post-1147","1":"product","2":"type-product","3":"status-publish","4":"has-post-thumbnail","6":"product_cat-ruckfahrkameras","8":"first","9":"instock","10":"taxable","11":"shipping-taxable","12":"purchasable","13":"product-type-simple"},"_links":{"self":[{"href":"https:\/\/windoor-shop.com\/de\/wp-json\/wp\/v2\/product\/1147","targetHints":{"allow":["GET"]}}],"collection":[{"href":"https:\/\/windoor-shop.com\/de\/wp-json\/wp\/v2\/product"}],"about":[{"href":"https:\/\/windoor-shop.com\/de\/wp-json\/wp\/v2\/types\/product"}],"wp:featuredmedia":[{"embeddable":true,"href":"https:\/\/windoor-shop.com\/de\/wp-json\/wp\/v2\/media\/986"}],"wp:attachment":[{"href":"https:\/\/windoor-shop.com\/de\/wp-json\/wp\/v2\/media?parent=1147"}],"wp:term":[{"taxonomy":"product_brand","embeddable":true,"href":"https:\/\/windoor-shop.com\/de\/wp-json\/wp\/v2\/product_brand?post=1147"},{"taxonomy":"product_cat","embeddable":true,"href":"https:\/\/windoor-shop.com\/de\/wp-json\/wp\/v2\/product_cat?post=1147"},{"taxonomy":"product_tag","embeddable":true,"href":"https:\/\/windoor-shop.com\/de\/wp-json\/wp\/v2\/product_tag?post=1147"}],"curies":[{"name":"wp","href":"https:\/\/api.w.org\/{rel}","templated":true}]}}