{"id":1164,"date":"2023-08-23T11:07:45","date_gmt":"2023-08-23T09:07:45","guid":{"rendered":"https:\/\/windoor-shop.com\/?post_type=product&#038;p=1164"},"modified":"2024-05-09T21:12:20","modified_gmt":"2024-05-09T19:12:20","slug":"universal-150-rueckfahrkamera-kennzeichenhalter-eu-nummernschildkamera-c-cvc-cplaq","status":"publish","type":"product","link":"https:\/\/windoor-shop.com\/de\/produit\/universal-150-rueckfahrkamera-kennzeichenhalter-eu-nummernschildkamera-c-cvc-cplaq\/","title":{"rendered":"Kennzeichen-Kamera 150\u00b0 \u2022 C-CVC-CPLAQ"},"content":{"rendered":"<p>Diese unauff\u00e4llige Farbkamera ist speziell f\u00fcr die Anbringung an Nummernschildern von Fahrzeugen geeignet und wenn Sie eine perfekte Sicht auf die R\u00fcckseite des Fahrzeugs ben\u00f6tigen, z. B. um einen &#8222;toten Winkel&#8220; auszuf\u00fcllen oder eine Teilsicht zu erm\u00f6glichen. Sie eignet sich daher f\u00fcr alle Arten von Nutzfahrzeugen, Landmaschinen, SUVs, Wohnmobilen usw. Sie kann an alle Monitore in unserem Sortiment angeschlossen werden.<\/p>\n<ul>\n<li>Nachtsicht dank 4 Infrarot-LEDs (IR)<\/li>\n<li>IR-Entfernung: 8 m &#8211; TV-System: PAL.<\/li>\n<li>Stromverbrauch: 120 mA<\/li>\n<li>Stromversorgung: 12V\/DC<\/li>\n<li>Betriebstemperatur : -20\u00b0C~70\u00b0C TH 95% MAX \u00b0C<\/li>\n<li>Lagerungstemperatur: -40\u00b0C~85\u00b0C TH 95% MAX \u00b0C<\/li>\n<li>Linse: f=1,7 mm, F=2.5<\/li>\n<li>Betrachtungswinkel: 150\u00b0<\/li>\n<li>IP 69K &#8211; Effektive Pixel: 512 x 582 Pixel<\/li>\n<li>Empfindlichkeitsbereich: 3,6 mm x 2,7 mm<\/li>\n<li>Aufl\u00f6sung: 420 TV-Linien.<\/li>\n<li>Horizontale Synchrofrequenz : 15.625KHz<\/li>\n<li>Vertikale Synchrofrequenz: 50Hz.<\/li>\n<li>Mindestbeleuchtung: 0.1 Lux (Tag), 0 Lux (mit IR).<\/li>\n<li>Mikrofon: nein<\/li>\n<li>Videoausgang: 1.0Vp-p, 75 Ohm<\/li>\n<li>Signal-Rausch-Abstand: \u00fcber 48 dB<\/li>\n<li>Wei\u00dfabgleich: automatisch<\/li>\n<li>Elektronischer Verschluss: automatisch :1\/50 (PAL)~1\/100000 Sek.<\/li>\n<\/ul>\n<p>Die WINDOOR-R\u00fcckfahrkamerasysteme bieten dem Lenker eines Fahrzeugs zus\u00e4tzliche Sicherheit beim R\u00fcckw\u00e4rtsfahren. Dank dem Kamerasystem wird der Fahrer auf schw\u00e4chere Verkehrsteilnehmer im Gef\u00e4hrdungsbereich neben dem Fahrzeug aufmerksam gemacht. Als Schweizer Marktf\u00fchrer f\u00fcr Sicht- und Sicherheitssysteme f\u00fcr Landwirtschaft-, Bau-, Kommunal, Spezial- und Nutzfahrzeuge bieten wir Fahrzeugherstellern und Ersatzteilh\u00e4ndlern Full-HD-R\u00fcckfahrkameras und kompetente Beratung.<\/p>\n","protected":false},"excerpt":{"rendered":"<p>Diese unauff\u00e4llige Farbkamera ist speziell f\u00fcr die Anbringung an Nummernschildern von Fahrzeugen geeignet und wenn Sie eine perfekte Sicht auf die R\u00fcckseite des Fahrzeugs ben\u00f6tigen, z. B. um einen &#8222;toten Winkel&#8220; auszuf\u00fcllen oder eine Teilsicht zu erm\u00f6glichen. Sie eignet sich daher f\u00fcr alle Arten von Nutzfahrzeugen, Landmaschinen, SUVs, Wohnmobilen usw. Sie kann an alle Monitore [&hellip;]<\/p>\n","protected":false},"featured_media":1434,"template":"","meta":{"_et_pb_use_builder":"","_et_pb_old_content":"","_et_gb_content_width":""},"product_brand":[],"product_cat":[115],"product_tag":[],"class_list":{"0":"post-1164","1":"product","2":"type-product","3":"status-publish","4":"has-post-thumbnail","6":"product_cat-ruckfahrkameras","8":"first","9":"instock","10":"taxable","11":"shipping-taxable","12":"purchasable","13":"product-type-simple"},"_links":{"self":[{"href":"https:\/\/windoor-shop.com\/de\/wp-json\/wp\/v2\/product\/1164","targetHints":{"allow":["GET"]}}],"collection":[{"href":"https:\/\/windoor-shop.com\/de\/wp-json\/wp\/v2\/product"}],"about":[{"href":"https:\/\/windoor-shop.com\/de\/wp-json\/wp\/v2\/types\/product"}],"wp:featuredmedia":[{"embeddable":true,"href":"https:\/\/windoor-shop.com\/de\/wp-json\/wp\/v2\/media\/1434"}],"wp:attachment":[{"href":"https:\/\/windoor-shop.com\/de\/wp-json\/wp\/v2\/media?parent=1164"}],"wp:term":[{"taxonomy":"product_brand","embeddable":true,"href":"https:\/\/windoor-shop.com\/de\/wp-json\/wp\/v2\/product_brand?post=1164"},{"taxonomy":"product_cat","embeddable":true,"href":"https:\/\/windoor-shop.com\/de\/wp-json\/wp\/v2\/product_cat?post=1164"},{"taxonomy":"product_tag","embeddable":true,"href":"https:\/\/windoor-shop.com\/de\/wp-json\/wp\/v2\/product_tag?post=1164"}],"curies":[{"name":"wp","href":"https:\/\/api.w.org\/{rel}","templated":true}]}}