{"id":1197,"date":"2024-06-20T10:33:59","date_gmt":"2024-06-20T08:33:59","guid":{"rendered":"https:\/\/windoor-shop.com\/?post_type=product&#038;p=1197"},"modified":"2025-04-16T15:49:00","modified_gmt":"2025-04-16T13:49:00","slug":"moniteur-couleur-5-pouces-a-4-entrees-video-4points-c-cvm-c51","status":"publish","type":"product","link":"https:\/\/windoor-shop.com\/de\/produit\/moniteur-couleur-5-pouces-a-4-entrees-video-4points-c-cvm-c51\/","title":{"rendered":"Moniteur couleur 5 pouces \u00e0 4 entr\u00e9es vid\u00e9o (3x4points+1&#215;5 points) \u2022 C-CVM-C51"},"content":{"rendered":"<p><strong>Moniteur : \u00e9cran TFT LCD 5,6&#8243; R\u00e9f. CVM-C51 \u00e0 4 ENTR\u00c9ES<\/strong><\/p>\n<p>&#8211; Haut parleur int\u00e9gr\u00e9<br \/>\n&#8211; Sortie : 1 W<br \/>\n&#8211; Alimentation : 1 0 \u00e0 32 V\/DC<br \/>\n&#8211; R\u00e9solution de l\u2019image : 960 (H) x 234 (V) lignes TV<br \/>\n&#8211; R\u00e9sistance aux vibrations : 1 0G<br \/>\n&#8211; Contraste : 300:1<br \/>\n&#8211; Luminosite\u0301 : 350 cd\/m2<br \/>\n&#8211; Temp\u00e9rature de stockage : -30\u00b0C \u00e0 + 80\u00b0C<br \/>\n&#8211; Temp\u00e9rature de fonctionnement : -20\u00b0C \u00e0 + 70\u00b0C<br \/>\n&#8211; Taux d\u2019humidit\u00e9 : 90% max<br \/>\n&#8211; R\u00e9tro-\u00e9clairage automatique des touches de l\u2018\u00e9cran<br \/>\n&#8211; Syst\u00e8mes vid\u00e9os : PAL\/NTSC<\/p>\n<p>&nbsp;<\/p>\n<p>&nbsp;<\/p>\n","protected":false},"excerpt":{"rendered":"<p>Moniteur : \u00e9cran TFT LCD 5,6&#8243; R\u00e9f. CVM-C51 \u00e0 4 ENTR\u00c9ES &#8211; Haut parleur int\u00e9gr\u00e9 &#8211; Sortie : 1 W &#8211; Alimentation : 1 0 \u00e0 32 V\/DC &#8211; R\u00e9solution de l\u2019image : 960 (H) x 234 (V) lignes TV &#8211; R\u00e9sistance aux vibrations : 1 0G &#8211; Contraste : 300:1 &#8211; Luminosite\u0301 : 350 [&hellip;]<\/p>\n","protected":false},"featured_media":1329,"template":"","meta":{"_et_pb_use_builder":"","_et_pb_old_content":"","_et_gb_content_width":""},"product_brand":[],"product_cat":[111],"product_tag":[],"class_list":{"0":"post-1197","1":"product","2":"type-product","3":"status-publish","4":"has-post-thumbnail","6":"product_cat-moniteurs","8":"first","9":"instock","10":"sale","11":"taxable","12":"shipping-taxable","13":"purchasable","14":"product-type-simple"},"_links":{"self":[{"href":"https:\/\/windoor-shop.com\/de\/wp-json\/wp\/v2\/product\/1197","targetHints":{"allow":["GET"]}}],"collection":[{"href":"https:\/\/windoor-shop.com\/de\/wp-json\/wp\/v2\/product"}],"about":[{"href":"https:\/\/windoor-shop.com\/de\/wp-json\/wp\/v2\/types\/product"}],"wp:featuredmedia":[{"embeddable":true,"href":"https:\/\/windoor-shop.com\/de\/wp-json\/wp\/v2\/media\/1329"}],"wp:attachment":[{"href":"https:\/\/windoor-shop.com\/de\/wp-json\/wp\/v2\/media?parent=1197"}],"wp:term":[{"taxonomy":"product_brand","embeddable":true,"href":"https:\/\/windoor-shop.com\/de\/wp-json\/wp\/v2\/product_brand?post=1197"},{"taxonomy":"product_cat","embeddable":true,"href":"https:\/\/windoor-shop.com\/de\/wp-json\/wp\/v2\/product_cat?post=1197"},{"taxonomy":"product_tag","embeddable":true,"href":"https:\/\/windoor-shop.com\/de\/wp-json\/wp\/v2\/product_tag?post=1197"}],"curies":[{"name":"wp","href":"https:\/\/api.w.org\/{rel}","templated":true}]}}