{"id":1225,"date":"2024-06-26T15:29:28","date_gmt":"2024-06-26T13:29:28","guid":{"rendered":"https:\/\/windoor-shop.com\/?post_type=product&#038;p=1225"},"modified":"2025-06-18T15:55:47","modified_gmt":"2025-06-18T13:55:47","slug":"kit-de-telecommande-a-2-emetteurs-pour-verrous-care-lock-light","status":"publish","type":"product","link":"https:\/\/windoor-shop.com\/de\/produit\/kit-de-telecommande-a-2-emetteurs-pour-verrous-care-lock-light\/","title":{"rendered":"Kit de t\u00e9l\u00e9commande \u00e0 2 \u00e9metteurs pour verrous CARE-LOCK-Light &#8211; V-CL-L-TLC3-2PLIP-2B"},"content":{"rendered":"<p>Permet de commander le verrouillage\/de\u0301verrouillage des verrous Care-Lock Light.<\/p>\n<p><strong>Fonctionnement :<\/strong><br \/>\nLes relais de sorties commutent en 0,5 seconde, soit par \u00e9metteur sans-fil, soit par<br \/>\ncommande impulsionnelle filaire:<\/p>\n<p><strong>R\u00e9cepteur :<\/strong><br \/>\n&#8211; Alimentation : 12-24 V\/DC<br \/>\n&#8211; Connecteur : 8 points<br \/>\n&#8211; Sorties par relais : 2 (12A \/ 24V)<br \/>\n&#8211; Sorties par masse : 1 (MOS 1 A \/ 24V)<br \/>\n&#8211; Nombre d\u2019entr\u00e9es filaires : 2<br \/>\n&#8211; Consommation en veille : 4,5 mA<br \/>\n&#8211; Fr\u00e9quence Radio : 868,5 Mhz<br \/>\n&#8211; Modulation : FSK<br \/>\n&#8211; Sensibilit\u00e9 : -1 03 dBm<br \/>\n&#8211; Temp\u00e9rature : -20 \u00e0 +70\u00b0C<br \/>\n&#8211; Dimensions hors tout : 67x75x30 mm<br \/>\n&#8211; Poids : 70 g<\/p>\n<p><strong>\u00c9metteur (x2) :<\/strong><br \/>\n&#8211; Alimentation : 1 pile lithium 3,3 V CR2032<br \/>\n&#8211; Canal 1 : fonction 1<br \/>\n&#8211; Canal 2 : fonction 2<br \/>\n&#8211; Fr\u00e9quence Radio : 868,5 Mhz<br \/>\n&#8211; Modulation : FSK<br \/>\n&#8211; Puissance rayonn\u00e9e : &lt;10 dBm<br \/>\n&#8211; Port\u00e9e en champ libre : 100m<br \/>\n&#8211; Temp\u00e9rature : -20 \u00e0 +70\u00b0C<br \/>\n&#8211; Dimensions hors tout : 35x40x12 mm<br \/>\n&#8211; Poids : 16 g<br \/>\n&#8211; Type : porte-cl\u00e9s<\/p>\n","protected":false},"excerpt":{"rendered":"<p>Permet de commander le verrouillage\/de\u0301verrouillage des verrous Care-Lock Light. Fonctionnement : Les relais de sorties commutent en 0,5 seconde, soit par \u00e9metteur sans-fil, soit par commande impulsionnelle filaire: R\u00e9cepteur : &#8211; Alimentation : 12-24 V\/DC &#8211; Connecteur : 8 points &#8211; Sorties par relais : 2 (12A \/ 24V) &#8211; Sorties par masse : 1 [&hellip;]<\/p>\n","protected":false},"featured_media":1478,"template":"","meta":{"_et_pb_use_builder":"","_et_pb_old_content":"","_et_gb_content_width":""},"product_brand":[],"product_cat":[118,21],"product_tag":[],"class_list":{"0":"post-1225","1":"product","2":"type-product","3":"status-publish","4":"has-post-thumbnail","6":"product_cat-accessoires-antivols","7":"product_cat-antivols","9":"first","10":"instock","11":"taxable","12":"shipping-taxable","13":"purchasable","14":"product-type-simple"},"_links":{"self":[{"href":"https:\/\/windoor-shop.com\/de\/wp-json\/wp\/v2\/product\/1225","targetHints":{"allow":["GET"]}}],"collection":[{"href":"https:\/\/windoor-shop.com\/de\/wp-json\/wp\/v2\/product"}],"about":[{"href":"https:\/\/windoor-shop.com\/de\/wp-json\/wp\/v2\/types\/product"}],"wp:featuredmedia":[{"embeddable":true,"href":"https:\/\/windoor-shop.com\/de\/wp-json\/wp\/v2\/media\/1478"}],"wp:attachment":[{"href":"https:\/\/windoor-shop.com\/de\/wp-json\/wp\/v2\/media?parent=1225"}],"wp:term":[{"taxonomy":"product_brand","embeddable":true,"href":"https:\/\/windoor-shop.com\/de\/wp-json\/wp\/v2\/product_brand?post=1225"},{"taxonomy":"product_cat","embeddable":true,"href":"https:\/\/windoor-shop.com\/de\/wp-json\/wp\/v2\/product_cat?post=1225"},{"taxonomy":"product_tag","embeddable":true,"href":"https:\/\/windoor-shop.com\/de\/wp-json\/wp\/v2\/product_tag?post=1225"}],"curies":[{"name":"wp","href":"https:\/\/api.w.org\/{rel}","templated":true}]}}