{"id":1263,"date":"2024-10-18T10:59:23","date_gmt":"2024-10-18T08:59:23","guid":{"rendered":"https:\/\/windoor-shop.com\/?post_type=product&#038;p=1263"},"modified":"2025-04-14T16:32:43","modified_gmt":"2025-04-14T14:32:43","slug":"lkw-rueckspiegelset-mit-2-innenspiegeln-in-123-zoll-hd-und-2-hd-doppelkameras-cv-k-12hd-t5","status":"publish","type":"product","link":"https:\/\/windoor-shop.com\/de\/produit\/lkw-rueckspiegelset-mit-2-innenspiegeln-in-123-zoll-hd-und-2-hd-doppelkameras-cv-k-12hd-t5\/","title":{"rendered":"LKW-R\u00fcckspiegelset mit 2 Innenspiegeln in 12,3 Zoll HD und 2 HD-Doppelkameras &#8211; CV-K-12HD-T5"},"content":{"rendered":"<p><strong>Technische Hauptmerkmale des Monitors<br \/>\n<\/strong><br \/>\nStromversorgung: 10V~32V<br \/>\nBildschirm: 12,3-Zoll-HD-Panel 1920 x 3(RGB) x 720 mit Superkondensator f\u00fcr maximalen Schutz der Elektronik vor Kurzschl\u00fcssen<br \/>\nAutomatische Helligkeitsanpassung<br \/>\nEing\u00e4nge: 2 Kameraeing\u00e4nge 1080P<br \/>\nBildanzeige und Aufnahmestart nur 3 Sekunden nach dem Einschalten<br \/>\nVerwaltung der Aufnahme und Wiedergabe auf dem Monitor<br \/>\nSpeicher: auf Micro SD-Karte (max. 512GB). )<br \/>\nGPS-Eingang<br \/>\nAux-Eingang (ACC) mit Aufnahmem\u00f6glichkeit -Helligkeit: 1000 cd\/m2<br \/>\nKontrast: 1000:1<br \/>\nSto\u00dfschutzniveau: ISO 16750-3 (2,13G) -Betriebstemperatur : -20~+70\u00b0C<br \/>\nLagerungstemperatur: -30~+80\u00b0C<\/p>\n<p><strong>Technische Hauptmerkmale der Dual-Kamera<\/strong><\/p>\n<p>Obere Kamera<\/p>\n<ul>\n<li>Optik: 1\/2.8&#8243; CMOS<\/li>\n<li>Linse: f = 6.0 mm<\/li>\n<li>Blickwinkel: 20\u00b0(H) 35\u00b0(V)<\/li>\n<li>Bildfrequenz: 30 fps<\/li>\n<li>Elektronischer Verschluss: 1\/30(1\/25)~1\/50.000 Sek.<\/li>\n<li>Anzahl der Pixel: 1920 (H) x 1080 (V)<\/li>\n<li>Aufl\u00f6sung: 1080P<\/li>\n<li>Mindesthelligkeit: 0.1 Lux<\/li>\n<li>Videoausgang: 1.0Vp-p, 75Ohm<\/li>\n<li>Wei\u00dfabgleich: automatisch<\/li>\n<li>Stromversorgung: DC 12~32 V<\/li>\n<li>Anschluss: 4 PIN<\/li>\n<li>Betriebstemperatur: -40\u00b0C ~ 105\u00b0C<\/li>\n<li>Lagerungstemperatur: -50\u00b0C ~ 110\u00b0C<\/li>\n<\/ul>\n<p>Untere Kamera<\/p>\n<ul>\n<li>Optisch: 1\/2. 8&#8243; CMOS<\/li>\n<li>Linse: f = 2,3 mm<\/li>\n<li>Blickwinkel: 71\u00b0(H) 63\u00b0(V)<\/li>\n<li>Bildfrequenz: 30 fps<\/li>\n<li>Elektronischer Verschluss: 1\/30(1\/25)~1\/50,000 Sek.<\/li>\n<li>Anzahl der Pixel: 1920 (H) x 1080 (V)<\/li>\n<li>Aufl\u00f6sung: 1080P<\/li>\n<li>Mindesthelligkeit: 0.1 Lux<\/li>\n<li>Videoausgang: 1.0Vp-p, 75Ohm<\/li>\n<li>Wei\u00dfabgleich: automatisch<\/li>\n<li>Stromversorgung: DC 12~32 V<\/li>\n<li>Anschluss: 4 PIN<\/li>\n<li>Betriebstemperatur: -40\u00b0C ~ 105\u00b0C<\/li>\n<li>Lagerungstemperatur: -50\u00b0C ~ 110\u00b0C<\/li>\n<li>Fernbedienung<\/li>\n<li>Monitor-R\u00fcckspiegel-Befestigungshalterung<\/li>\n<\/ul>\n","protected":false},"excerpt":{"rendered":"<p>Technische Hauptmerkmale des Monitors Stromversorgung: 10V~32V Bildschirm: 12,3-Zoll-HD-Panel 1920 x 3(RGB) x 720 mit Superkondensator f\u00fcr maximalen Schutz der Elektronik vor Kurzschl\u00fcssen Automatische Helligkeitsanpassung Eing\u00e4nge: 2 Kameraeing\u00e4nge 1080P Bildanzeige und Aufnahmestart nur 3 Sekunden nach dem Einschalten Verwaltung der Aufnahme und Wiedergabe auf dem Monitor Speicher: auf Micro SD-Karte (max. 512GB). ) GPS-Eingang Aux-Eingang (ACC) [&hellip;]<\/p>\n","protected":false},"featured_media":1266,"template":"","meta":{"_et_pb_use_builder":"","_et_pb_old_content":"","_et_gb_content_width":""},"product_brand":[],"product_cat":[115],"product_tag":[],"class_list":{"0":"post-1263","1":"product","2":"type-product","3":"status-publish","4":"has-post-thumbnail","6":"product_cat-ruckfahrkameras","8":"first","9":"instock","10":"taxable","11":"shipping-taxable","12":"purchasable","13":"product-type-simple"},"_links":{"self":[{"href":"https:\/\/windoor-shop.com\/de\/wp-json\/wp\/v2\/product\/1263","targetHints":{"allow":["GET"]}}],"collection":[{"href":"https:\/\/windoor-shop.com\/de\/wp-json\/wp\/v2\/product"}],"about":[{"href":"https:\/\/windoor-shop.com\/de\/wp-json\/wp\/v2\/types\/product"}],"wp:featuredmedia":[{"embeddable":true,"href":"https:\/\/windoor-shop.com\/de\/wp-json\/wp\/v2\/media\/1266"}],"wp:attachment":[{"href":"https:\/\/windoor-shop.com\/de\/wp-json\/wp\/v2\/media?parent=1263"}],"wp:term":[{"taxonomy":"product_brand","embeddable":true,"href":"https:\/\/windoor-shop.com\/de\/wp-json\/wp\/v2\/product_brand?post=1263"},{"taxonomy":"product_cat","embeddable":true,"href":"https:\/\/windoor-shop.com\/de\/wp-json\/wp\/v2\/product_cat?post=1263"},{"taxonomy":"product_tag","embeddable":true,"href":"https:\/\/windoor-shop.com\/de\/wp-json\/wp\/v2\/product_tag?post=1263"}],"curies":[{"name":"wp","href":"https:\/\/api.w.org\/{rel}","templated":true}]}}