{"id":1271,"date":"2024-10-18T12:01:25","date_gmt":"2024-10-18T10:01:25","guid":{"rendered":"https:\/\/windoor-shop.com\/?post_type=product&#038;p=1271"},"modified":"2025-04-16T08:32:33","modified_gmt":"2025-04-16T06:32:33","slug":"dvr-recorder-typ-black-box-multi-connected-gps-wifi","status":"publish","type":"product","link":"https:\/\/windoor-shop.com\/de\/produit\/dvr-recorder-typ-black-box-multi-connected-gps-wifi\/","title":{"rendered":"DVR-Recorder Typ \u201eBlack Box\u201c Multi-Connected GPS \/ WiFi"},"content":{"rendered":"<p><strong>Wichtigste technische Daten<\/strong><\/p>\n<ul>\n<li>Eingangsstrom: 8-32V DC<\/li>\n<li>Ausgangsstrom: 12V<\/li>\n<li>Videoeingang: 75\u03a9<\/li>\n<li>Stromverbrauch: 3mA im Standby, 30W max @12V 2.5A @24V 1.25A<\/li>\n<li>Prozessor: Hi3520DV300<\/li>\n<li>Betriebssystem: Linux OS<\/li>\n<li>Men\u00fcsprache: Franz\u00f6sisch \/ Englisch<\/li>\n<li>Videostandard: PAL\/NTSC<\/li>\n<li>Bildanzeige: ein oder vier Bilder (Quad)<\/li>\n<li>Synchronisierte Audio- &amp; Videoaufnahme<\/li>\n<li>Videokomprimierung : H.264<\/li>\n<li>Bildaufl\u00f6sung: 1080P\/1080N\/720P\/960H\/D1\/CIF<\/li>\n<li>Audiokomprimierung: G.276<\/li>\n<li>Betriebstemperatur : -30\u00b0C~70\u00b0C<\/li>\n<li>Abmessungen: 148mmx188mmx60mm<\/li>\n<\/ul>\n<p><strong>Schnittstellen:<\/strong><\/p>\n<ul>\n<li>4 Aux-Eing\u00e4nge<\/li>\n<li>1 VGA-Ausgang<\/li>\n<li>1 Fliegerausgang<\/li>\n<li>Alarmeing\u00e4nge: 4 Eing\u00e4nge<\/li>\n<li>HDD\/SDD: bis zu 2T<\/li>\n<li>SD-Karte: 2 SDXC high speed (bis zu 256GO) -USB 2. 0<\/li>\n<li>LED-Anzeigen: Power \/ Run<\/li>\n<li>GPS\/BD-Antenne<\/li>\n<li>3G\/4G-Antenne: unterst\u00fctzt CDMA\/EVDO\/GPRS\/WCDMA\/FDD LTE\/TDD LTD<\/li>\n<li>WiFi: 802.11b\/g\/n, 2,4GHz<\/li>\n<li>2 Eing\u00e4nge f\u00fcr SD-Karten bis zu 128G<\/li>\n<\/ul>\n","protected":false},"excerpt":{"rendered":"<p>Ein Bildaufzeichnungsger\u00e4t, das speziell f\u00fcr den Einsatz in Fahrzeugen entwickelt wurde. Passt sich an alle Retrovision-L\u00f6sungen an. Ultra-vernetztes System. Kompakte Gr\u00f6\u00dfe.<\/p>\n","protected":false},"featured_media":1277,"template":"","meta":{"_et_pb_use_builder":"","_et_pb_old_content":"","_et_gb_content_width":""},"product_brand":[],"product_cat":[],"product_tag":[],"class_list":{"0":"post-1271","1":"product","2":"type-product","3":"status-publish","4":"has-post-thumbnail","7":"first","8":"outofstock","9":"taxable","10":"shipping-taxable","11":"product-type-simple"},"_links":{"self":[{"href":"https:\/\/windoor-shop.com\/de\/wp-json\/wp\/v2\/product\/1271","targetHints":{"allow":["GET"]}}],"collection":[{"href":"https:\/\/windoor-shop.com\/de\/wp-json\/wp\/v2\/product"}],"about":[{"href":"https:\/\/windoor-shop.com\/de\/wp-json\/wp\/v2\/types\/product"}],"wp:featuredmedia":[{"embeddable":true,"href":"https:\/\/windoor-shop.com\/de\/wp-json\/wp\/v2\/media\/1277"}],"wp:attachment":[{"href":"https:\/\/windoor-shop.com\/de\/wp-json\/wp\/v2\/media?parent=1271"}],"wp:term":[{"taxonomy":"product_brand","embeddable":true,"href":"https:\/\/windoor-shop.com\/de\/wp-json\/wp\/v2\/product_brand?post=1271"},{"taxonomy":"product_cat","embeddable":true,"href":"https:\/\/windoor-shop.com\/de\/wp-json\/wp\/v2\/product_cat?post=1271"},{"taxonomy":"product_tag","embeddable":true,"href":"https:\/\/windoor-shop.com\/de\/wp-json\/wp\/v2\/product_tag?post=1271"}],"curies":[{"name":"wp","href":"https:\/\/api.w.org\/{rel}","templated":true}]}}