{"id":1282,"date":"2024-10-19T09:46:19","date_gmt":"2024-10-19T07:46:19","guid":{"rendered":"https:\/\/windoor-shop.com\/?post_type=product&#038;p=1282"},"modified":"2025-04-16T08:28:04","modified_gmt":"2025-04-16T06:28:04","slug":"ruckfahrkamera-ir-waermebildkamera-mit-ai-funktion","status":"publish","type":"product","link":"https:\/\/windoor-shop.com\/de\/produit\/ruckfahrkamera-ir-waermebildkamera-mit-ai-funktion\/","title":{"rendered":"IR-W\u00e4rmebildkamera mit AI-Funktion"},"content":{"rendered":"<p>Diese R\u00fcck- oder Vordersichtkamera eignet sich besonders f\u00fcr Arbeit und Eins\u00e4tze bei Nacht. Ihre Dual-Spektrum-Infrarot-W\u00e4rmebildoptik erm\u00f6glicht eine un\u00fcbertroffene Sicht im Vergleich zu Kameras mit Infrarot-LEDs.<\/p>\n<ul>\n<li>Geh\u00e4usematerial: Aluminiumlegierung<\/li>\n<li>Gewicht: 300g<\/li>\n<li>Netzteil: DC12V\u00b110%<\/li>\n<li>Spannung: \u2264300mA@12V<\/li>\n<li>Verbrauch: \u22643. 5W@12V<\/li>\n<li>Anschluss: Aviator 4 PIN<\/li>\n<li>Kabell\u00e4nge: 5M (Standard)<\/li>\n<li>Blickwinkel: Horizontal 39\u00b0x Vertikal 30\u00b0 oder Horizontal 29\u00b0x Vertikal 20\u00b0<\/li>\n<li>Reichweite der Nachtsicht : 200 bis 300 Meter (je nach H\u00f6he und Winkel der Kamerainstallation)<\/li>\n<li>Reichweite der AI-Erkennung: 100 bis 150 Meter (je nach H\u00f6he und Winkel der Kamerainstallation)<\/li>\n<li>Optikart: Schwarz\/Wei\u00df-W\u00e4rmebild<\/li>\n<li>Spektralbereich: 8 ~ 14\u03bcm<\/li>\n<li>Videoformat: AHD<\/li>\n<li>Aufl\u00f6sung: 720P@25FPS oder 1080P@25FPS<\/li>\n<li>Abdichtungsindex der Anschl\u00fcsse: IP68<\/li>\n<li>Abdichtungsindex der Kamera: IP69K<\/li>\n<li>Betriebstemperatur: -30\u00b0C bis 70\u00b0C<\/li>\n<li>Lagertemperatur: -30\u00b0C bis 80\u00b0C<\/li>\n<li>Maximale Luftfeuchtigkeit: 20%~80%<\/li>\n<li>Ma\u00dfe: 49.61mm*74.67mm*72.45mm<\/li>\n<li>Gewicht: Ca. 200g<\/li>\n<\/ul>\n<p>&nbsp;<\/p>\n","protected":false},"excerpt":{"rendered":"<p>Diese R\u00fcck- oder Vordersichtkamera eignet sich besonders f\u00fcr Arbeit und Eins\u00e4tze bei Nacht. Ihre Dual-Spektrum-Infrarot-W\u00e4rmebildoptik erm\u00f6glicht eine un\u00fcbertroffene Sicht im Vergleich zu Kameras mit Infrarot-LEDs. Geh\u00e4usematerial: Aluminiumlegierung Gewicht: 300g Netzteil: DC12V\u00b110% Spannung: \u2264300mA@12V Verbrauch: \u22643. 5W@12V Anschluss: Aviator 4 PIN Kabell\u00e4nge: 5M (Standard) Blickwinkel: Horizontal 39\u00b0x Vertikal 30\u00b0 oder Horizontal 29\u00b0x Vertikal 20\u00b0 Reichweite der [&hellip;]<\/p>\n","protected":false},"featured_media":1285,"template":"","meta":{"_et_pb_use_builder":"","_et_pb_old_content":"","_et_gb_content_width":""},"product_brand":[],"product_cat":[115],"product_tag":[],"class_list":{"0":"post-1282","1":"product","2":"type-product","3":"status-publish","4":"has-post-thumbnail","6":"product_cat-ruckfahrkameras","8":"first","9":"onbackorder","10":"taxable","11":"shipping-taxable","12":"product-type-simple"},"_links":{"self":[{"href":"https:\/\/windoor-shop.com\/de\/wp-json\/wp\/v2\/product\/1282","targetHints":{"allow":["GET"]}}],"collection":[{"href":"https:\/\/windoor-shop.com\/de\/wp-json\/wp\/v2\/product"}],"about":[{"href":"https:\/\/windoor-shop.com\/de\/wp-json\/wp\/v2\/types\/product"}],"wp:featuredmedia":[{"embeddable":true,"href":"https:\/\/windoor-shop.com\/de\/wp-json\/wp\/v2\/media\/1285"}],"wp:attachment":[{"href":"https:\/\/windoor-shop.com\/de\/wp-json\/wp\/v2\/media?parent=1282"}],"wp:term":[{"taxonomy":"product_brand","embeddable":true,"href":"https:\/\/windoor-shop.com\/de\/wp-json\/wp\/v2\/product_brand?post=1282"},{"taxonomy":"product_cat","embeddable":true,"href":"https:\/\/windoor-shop.com\/de\/wp-json\/wp\/v2\/product_cat?post=1282"},{"taxonomy":"product_tag","embeddable":true,"href":"https:\/\/windoor-shop.com\/de\/wp-json\/wp\/v2\/product_tag?post=1282"}],"curies":[{"name":"wp","href":"https:\/\/api.w.org\/{rel}","templated":true}]}}