{"id":1296,"date":"2024-10-19T16:56:36","date_gmt":"2024-10-19T14:56:36","guid":{"rendered":"https:\/\/windoor-shop.com\/?post_type=product&#038;p=1296"},"modified":"2025-04-14T16:45:23","modified_gmt":"2025-04-14T14:45:23","slug":"8-oder-12-zoll-rueckspiegel-display-kit-mit-a-i-kuenstliche-intelligenz-dashcams","status":"publish","type":"product","link":"https:\/\/windoor-shop.com\/de\/produit\/8-oder-12-zoll-rueckspiegel-display-kit-mit-a-i-kuenstliche-intelligenz-dashcams\/","title":{"rendered":"8- oder 12-Zoll-R\u00fcckspiegel-Display-Kit mit A.I. &#038; Dashcams"},"content":{"rendered":"<p><strong>Wichtigste technische Daten des Spiegels (in 8 Zoll)<\/strong><\/p>\n<ul>\n<li>Hauptchip: Eeasy Tec SA226, RAM 512M<\/li>\n<li>Bildschirm: 8.8 Zoll LCD, 1920*480, Oben\/Unten\/Links\/Rechts mehr als 170\u00b0<\/li>\n<li>Helligkeit : \u2265800nit<\/li>\n<li>Kapazitiver Touchscreen<\/li>\n<li>Stromversorgung: 9~36V, aus dem Netzteilkasten<\/li>\n<li>Max. : \u22641.0A<\/li>\n<li>Standby-Strom: \u22645mA<\/li>\n<li>Maximaler Stromverbrauch: \u226410W<\/li>\n<li>Doppelmodul GPS &amp; Beidou<\/li>\n<li>1 Lautsprecher 4\u03a9 2W<\/li>\n<li>1 Mikrofon<\/li>\n<li>1 Einschalttaste<\/li>\n<li>Einschub f\u00fcr Micro SD-Karte, Max. 256 GB, U1\/C10<\/li>\n<li>Material des R\u00fcckspiegelgeh\u00e4uses: PC+ABKunststoffspritzguss, blendfrei UL94<\/li>\n<li>Drehmoment zum Einstellen des Spiegels: 1,2~1,7(N-m)<\/li>\n<li>Reflektivit\u00e4t des Spiegels: 41%~45%<\/li>\n<li>Halterung: auf Originalhalterung oder Standfu\u00df<\/li>\n<li>\u00dcberspannungs- und \u00dcberstromschutz<\/li>\n<li>Betriebstemperatur : -30\u00b0C~+70\u00b0C<\/li>\n<li>Lagertemperatur: -40\u00b0C~+85\u00b0C<\/li>\n<li>Max. Luftfeuchtigkeit. : ~90%<\/li>\n<\/ul>\n<p><strong>Technische Hauptmerkmale der Kameras<\/strong><\/p>\n<ul>\n<li>Frontkamera: 1920*1080, 27,5fps, HDR<\/li>\n<li>R\u00fcckkamera: 1920*1080, 60fps, HDR -Videoformat: 1080P, TS<\/li>\n<li>Bildformat: JPEG<\/li>\n<li>Videoausgang der Kamera: TVI \/AHD<\/li>\n<\/ul>\n","protected":false},"excerpt":{"rendered":"<p>Kit mit 8- oder 12-Zoll-R\u00fcckspiegelbildschirm (nach Wahl) mit Funktionen zur Erkennung von Fu\u00dfg\u00e4ngern und Radfahrern durch Software mit k\u00fcnstlicher Intelligenz (KI) und zwei Kameras vom Typ Dashcam (Frontkamera und R\u00fcckkamera). Bildaufzeichnung auf SD-Mikrokarten.<\/p>\n","protected":false},"featured_media":1299,"template":"","meta":{"_et_pb_use_builder":"","_et_pb_old_content":"","_et_gb_content_width":""},"product_brand":[],"product_cat":[115],"product_tag":[],"class_list":{"0":"post-1296","1":"product","2":"type-product","3":"status-publish","4":"has-post-thumbnail","6":"product_cat-ruckfahrkameras","8":"first","9":"onbackorder","10":"taxable","11":"shipping-taxable","12":"product-type-simple"},"_links":{"self":[{"href":"https:\/\/windoor-shop.com\/de\/wp-json\/wp\/v2\/product\/1296","targetHints":{"allow":["GET"]}}],"collection":[{"href":"https:\/\/windoor-shop.com\/de\/wp-json\/wp\/v2\/product"}],"about":[{"href":"https:\/\/windoor-shop.com\/de\/wp-json\/wp\/v2\/types\/product"}],"wp:featuredmedia":[{"embeddable":true,"href":"https:\/\/windoor-shop.com\/de\/wp-json\/wp\/v2\/media\/1299"}],"wp:attachment":[{"href":"https:\/\/windoor-shop.com\/de\/wp-json\/wp\/v2\/media?parent=1296"}],"wp:term":[{"taxonomy":"product_brand","embeddable":true,"href":"https:\/\/windoor-shop.com\/de\/wp-json\/wp\/v2\/product_brand?post=1296"},{"taxonomy":"product_cat","embeddable":true,"href":"https:\/\/windoor-shop.com\/de\/wp-json\/wp\/v2\/product_cat?post=1296"},{"taxonomy":"product_tag","embeddable":true,"href":"https:\/\/windoor-shop.com\/de\/wp-json\/wp\/v2\/product_tag?post=1296"}],"curies":[{"name":"wp","href":"https:\/\/api.w.org\/{rel}","templated":true}]}}