{"id":1307,"date":"2024-10-20T10:16:00","date_gmt":"2024-10-20T08:16:00","guid":{"rendered":"https:\/\/windoor-shop.com\/?post_type=product&#038;p=1307"},"modified":"2025-04-14T16:39:40","modified_gmt":"2025-04-14T14:39:40","slug":"sparpaket-speziell-fuer-nutzfahrzeuge-35-zoll-bildschirm-mini-rueckfahrkamera","status":"publish","type":"product","link":"https:\/\/windoor-shop.com\/de\/produit\/sparpaket-speziell-fuer-nutzfahrzeuge-35-zoll-bildschirm-mini-rueckfahrkamera\/","title":{"rendered":"Sparpaket speziell f\u00fcr Nutzfahrzeuge, 3,5-Zoll-Bildschirm &#038; Mini-R\u00fcckfahrkamera"},"content":{"rendered":"<p>R\u00fcckfahrkamera-Set mit einem 3,5-Zoll-Monitor und einer Minikamera zur Befestigung in der Karosserie. Das preisg\u00fcnstigste Kit mit der Zuverl\u00e4ssigkeit einer auf dem Markt anerkannten Marke. Unser \u00c4quivalent zum Beeper-Kit.<\/p>\n<p><strong>Monitor<\/strong><\/p>\n<ul>\n<li>Stromversorgung: 12V\/DC -3,5-Zoll-Bildschirm<\/li>\n<li>Abmessungen: 105x78x30mm<\/li>\n<li>Bildverh\u00e4ltnis: 4: 3<\/li>\n<li>Aufl\u00f6sung: 320\u00d7240 RGB<\/li>\n<li>2 Videoeing\u00e4nge<\/li>\n<li>System: PAL oder NTSC<\/li>\n<li>Betriebstemperatur : -20\u00b0C~70\u00b0C<\/li>\n<li>Lagertemperatur: -30\u00b0C~80\u00b0C<\/li>\n<li>Gewicht: 129g<\/li>\n<li>Fernbedienung<\/li>\n<\/ul>\n<p><strong>Minikamera<\/strong><\/p>\n<ul>\n<li>Stromversorgung: 12V\/DC<\/li>\n<li>TV-Linien: 420<\/li>\n<li>Blickwinkel: 120\u00b0<\/li>\n<li>4 IR-LEDs f\u00fcr Nachtsicht<\/li>\n<li>Normalbild- oder Spiegelfunktion<\/li>\n<li>4cm Schraube zur Befestigung im Fahrzeugblech<\/li>\n<li>BMW Anschl\u00fcsse<\/li>\n<li>15m Kabel mit Adapter BMW 4PIN zu Flieger 4PIN.<\/li>\n<\/ul>\n","protected":false},"excerpt":{"rendered":"<p>R\u00fcckfahrkamera-Set mit einem 3,5-Zoll-Monitor und einer Minikamera zur Befestigung in der Karosserie. Das preisg\u00fcnstigste Kit mit der Zuverl\u00e4ssigkeit einer auf dem Markt anerkannten Marke. Unser \u00c4quivalent zum Beeper-Kit. Monitor Stromversorgung: 12V\/DC -3,5-Zoll-Bildschirm Abmessungen: 105x78x30mm Bildverh\u00e4ltnis: 4: 3 Aufl\u00f6sung: 320\u00d7240 RGB 2 Videoeing\u00e4nge System: PAL oder NTSC Betriebstemperatur : -20\u00b0C~70\u00b0C Lagertemperatur: -30\u00b0C~80\u00b0C Gewicht: 129g Fernbedienung Minikamera [&hellip;]<\/p>\n","protected":false},"featured_media":1310,"template":"","meta":{"_et_pb_use_builder":"","_et_pb_old_content":"","_et_gb_content_width":""},"product_brand":[],"product_cat":[115],"product_tag":[],"class_list":{"0":"post-1307","1":"product","2":"type-product","3":"status-publish","4":"has-post-thumbnail","6":"product_cat-ruckfahrkameras","8":"first","9":"outofstock","10":"taxable","11":"shipping-taxable","12":"product-type-simple"},"_links":{"self":[{"href":"https:\/\/windoor-shop.com\/de\/wp-json\/wp\/v2\/product\/1307","targetHints":{"allow":["GET"]}}],"collection":[{"href":"https:\/\/windoor-shop.com\/de\/wp-json\/wp\/v2\/product"}],"about":[{"href":"https:\/\/windoor-shop.com\/de\/wp-json\/wp\/v2\/types\/product"}],"wp:featuredmedia":[{"embeddable":true,"href":"https:\/\/windoor-shop.com\/de\/wp-json\/wp\/v2\/media\/1310"}],"wp:attachment":[{"href":"https:\/\/windoor-shop.com\/de\/wp-json\/wp\/v2\/media?parent=1307"}],"wp:term":[{"taxonomy":"product_brand","embeddable":true,"href":"https:\/\/windoor-shop.com\/de\/wp-json\/wp\/v2\/product_brand?post=1307"},{"taxonomy":"product_cat","embeddable":true,"href":"https:\/\/windoor-shop.com\/de\/wp-json\/wp\/v2\/product_cat?post=1307"},{"taxonomy":"product_tag","embeddable":true,"href":"https:\/\/windoor-shop.com\/de\/wp-json\/wp\/v2\/product_tag?post=1307"}],"curies":[{"name":"wp","href":"https:\/\/api.w.org\/{rel}","templated":true}]}}