{"id":1312,"date":"2024-10-20T10:44:37","date_gmt":"2024-10-20T08:44:37","guid":{"rendered":"https:\/\/windoor-shop.com\/?post_type=product&#038;p=1312"},"modified":"2025-04-14T16:11:14","modified_gmt":"2025-04-14T14:11:14","slug":"hd-ruecksicht-kit-mit-1-quad-a-i-monitor-kuenstliche-intelligenz-und-bildaufzeichnungsgeraet","status":"publish","type":"product","link":"https:\/\/windoor-shop.com\/de\/produit\/hd-ruecksicht-kit-mit-1-quad-a-i-monitor-kuenstliche-intelligenz-und-bildaufzeichnungsgeraet\/","title":{"rendered":"HD-R\u00fccksicht-Kit mit 1 Quad-A.I.-Monitor (k\u00fcnstliche Intelligenz) und Bildaufzeichnungsger\u00e4t"},"content":{"rendered":"<p><strong>HD-R\u00fccksichtset mit 1 Quad-A.I.-Monitor<\/strong> (K\u00fcnstliche Intelligenz) und Bildaufzeichnungsger\u00e4tWichtigste technische Daten des Monitors 7-Zoll-Panel mit A+ Touch<\/p>\n<p>Bildformat: 16:9<br \/>\nAufl\u00f6sung: 1024*R.G. B*600 Punkte<br \/>\nHelligkeit: 500cd\/m2<br \/>\nKontrast: 500:1<br \/>\nBlickwinkel: OBEN-85\u00b0,UNTEN-85\u00b0, LINKS-85\u00b0, RECHTS -85\u00b0<br \/>\nSteuerung \u00fcber Taste oder Touchscreen<br \/>\nHauptfunktionen: Uhr, Helligkeitsanpassung, Loop-Aufnahme, Systemeinstellungen, A.I.-Funktionen<br \/>\n4 Videoeing\u00e4nge 1080p\/720P\/CVBS<br \/>\nRecorder-Funktion: maximale Speicherkapazit\u00e4t von 256GB<br \/>\nBildkomprimierungsformat: H.264.<br \/>\nWiedergabe: jeweils eine Kamera<br \/>\nToter-Winkel-Erkennung: verwaltet 3 Kameras: links, rechts, hinten -Sto\u00dffestigkeit: 4G<br \/>\n1 Audioeingang<br \/>\nVerbrauch des Videoausgangs: 32\u03a9\/2W<br \/>\nBetriebstemperatur: -20~+60\u00b0C<br \/>\nMaximale Luftfeuchtigkeit: ca. 85%<br \/>\nLagerungstemperatur: -30~+85 oC<br \/>\nStromversorgung: 9-32V DC<\/p>\n<p><strong>Technische Hauptmerkmale der Farbkamera:<\/strong><br \/>\nOptik: 1\/3&#8220; CMOS<br \/>\nBlickwinkel: 110\u00b0<br \/>\nAufl\u00f6sung: 1280 x 720 (1M Pixel)<br \/>\nHelligkeit: bis zu ca. 0. 1Lux mit der<br \/>\nNachtsichtfunktion<br \/>\nBildanzeige: Normalansicht oder umgekehrte Ansicht (gespiegelt)<br \/>\nSystem: PAL oder NTSC (optional)<br \/>\nSchutzart: IP69K<br \/>\nSto\u00dffestigkeitsindex: 4G<br \/>\nStromversorgung: DC 12 oder 24V (optional)<br \/>\nMaximaler Strom: &lt;250mA<br \/>\nNachtsicht: Automatische Umschaltung in den Schwarz-Wei\u00df-Nachtsichtmodus<br \/>\nBetriebstemperatur: -20\u00b0C &#8211; 70\u00b0C<br \/>\nLagerungstemperatur: -30\u00b0C &#8211; 80\u00b0C<br \/>\nStromverbrauch:&lt;3W<br \/>\nAnschlussart: 4PIN Aviator oder RCA (optional)<br \/>\nGewicht: 330g<\/p>\n<p>&nbsp;<\/p>\n","protected":false},"excerpt":{"rendered":"<p>HD-R\u00fccksichtset mit 1 Quad-A.I.-Monitor (K\u00fcnstliche Intelligenz) und Bildaufzeichnungsger\u00e4tWichtigste technische Daten des Monitors 7-Zoll-Panel mit A+ Touch Bildformat: 16:9 Aufl\u00f6sung: 1024*R.G. B*600 Punkte Helligkeit: 500cd\/m2 Kontrast: 500:1 Blickwinkel: OBEN-85\u00b0,UNTEN-85\u00b0, LINKS-85\u00b0, RECHTS -85\u00b0 Steuerung \u00fcber Taste oder Touchscreen Hauptfunktionen: Uhr, Helligkeitsanpassung, Loop-Aufnahme, Systemeinstellungen, A.I.-Funktionen 4 Videoeing\u00e4nge 1080p\/720P\/CVBS Recorder-Funktion: maximale Speicherkapazit\u00e4t von 256GB Bildkomprimierungsformat: H.264. Wiedergabe: jeweils eine [&hellip;]<\/p>\n","protected":false},"featured_media":1315,"template":"","meta":{"_et_pb_use_builder":"","_et_pb_old_content":"","_et_gb_content_width":""},"product_brand":[],"product_cat":[115],"product_tag":[],"class_list":{"0":"post-1312","1":"product","2":"type-product","3":"status-publish","4":"has-post-thumbnail","6":"product_cat-ruckfahrkameras","8":"first","9":"onbackorder","10":"taxable","11":"shipping-taxable","12":"product-type-simple"},"_links":{"self":[{"href":"https:\/\/windoor-shop.com\/de\/wp-json\/wp\/v2\/product\/1312","targetHints":{"allow":["GET"]}}],"collection":[{"href":"https:\/\/windoor-shop.com\/de\/wp-json\/wp\/v2\/product"}],"about":[{"href":"https:\/\/windoor-shop.com\/de\/wp-json\/wp\/v2\/types\/product"}],"wp:featuredmedia":[{"embeddable":true,"href":"https:\/\/windoor-shop.com\/de\/wp-json\/wp\/v2\/media\/1315"}],"wp:attachment":[{"href":"https:\/\/windoor-shop.com\/de\/wp-json\/wp\/v2\/media?parent=1312"}],"wp:term":[{"taxonomy":"product_brand","embeddable":true,"href":"https:\/\/windoor-shop.com\/de\/wp-json\/wp\/v2\/product_brand?post=1312"},{"taxonomy":"product_cat","embeddable":true,"href":"https:\/\/windoor-shop.com\/de\/wp-json\/wp\/v2\/product_cat?post=1312"},{"taxonomy":"product_tag","embeddable":true,"href":"https:\/\/windoor-shop.com\/de\/wp-json\/wp\/v2\/product_tag?post=1312"}],"curies":[{"name":"wp","href":"https:\/\/api.w.org\/{rel}","templated":true}]}}