{"id":1334,"date":"2024-10-29T10:32:37","date_gmt":"2024-10-29T09:32:37","guid":{"rendered":"https:\/\/windoor-shop.com\/?post_type=product&#038;p=1334"},"modified":"2025-04-16T15:47:11","modified_gmt":"2025-04-16T13:47:11","slug":"moniteur-couleur-quad-4-entrees-7-pouces-hd-ref-vv-k715-q-hd","status":"publish","type":"product","link":"https:\/\/windoor-shop.com\/de\/produit\/moniteur-couleur-quad-4-entrees-7-pouces-hd-ref-vv-k715-q-hd\/","title":{"rendered":"Moniteur couleur QUAD (4 entr\u00e9es) 7 pouces HD\u00a0 R\u00e9f. VV-M715-Q-HD"},"content":{"rendered":"<p><strong>Moniteur : \u00e9cran QUAD 7 pouces HD\u00a0 R\u00e9f. VV-M715-Q-HD<\/strong><\/p>\n<p>-.Dalle : \u00e9cran couleur 7 pouces AHD<br \/>\n&#8211; Format \u00e9cran : 16:9<br \/>\n&#8211; R\u00e9solution : 1024xRGBx600<br \/>\n&#8211; Canaux AHD (entr\u00e9e et enregistrement si option disponible), supporte AHD 1080P AHD 720P\/960H\/CVBS multiples formats vid\u00e9o (entr\u00e9e mixte)<br \/>\n&#8211; Audio : uniquement sur entr\u00e9e vid\u00e9o 1 (CH1) \u2013 Son non param\u00e9trable en volume<br \/>\n&#8211; D\u00e9clenchement : 4 fils de d\u00e9clenchement<br \/>\n&#8211;\u00a0 Alimentation : DC 12-24V<br \/>\n&#8211; Courant maximum : 12V&lt;500mA<br \/>\n&#8211; Haut-parleur : oui (8\u03a9 \u2013 2W)<br \/>\n&#8211; Le d\u00e9lai invers\u00e9 peut \u00eatre r\u00e9gl\u00e9<br \/>\n&#8211; Menu OSD, t\u00e9l\u00e9commande<br \/>\n&#8211; Syst\u00e8me : PAL\/NTSC (automatique)<br \/>\n&#8211; Temp\u00e9rature de fonctionnement : -20\u00b0C \u00e0 +70\u00b0C<br \/>\n&#8211; Temp\u00e9rature de stockage : -30\u00b0C \u00e0 +85\u00b0C<\/p>\n<p>&nbsp;<\/p>\n<p>&nbsp;<\/p>\n","protected":false},"excerpt":{"rendered":"<p>Moniteur : \u00e9cran QUAD 7 pouces HD\u00a0 R\u00e9f. VV-M715-Q-HD -.Dalle : \u00e9cran couleur 7 pouces AHD &#8211; Format \u00e9cran : 16:9 &#8211; R\u00e9solution : 1024xRGBx600 &#8211; Canaux AHD (entr\u00e9e et enregistrement si option disponible), supporte AHD 1080P AHD 720P\/960H\/CVBS multiples formats vid\u00e9o (entr\u00e9e mixte) &#8211; Audio : uniquement sur entr\u00e9e vid\u00e9o 1 (CH1) \u2013 Son [&hellip;]<\/p>\n","protected":false},"featured_media":1335,"template":"","meta":{"_et_pb_use_builder":"","_et_pb_old_content":"","_et_gb_content_width":""},"product_brand":[],"product_cat":[111],"product_tag":[],"class_list":{"0":"post-1334","1":"product","2":"type-product","3":"status-publish","4":"has-post-thumbnail","6":"product_cat-moniteurs","8":"first","9":"instock","10":"taxable","11":"shipping-taxable","12":"purchasable","13":"product-type-simple"},"_links":{"self":[{"href":"https:\/\/windoor-shop.com\/de\/wp-json\/wp\/v2\/product\/1334","targetHints":{"allow":["GET"]}}],"collection":[{"href":"https:\/\/windoor-shop.com\/de\/wp-json\/wp\/v2\/product"}],"about":[{"href":"https:\/\/windoor-shop.com\/de\/wp-json\/wp\/v2\/types\/product"}],"wp:featuredmedia":[{"embeddable":true,"href":"https:\/\/windoor-shop.com\/de\/wp-json\/wp\/v2\/media\/1335"}],"wp:attachment":[{"href":"https:\/\/windoor-shop.com\/de\/wp-json\/wp\/v2\/media?parent=1334"}],"wp:term":[{"taxonomy":"product_brand","embeddable":true,"href":"https:\/\/windoor-shop.com\/de\/wp-json\/wp\/v2\/product_brand?post=1334"},{"taxonomy":"product_cat","embeddable":true,"href":"https:\/\/windoor-shop.com\/de\/wp-json\/wp\/v2\/product_cat?post=1334"},{"taxonomy":"product_tag","embeddable":true,"href":"https:\/\/windoor-shop.com\/de\/wp-json\/wp\/v2\/product_tag?post=1334"}],"curies":[{"name":"wp","href":"https:\/\/api.w.org\/{rel}","templated":true}]}}