{"id":1370,"date":"2025-04-14T11:48:34","date_gmt":"2025-04-14T09:48:34","guid":{"rendered":"https:\/\/windoor-shop.com\/?post_type=product&#038;p=1370"},"modified":"2025-04-14T16:04:06","modified_gmt":"2025-04-14T14:04:06","slug":"set-bestehend-aus-einer-rueckfahrkamera-und-einem-oekologischen-7-zoll-farbmonitor-cv-c7e","status":"publish","type":"product","link":"https:\/\/windoor-shop.com\/de\/produit\/set-bestehend-aus-einer-rueckfahrkamera-und-einem-oekologischen-7-zoll-farbmonitor-cv-c7e\/","title":{"rendered":"Set bestehend aus einer R\u00fcckfahrkamera und einem \u00f6kologischen 7-Zoll-Farbmonitor \u2022 CV-C7E"},"content":{"rendered":"<p>Dieses R\u00fcckfahrsicht-Set ist einer unserer Bestseller. Dank seines gro\u00dfen 7-Zoll-Bildschirms und einer R\u00fcckfahrkamera mit nur einem Eingang ist es die perfekte Wahl f\u00fcr Fahrer, die eine einfache L\u00f6sung mit hervorragender Anzeigequalit\u00e4t m\u00f6chten. Es kann in allen Lastwagen, Lastkraftfahrzeugen, Nutzfahrzeugen, Bussen, Wohnmobilen und anderen landwirtschaftlichen oder industriellen Fahrzeugen installiert werden. Es besteht aus folgenden Elementen:<\/p>\n<p><strong>Monitor<\/strong>: TFT-LCD-Bildschirm, 7 Zoll, Ref. CVM-C7E mit einem Eingang<br \/>\n\u2013 175-mm-Durchmesser mit integriertem Lautsprecher<br \/>\n\u2013 Stromversorgung: 10 bis 32 V\/DC<br \/>\n\u2013 Resistenz gegen mechanische Vibrationen: 10 G<br \/>\n\u2013 Betriebstemperatur: -20 \u00b0C bis + 70 \u00b0C<br \/>\n\u2013 Feuchtigkeitsgehalt: maximal 90 %<br \/>\n\u2013 Automatische Hintergrundbeleuchtung der Bildschirmtasten<br \/>\n\u2013 Videosysteme: PAL\/NTSC<br \/>\n\u2013 Vertikal oder horizontal angezeigtes Bild<br \/>\n\u2013 Automatische Regulierung der Bildhelligkeit<br \/>\n\u2013 Automatisches Umschalten vom Bild auf die R\u00fcckfahrkamera, wenn der R\u00fcckw\u00e4rtsgang eingelegt ist<br \/>\n\u2013 Gewicht: 600 g<\/p>\n<p><strong>R\u00fcckfahrkamera<\/strong>: CMOS, Farbkamera, Ref. CVC-CMOS<br \/>\n\u2013 Integriertes Mikrofon<br \/>\n\u2013 Infrarot-Leuchte f\u00fcr die Nachtsicht<br \/>\n\u2013 Minimale Tragweite: 10 m<br \/>\n\u2013 Stromversorgung: 12 V\/DC direkt vom Monitor \u2013 Energieverbrauch: 300 mA<br \/>\n\u2013 Aufl\u00f6sung: 420 TV-Linien<br \/>\n\u2013 Lagertemperatur: -40 \u00b0C bis + 80 \u00b0C \u2013 Betriebstemperatur: -20 \u00b0C bis + 70 \u00b0C \u2013 Feuchtigkeitsgehalt: maximal 95 %<br \/>\n\u2013 Schutzfaktor: IP 69K<\/p>\n","protected":false},"excerpt":{"rendered":"<p>Set CV-C7E bestehend aus einem TFT-7-Zoll-Farbmonitor mit einem Kamera-EINGANG und einer Farbr\u00fcckfahrkamera mit Ton und Infrarot-LED-Leuchten. Wird mir der europ\u00e4ischen E13-Zertifizierung von Windoor geliefert. Als Einheit oder in gro\u00dfen Mengen f\u00fcr Verteiler erh\u00e4ltlich.<\/p>\n","protected":false},"featured_media":1373,"template":"","meta":{"_et_pb_use_builder":"","_et_pb_old_content":"","_et_gb_content_width":""},"product_brand":[],"product_cat":[115],"product_tag":[],"class_list":{"0":"post-1370","1":"product","2":"type-product","3":"status-publish","4":"has-post-thumbnail","6":"product_cat-ruckfahrkameras","8":"first","9":"instock","10":"sale","11":"taxable","12":"shipping-taxable","13":"purchasable","14":"product-type-simple"},"_links":{"self":[{"href":"https:\/\/windoor-shop.com\/de\/wp-json\/wp\/v2\/product\/1370","targetHints":{"allow":["GET"]}}],"collection":[{"href":"https:\/\/windoor-shop.com\/de\/wp-json\/wp\/v2\/product"}],"about":[{"href":"https:\/\/windoor-shop.com\/de\/wp-json\/wp\/v2\/types\/product"}],"wp:featuredmedia":[{"embeddable":true,"href":"https:\/\/windoor-shop.com\/de\/wp-json\/wp\/v2\/media\/1373"}],"wp:attachment":[{"href":"https:\/\/windoor-shop.com\/de\/wp-json\/wp\/v2\/media?parent=1370"}],"wp:term":[{"taxonomy":"product_brand","embeddable":true,"href":"https:\/\/windoor-shop.com\/de\/wp-json\/wp\/v2\/product_brand?post=1370"},{"taxonomy":"product_cat","embeddable":true,"href":"https:\/\/windoor-shop.com\/de\/wp-json\/wp\/v2\/product_cat?post=1370"},{"taxonomy":"product_tag","embeddable":true,"href":"https:\/\/windoor-shop.com\/de\/wp-json\/wp\/v2\/product_tag?post=1370"}],"curies":[{"name":"wp","href":"https:\/\/api.w.org\/{rel}","templated":true}]}}