{"id":1378,"date":"2025-04-14T12:03:38","date_gmt":"2025-04-14T10:03:38","guid":{"rendered":"https:\/\/windoor-shop.com\/?post_type=product&#038;p=1378"},"modified":"2025-04-14T16:01:35","modified_gmt":"2025-04-14T14:01:35","slug":"motorisiertes-rueckfahrkamera-set-mit-heizung-und-farbmonitor-cv-c7h","status":"publish","type":"product","link":"https:\/\/windoor-shop.com\/de\/produit\/motorisiertes-rueckfahrkamera-set-mit-heizung-und-farbmonitor-cv-c7h\/","title":{"rendered":"Motorisiertes R\u00fcckfahrkamera-Set mit Heizung und Farbmonitor (7 Zoll) \u2022 CV-C7H"},"content":{"rendered":"<p>Dieses Set, bestehend aus einer selbstheizenden R\u00fcckfahrkamera mit motorisierter Klappe, wurde speziell f\u00fcr Lastwagen, Lastkraftfahrzeuge, Nutzfahrzeuge und andere landwirtschaftliche, industrielle oder kommerzielle Fahrzeuge, die in schwierigen und kalten Umgebungen verwendet werden oder bei denen ein Schutz der Kamera zwingend notwendig ist, entworfen. Es besteht aus folgenden Elementen:<\/p>\n<p><strong>Monitor<\/strong>: TFT-LCD-Bildschirm, 7 Zoll, Ref. <strong>CVM-C7H<\/strong><br \/>\n\u2013 175-mm-Durchmesser mit integriertem Lautsprecher<br \/>\n\u2013 Stromversorgung: 10 bis 32 V\/DC<br \/>\n\u2013 Resistenz gegen mechanische Vibrationen: 10 G<br \/>\n\u2013 Betriebstemperatur: -20 \u00b0C bis + 70 \u00b0C<br \/>\n\u2013 Feuchtigkeitsgehalt: maximal 90 %<br \/>\n\u2013 Automatische Hintergrundbeleuchtung der Bildschirmtasten \u2013 Videosysteme: PAL\/NTSC<br \/>\n\u2013 Vertikal oder horizontal angezeigtes Bild<br \/>\n\u2013 Automatische Regulierung der Bildhelligkeit.<br \/>\n\u2013 Automatische Umschaltung des Bildes auf die R\u00fcckfahrkamera, wenn der R\u00fcckw\u00e4rtsgang eingelegt ist<br \/>\n\u2013 Gewicht: 600 g<\/p>\n<p>R\u00fcckfahrkamera: CMOS-Farbe, Ref:<strong> CVC-C5H<\/strong><br \/>\n\u2013 Ton und Nachtsicht durch Infrarot-LEDs<br \/>\n\u2013 Anmerkung: Pixel: 512 x 582 (PAL) \/ 512 x 492 (NTSC)<br \/>\n\u2013 Aufl\u00f6sung: 420 TV-Linien<br \/>\n\u2013 Minimale Beleuchtungsst\u00e4rke: 0 Lux (eingeschaltete IR-LED)<br \/>\n\u2013 Rausch-Signal-Verh\u00e4ltnis : 48 dB<br \/>\n\u2013 Wei\u00dfabgleich: automatisch<br \/>\n\u2013 Energieverbrauch: 430 mA.<br \/>\n\u2013 Stromversorgung: 12 V\/DC (durch den Monitor)<br \/>\n\u2013 Betriebstemperatur: -20 \u00b0C bis + 70 \u00b0C<br \/>\n\u2013 Lagertemperatur: -40 \u00b0C bis + 85 \u00b0C<br \/>\n\u2013 Feuchtigkeitsgehalt: maximal 95 %<br \/>\n\u2013 Blickwinkel: 120\u00b0<br \/>\n\u2013 Optik: f=1,8 mm(P) \/1,8 mm(N) F = 2,5<br \/>\n\u2013 Schutzklasse: IP68<\/p>\n","protected":false},"excerpt":{"rendered":"<p>Kamera-Set CV-C7H bestehend aus einem 7-Zoll-Farbmonitor mit einem 5-Pin-Kamera-EINGANG und einer selbstheizenden Farbkamera mit einer motorisierten Klappe, Ton und LED-Leuchten. Wird mit dem E13-Zertifikat von Windoor geliefert. Als Einheit oder in gro\u00dfen Mengen f\u00fcr Verteiler erh\u00e4ltlich.<\/p>\n","protected":false},"featured_media":1381,"template":"","meta":{"_et_pb_use_builder":"","_et_pb_old_content":"","_et_gb_content_width":""},"product_brand":[],"product_cat":[115],"product_tag":[],"class_list":{"0":"post-1378","1":"product","2":"type-product","3":"status-publish","4":"has-post-thumbnail","6":"product_cat-ruckfahrkameras","8":"first","9":"instock","10":"sale","11":"taxable","12":"shipping-taxable","13":"purchasable","14":"product-type-simple"},"_links":{"self":[{"href":"https:\/\/windoor-shop.com\/de\/wp-json\/wp\/v2\/product\/1378","targetHints":{"allow":["GET"]}}],"collection":[{"href":"https:\/\/windoor-shop.com\/de\/wp-json\/wp\/v2\/product"}],"about":[{"href":"https:\/\/windoor-shop.com\/de\/wp-json\/wp\/v2\/types\/product"}],"wp:featuredmedia":[{"embeddable":true,"href":"https:\/\/windoor-shop.com\/de\/wp-json\/wp\/v2\/media\/1381"}],"wp:attachment":[{"href":"https:\/\/windoor-shop.com\/de\/wp-json\/wp\/v2\/media?parent=1378"}],"wp:term":[{"taxonomy":"product_brand","embeddable":true,"href":"https:\/\/windoor-shop.com\/de\/wp-json\/wp\/v2\/product_brand?post=1378"},{"taxonomy":"product_cat","embeddable":true,"href":"https:\/\/windoor-shop.com\/de\/wp-json\/wp\/v2\/product_cat?post=1378"},{"taxonomy":"product_tag","embeddable":true,"href":"https:\/\/windoor-shop.com\/de\/wp-json\/wp\/v2\/product_tag?post=1378"}],"curies":[{"name":"wp","href":"https:\/\/api.w.org\/{rel}","templated":true}]}}