{"id":1390,"date":"2025-04-14T13:51:04","date_gmt":"2025-04-14T11:51:04","guid":{"rendered":"https:\/\/windoor-shop.com\/?post_type=product&#038;p=1390"},"modified":"2025-04-14T16:00:40","modified_gmt":"2025-04-14T14:00:40","slug":"motorisierte-selbstheizende-rueckfahrkamera-zum-anklipsen","status":"publish","type":"product","link":"https:\/\/windoor-shop.com\/de\/produit\/motorisierte-selbstheizende-rueckfahrkamera-zum-anklipsen\/","title":{"rendered":"Motorisierte, selbstheizende R\u00fcckfahrkamera zum Anklipsen \u2022 CVC-C5H"},"content":{"rendered":"<p>R\u00fcckfahrkamera f\u00fcr Lastwagen, CCD, 1\/4-Zoll, Farbkamera, selbstheizend und zum Anklipsen, motorisiert:<br \/>\n\u2013 System: PAL \/ NTSC<br \/>\n\u2013 Audio und Nachtsicht dank Infrarot-LED-Leuchten<br \/>\n\u2013 Pixel-Anzahl: 512 x 582 Pixel (PAL) \/ 512 x 492 Pixel (NTSC)<br \/>\n\u2013 Aufl\u00f6sung: 420 TV-Linien<br \/>\n\u2013 Mindestbeleuchtung: 0 Lux (eingeschaltete IR-LED)<br \/>\n\u2013 Rausch-Signal-Verh\u00e4ltnis : 48 dB<br \/>\n\u2013 Wei\u00dfabgleich: automatisch<br \/>\n\u2013 Energieverbrauch: 430 mA<br \/>\n\u2013 Stromversorgung: 12 V\/DC (durch den Monitor)<br \/>\n\u2013 Betriebstemperatur: -20 \u00b0C bis + 70 \u00b0C<br \/>\n\u2013 Lagertemperatur: -40 \u00b0C bis + 85 \u00b0C<br \/>\n\u2013 Feuchtigkeitsgehalt: maximal 95 %<br \/>\n\u2013 Blickwinkel: 120\u00b0<br \/>\n\u2013 Optik: f=1 ,8mm (P) \/1 ,8mm (N) F = 2,5<br \/>\n\u2013 Verschluss: 1\/60 (NTSC) \/ 1 \/50 (PAL) ~ 1 \/10.000 Sekunden \u2013 Index IP68<\/p>\n","protected":false},"excerpt":{"rendered":"<p>R\u00fcckfahrkamera f\u00fcr Lastwagen, Farbkamera, CCD, 1\/4 Zoll, selbstheizend, zum Anknipsen, motorisiert. Die R\u00fcckfahrkamera f\u00fcr Lastwagen ist ideal f\u00fcr schwierigere Anwendungen und Umgebungen.<\/p>\n","protected":false},"featured_media":1393,"template":"","meta":{"_et_pb_use_builder":"","_et_pb_old_content":"","_et_gb_content_width":""},"product_brand":[],"product_cat":[115],"product_tag":[],"class_list":{"0":"post-1390","1":"product","2":"type-product","3":"status-publish","4":"has-post-thumbnail","6":"product_cat-ruckfahrkameras","8":"first","9":"instock","10":"sale","11":"taxable","12":"shipping-taxable","13":"purchasable","14":"product-type-simple"},"_links":{"self":[{"href":"https:\/\/windoor-shop.com\/de\/wp-json\/wp\/v2\/product\/1390","targetHints":{"allow":["GET"]}}],"collection":[{"href":"https:\/\/windoor-shop.com\/de\/wp-json\/wp\/v2\/product"}],"about":[{"href":"https:\/\/windoor-shop.com\/de\/wp-json\/wp\/v2\/types\/product"}],"wp:featuredmedia":[{"embeddable":true,"href":"https:\/\/windoor-shop.com\/de\/wp-json\/wp\/v2\/media\/1393"}],"wp:attachment":[{"href":"https:\/\/windoor-shop.com\/de\/wp-json\/wp\/v2\/media?parent=1390"}],"wp:term":[{"taxonomy":"product_brand","embeddable":true,"href":"https:\/\/windoor-shop.com\/de\/wp-json\/wp\/v2\/product_brand?post=1390"},{"taxonomy":"product_cat","embeddable":true,"href":"https:\/\/windoor-shop.com\/de\/wp-json\/wp\/v2\/product_cat?post=1390"},{"taxonomy":"product_tag","embeddable":true,"href":"https:\/\/windoor-shop.com\/de\/wp-json\/wp\/v2\/product_tag?post=1390"}],"curies":[{"name":"wp","href":"https:\/\/api.w.org\/{rel}","templated":true}]}}