{"id":1401,"date":"2025-04-14T14:38:44","date_gmt":"2025-04-14T12:38:44","guid":{"rendered":"https:\/\/windoor-shop.com\/?post_type=product&#038;p=1401"},"modified":"2025-04-14T15:59:43","modified_gmt":"2025-04-14T13:59:43","slug":"drahtlose-kamera-fuer-gabelstapler","status":"publish","type":"product","link":"https:\/\/windoor-shop.com\/de\/produit\/drahtlose-kamera-fuer-gabelstapler\/","title":{"rendered":"Drahtlose Kamera f\u00fcr Gabelstapler \u2022 CVC-CHARWS"},"content":{"rendered":"<p>Eine Neuheit der CARE-VIEW-Serie. Diese kleine, drahtlose Kamera mit einem geb\u00fcrsteten Aluminiumgeh\u00e4use wurde speziell f\u00fcr die Installation auf einem Gabelstapler entworfen zur Verbesserung der Vordersicht f\u00fcr den Benutzer. Dank der drahtlosen Option sind die Installation und die Verwendung noch einfacher. Ihre Montage wird durch einen Magneten auf dem Geh\u00e4use erleichtert, damit sie auf allen metallischen Oberfl\u00e4chen h\u00e4lt.<\/p>\n<p>\u2013 Pixel: 750 x 504 \u2013 Antenne: 1 m<br \/>\n\u2013 Betriebsfrequenz: 2400 \u2013 2483,5 MHz<br \/>\n\u2013 Bild\u00fcbertragungsreichweite: 100 m<br \/>\n\u2013 Stromversorgung: 10-32 V\/DC<br \/>\n\u2013 Blickwinkel: 45\u00b0<br \/>\n\u2013 Bild: CMOS<br \/>\n\u2013 TV-System: PAL \/ NTSC<br \/>\n\u2013 System-Synchronisierung: Intern<br \/>\n\u2013 Linse: f=6,0 mm<br \/>\n\u2013 Videoausgang: 1,0 Vp-p, 75 Ohm<br \/>\n\u2013 Gamma-Verbrauch: 0,45<br \/>\n\u2013 Balance: Auto<br \/>\n\u2013 Empfangsempfindlichkeit: -89 dB<br \/>\n\u2013 Video-Code: MPEG4<br \/>\n\u2013 Bildfrequenz: PAL: 25 fps, NTSC: 30 fps<br \/>\n\u2013 Rundfunkspektrum: FHSS<br \/>\n\u2013 Betriebstemperatur: -20 \u00b0C~70 \u00b0C, Relativer Feuchtigkeitsgehalt: max. 95 % \u2013 Lagertemperatur: -30 \u00b0C~80 \u00b0C, Relativer Feuchtigkeitsgehalt: max. 95 %<br \/>\n\u2013 horizontale Frequenz: 15,625 kHz \/ 15,734 kHz<br \/>\n\u2013 vertikale Frequenz: 50 Hz\/60 Hz<\/p>\n","protected":false},"excerpt":{"rendered":"<p>Eine speziell f\u00fcr die Installation auf Gabelstaplern entworfene Kamera zur Verbesserung der Vordersicht f\u00fcr den Benutzer. Drahtlose Option.<\/p>\n","protected":false},"featured_media":1404,"template":"","meta":{"_et_pb_use_builder":"","_et_pb_old_content":"","_et_gb_content_width":""},"product_brand":[],"product_cat":[115],"product_tag":[],"class_list":{"0":"post-1401","1":"product","2":"type-product","3":"status-publish","4":"has-post-thumbnail","6":"product_cat-ruckfahrkameras","8":"first","9":"instock","10":"sale","11":"taxable","12":"shipping-taxable","13":"purchasable","14":"product-type-simple"},"_links":{"self":[{"href":"https:\/\/windoor-shop.com\/de\/wp-json\/wp\/v2\/product\/1401","targetHints":{"allow":["GET"]}}],"collection":[{"href":"https:\/\/windoor-shop.com\/de\/wp-json\/wp\/v2\/product"}],"about":[{"href":"https:\/\/windoor-shop.com\/de\/wp-json\/wp\/v2\/types\/product"}],"wp:featuredmedia":[{"embeddable":true,"href":"https:\/\/windoor-shop.com\/de\/wp-json\/wp\/v2\/media\/1404"}],"wp:attachment":[{"href":"https:\/\/windoor-shop.com\/de\/wp-json\/wp\/v2\/media?parent=1401"}],"wp:term":[{"taxonomy":"product_brand","embeddable":true,"href":"https:\/\/windoor-shop.com\/de\/wp-json\/wp\/v2\/product_brand?post=1401"},{"taxonomy":"product_cat","embeddable":true,"href":"https:\/\/windoor-shop.com\/de\/wp-json\/wp\/v2\/product_cat?post=1401"},{"taxonomy":"product_tag","embeddable":true,"href":"https:\/\/windoor-shop.com\/de\/wp-json\/wp\/v2\/product_tag?post=1401"}],"curies":[{"name":"wp","href":"https:\/\/api.w.org\/{rel}","templated":true}]}}