{"id":1409,"date":"2025-04-14T14:49:15","date_gmt":"2025-04-14T12:49:15","guid":{"rendered":"https:\/\/windoor-shop.com\/?post_type=product&#038;p=1409"},"modified":"2025-04-14T15:58:49","modified_gmt":"2025-04-14T13:58:49","slug":"drahtlose-einparkhilfe-12-24-rr400ws","status":"publish","type":"product","link":"https:\/\/windoor-shop.com\/de\/produit\/drahtlose-einparkhilfe-12-24-rr400ws\/","title":{"rendered":"Drahtlose Einparkhilfe 12\/24 V\/DC \u2022 RR400WS-A oder E"},"content":{"rendered":"<p>Das System besteht aus 4 wasserdichten Ultraschall-Sensoren zum Anschrauben, einem wasserdichten Steuergeh\u00e4use, mit dem die 4 Sensoren verbunden werden, und einem drahtlosen Display zur Positionierung in der N\u00e4he des Fahrersitzes. Die drahtlose Verbindung zwischen dem Steuergeh\u00e4use und dem Display erspart die Kabeldurchf\u00fchrung vom Heck des Fahrzeugs bis zu dessen Front, eine oft langwierige und anstrengende Arbeit. Au\u00dferdem erm\u00f6glicht dies die Installation dieses Sets auf dem Sattelschlepper mit Anh\u00e4nger. Das Display zeigt die Entfernung zwischen Hindernis und Fahrzeug sowie die Seite an, auf der sich das Hindernis befindet (LED-Anzeige). Au\u00dferdem ist das Display mit einem Buzzer ausgestattet, der dem Fahrer durch verschiedene T\u00f6ne die Distanz zwischen Hindernis und Fahrzeug anzeigt. Die Distanzanzeige liegt zwischen 5 bis 0,4 Metern.<br \/>\nDie Signalisierung der Distanz durch den Buzzer und die LEDs liegt zwischen 1,5 bis 0,3 Meter in 3 verschiedenen Zonen:<\/p>\n<p>\u2013 1,5 bis 0,8 m: Ton in langen Abst\u00e4nden und gr\u00fcn leuchtende LED-Leuchte<br \/>\n\u2013 0,8 bis 0,4 m: Klang in kurzen Abst\u00e4nden und orange leuchtende LED-Leuchte<br \/>\n\u2013 weniger als 0,4 m: Kontinuierlicher Klang und rot leuchtende LED-Leuchte.<\/p>\n<p>\u2013 Ideal f\u00fcr Sattelschlepper<br \/>\n\u2013 Stromversorgung: 12\/24 V\/DC<br \/>\n\u2013 Maximaler Energieverbrauch: 4 W<br \/>\n\u2013 Betriebstemperatur: -20 \u00b0C bis +70 \u00b0C<br \/>\n\u2013 Maximale Reichweite zwischen dem Steuergeh\u00e4use und dem Display: 15 bis 18 m<br \/>\n\u2013 4 wasserdichte Ultraschallsensoren zum Anschrauben (aufliegend) oder zum Einbauen<br \/>\n\u2013 Kabell\u00e4nge zwischen den Sensoren und dem Steuergeh\u00e4use: 3<\/p>\n","protected":false},"excerpt":{"rendered":"<p>Spezielle, DRAHTLOSE Einparkhilfe f\u00fcr Sattelschlepper mit Sensoren zum Auflegen oder zum Anklipsen.<\/p>\n","protected":false},"featured_media":1415,"template":"","meta":{"_et_pb_use_builder":"","_et_pb_old_content":"","_et_gb_content_width":""},"product_brand":[],"product_cat":[115],"product_tag":[],"class_list":{"0":"post-1409","1":"product","2":"type-product","3":"status-publish","4":"has-post-thumbnail","6":"product_cat-ruckfahrkameras","8":"first","9":"instock","10":"sale","11":"taxable","12":"shipping-taxable","13":"purchasable","14":"product-type-simple"},"_links":{"self":[{"href":"https:\/\/windoor-shop.com\/de\/wp-json\/wp\/v2\/product\/1409","targetHints":{"allow":["GET"]}}],"collection":[{"href":"https:\/\/windoor-shop.com\/de\/wp-json\/wp\/v2\/product"}],"about":[{"href":"https:\/\/windoor-shop.com\/de\/wp-json\/wp\/v2\/types\/product"}],"wp:featuredmedia":[{"embeddable":true,"href":"https:\/\/windoor-shop.com\/de\/wp-json\/wp\/v2\/media\/1415"}],"wp:attachment":[{"href":"https:\/\/windoor-shop.com\/de\/wp-json\/wp\/v2\/media?parent=1409"}],"wp:term":[{"taxonomy":"product_brand","embeddable":true,"href":"https:\/\/windoor-shop.com\/de\/wp-json\/wp\/v2\/product_brand?post=1409"},{"taxonomy":"product_cat","embeddable":true,"href":"https:\/\/windoor-shop.com\/de\/wp-json\/wp\/v2\/product_cat?post=1409"},{"taxonomy":"product_tag","embeddable":true,"href":"https:\/\/windoor-shop.com\/de\/wp-json\/wp\/v2\/product_tag?post=1409"}],"curies":[{"name":"wp","href":"https:\/\/api.w.org\/{rel}","templated":true}]}}