{"id":1418,"date":"2025-04-16T08:45:04","date_gmt":"2025-04-16T06:45:04","guid":{"rendered":"https:\/\/windoor-shop.com\/?post_type=product&#038;p=1418"},"modified":"2025-04-16T14:21:45","modified_gmt":"2025-04-16T12:21:45","slug":"7%e2%80%b3-farbmonitor-fuer-lkw-van-nutzfahrzeug-berufsfahrzeug-landwirtschaft-cvm-c7h","status":"publish","type":"product","link":"https:\/\/windoor-shop.com\/de\/produit\/7%e2%80%b3-farbmonitor-fuer-lkw-van-nutzfahrzeug-berufsfahrzeug-landwirtschaft-cvm-c7h\/","title":{"rendered":"7\u2033-Farbmonitor f\u00fcr LKW, Van, Nutzfahrzeug, Berufsfahrzeug, Landwirtschaft. \u2022 CVM-C7H"},"content":{"rendered":"<p>Monitor (C-CVM-C7H): 7-Zoll-TFT-LCD-Bildschirm Ref. CVM-C7H<\/p>\n<ul>\n<li>175 mm Diagonale mit eingebautem Lautsprecher.<\/li>\n<li>Stromversorgung 10 bis 32 V\/DC<\/li>\n<li>Widerstand gegen mechanische Vibrationen: 10G<\/li>\n<li>Temperatur bei Betrieb : -20\u00b0C bis + 70\u00b0C<\/li>\n<li>Luftfeuchtigkeit: 90% max.<\/li>\n<li>Automatische Hintergrundbeleuchtung der Bildschirmtasten &#8211; Videosysteme: PAL\/NTSC.<\/li>\n<li>Bild wird vertikal oder horizontal angezeigt<\/li>\n<li>Automatische Steuerung der Bildhelligkeit<\/li>\n<li>Automatisches Umschalten des Bildes auf die R\u00fccksichtkamera, wenn der R\u00fcckw\u00e4rtsgang eingelegt wird.<\/li>\n<li>Gewicht: 600 g<\/li>\n<\/ul>\n","protected":false},"excerpt":{"rendered":"<p>7\u2033-Farbmonitor mit 1 5-Punkt-Kamera-EINGANG (kompatibel mit unserer selbsterhitzenden Farbkamera mit motorisierter Klappe, Ton und Leds). Wird mit der Zertifizierung E13 Windoor geliefert. Erh\u00e4ltlich als Einzelst\u00fcck oder in gro\u00dfen Mengen f\u00fcr H\u00e4ndler.<\/p>\n","protected":false},"featured_media":1421,"template":"","meta":{"_et_pb_use_builder":"","_et_pb_old_content":"","_et_gb_content_width":""},"product_brand":[],"product_cat":[115],"product_tag":[],"class_list":{"0":"post-1418","1":"product","2":"type-product","3":"status-publish","4":"has-post-thumbnail","6":"product_cat-ruckfahrkameras","8":"first","9":"instock","10":"taxable","11":"shipping-taxable","12":"purchasable","13":"product-type-simple"},"_links":{"self":[{"href":"https:\/\/windoor-shop.com\/de\/wp-json\/wp\/v2\/product\/1418","targetHints":{"allow":["GET"]}}],"collection":[{"href":"https:\/\/windoor-shop.com\/de\/wp-json\/wp\/v2\/product"}],"about":[{"href":"https:\/\/windoor-shop.com\/de\/wp-json\/wp\/v2\/types\/product"}],"wp:featuredmedia":[{"embeddable":true,"href":"https:\/\/windoor-shop.com\/de\/wp-json\/wp\/v2\/media\/1421"}],"wp:attachment":[{"href":"https:\/\/windoor-shop.com\/de\/wp-json\/wp\/v2\/media?parent=1418"}],"wp:term":[{"taxonomy":"product_brand","embeddable":true,"href":"https:\/\/windoor-shop.com\/de\/wp-json\/wp\/v2\/product_brand?post=1418"},{"taxonomy":"product_cat","embeddable":true,"href":"https:\/\/windoor-shop.com\/de\/wp-json\/wp\/v2\/product_cat?post=1418"},{"taxonomy":"product_tag","embeddable":true,"href":"https:\/\/windoor-shop.com\/de\/wp-json\/wp\/v2\/product_tag?post=1418"}],"curies":[{"name":"wp","href":"https:\/\/api.w.org\/{rel}","templated":true}]}}