{"id":1494,"date":"2025-09-05T15:55:49","date_gmt":"2025-09-05T13:55:49","guid":{"rendered":"https:\/\/windoor-shop.com\/?post_type=product&#038;p=1494"},"modified":"2025-11-20T14:43:23","modified_gmt":"2025-11-20T13:43:23","slug":"moniteur-couleur-7%e2%80%b3-pour-camion-van-utilitaire-vehicule-pro-agricole-etc-cvm-c71","status":"publish","type":"product","link":"https:\/\/windoor-shop.com\/de\/produit\/moniteur-couleur-7%e2%80%b3-pour-camion-van-utilitaire-vehicule-pro-agricole-etc-cvm-c71\/","title":{"rendered":"Moniteur couleur 7\u2033 \u00e0 4 entr\u00e9es vid\u00e9o \u2022 C-CVM-C71"},"content":{"rendered":"<p><strong>Moniteur<\/strong> (C-CVM-C71): \u00e9cran TFT LCD 7 pouces R\u00e9f. C-CVM-C71<\/p>\n<ul>\n<li><strong>4 entr\u00e9es vid\u00e9o dont 3 en 4 points et 1 en 5 points pour cam\u00e9ra \u00e0 clapet motoris\u00e9<\/strong><\/li>\n<li>175 mm de diagonale avec haut-parleur int\u00e9gr\u00e9<\/li>\n<li>\u00a0Alimentation 10 \u00e0 32 V\/DC<\/li>\n<li>R\u00e9sistance aux vibrations m\u00e9caniques : 10G<\/li>\n<li>Temp\u00e9rature de fonctionnement : -20\u00b0C \u00e0 + 70\u00b0C<\/li>\n<li>Taux d\u2019humidit\u00e9 : 90% max<\/li>\n<li>R\u00e9tro-\u00e9clairage automatique des touches de l\u2019\u00e9cran<\/li>\n<li>Syst\u00e8mes vid\u00e9os : PAL\/NTSC<\/li>\n<li>Image affich\u00e9e verticalement ou horizontalement<\/li>\n<li>Contr\u00f4le automatique de la luminosit\u00e9 de l\u2019image<\/li>\n<li>Basculement automatique de l\u2019image sur la cam\u00e9ra de vision d\u00e9finie 1 \u00e0 4 arri\u00e8re quand le fil de d\u00e9clenchement est aliment\u00e9 (marche arri\u00e8re, clignotant&#8230;)<\/li>\n<li>Poids : 450 g<\/li>\n<\/ul>\n<div class=\"page\" title=\"Page 37\">\n<div class=\"section\">\n<div class=\"layoutArea\"><\/div>\n<\/div>\n<\/div>\n","protected":false},"excerpt":{"rendered":"<p>Moniteur couleur 7&#8243; \u00e0 4 ENTR\u00c9ES dont 3 \u00e0 4 points et 1 pour cam\u00e9ra 5 points. Livr\u00e9 avec la certification E13 Windoor. Disponible \u00e0 l&#8217;unit\u00e9 ou en grande quantit\u00e9 pour les distributeurs.<\/p>\n","protected":false},"featured_media":1495,"template":"","meta":{"_et_pb_use_builder":"","_et_pb_old_content":"","_et_gb_content_width":""},"product_brand":[],"product_cat":[111],"product_tag":[],"class_list":{"0":"post-1494","1":"product","2":"type-product","3":"status-publish","4":"has-post-thumbnail","6":"product_cat-moniteurs","8":"first","9":"instock","10":"taxable","11":"shipping-taxable","12":"purchasable","13":"product-type-simple"},"_links":{"self":[{"href":"https:\/\/windoor-shop.com\/de\/wp-json\/wp\/v2\/product\/1494","targetHints":{"allow":["GET"]}}],"collection":[{"href":"https:\/\/windoor-shop.com\/de\/wp-json\/wp\/v2\/product"}],"about":[{"href":"https:\/\/windoor-shop.com\/de\/wp-json\/wp\/v2\/types\/product"}],"wp:featuredmedia":[{"embeddable":true,"href":"https:\/\/windoor-shop.com\/de\/wp-json\/wp\/v2\/media\/1495"}],"wp:attachment":[{"href":"https:\/\/windoor-shop.com\/de\/wp-json\/wp\/v2\/media?parent=1494"}],"wp:term":[{"taxonomy":"product_brand","embeddable":true,"href":"https:\/\/windoor-shop.com\/de\/wp-json\/wp\/v2\/product_brand?post=1494"},{"taxonomy":"product_cat","embeddable":true,"href":"https:\/\/windoor-shop.com\/de\/wp-json\/wp\/v2\/product_cat?post=1494"},{"taxonomy":"product_tag","embeddable":true,"href":"https:\/\/windoor-shop.com\/de\/wp-json\/wp\/v2\/product_tag?post=1494"}],"curies":[{"name":"wp","href":"https:\/\/api.w.org\/{rel}","templated":true}]}}