{"id":1525,"date":"2026-02-05T17:18:46","date_gmt":"2026-02-05T16:18:46","guid":{"rendered":"https:\/\/windoor-shop.com\/?post_type=product&#038;p=1525"},"modified":"2026-02-05T17:38:28","modified_gmt":"2026-02-05T16:38:28","slug":"moniteur-couleur-7%e2%80%b3-eco-a-2-entrees-video-vv-m700-2-nd-e","status":"publish","type":"product","link":"https:\/\/windoor-shop.com\/de\/produit\/moniteur-couleur-7%e2%80%b3-eco-a-2-entrees-video-vv-m700-2-nd-e\/","title":{"rendered":"Moniteur couleur 7\u2033 \u00c9CO \u00e0 2 entr\u00e9es vid\u00e9o \u2022 VV-M700-2-ND-E"},"content":{"rendered":"<p><strong>Moniteur<\/strong> (VV-M700-2-ND-E): \u00e9cran TFT LCD 7 pouces R\u00e9f. VV-M700-2-ND-E<\/p>\n<ul>\n<li><strong>2 entr\u00e9es vid\u00e9o<\/strong><\/li>\n<li>175 mm de diagonale avec haut-parleur int\u00e9gr\u00e9<\/li>\n<li>R\u00e9solution : 800xRGBx480<\/li>\n<li>Alimentation 9 \u00e0 32 V\/DC<\/li>\n<li>Consommation : 5W<\/li>\n<li>R\u00e9sistance aux vibrations m\u00e9caniques : 10G<\/li>\n<li>Temp\u00e9rature de fonctionnement : -20\u00b0C \u00e0 + 70\u00b0C<\/li>\n<li>Taux d\u2019humidit\u00e9 : 90% max<\/li>\n<li>R\u00e9tro-\u00e9clairage automatique des touches de l\u2019\u00e9cran<\/li>\n<li>Syst\u00e8mes vid\u00e9os : PAL\/NTSC<\/li>\n<li>Image affich\u00e9e verticalement ou horizontalement<\/li>\n<li>Contr\u00f4le automatique de la luminosit\u00e9 de l\u2019image<\/li>\n<\/ul>\n<div class=\"page\" title=\"Page 37\">\n<div class=\"section\">\n<div class=\"layoutArea\"><\/div>\n<\/div>\n<\/div>\n","protected":false},"excerpt":{"rendered":"<p>Moniteur couleur 7&#8243; \u00e0 2 ENTR\u00c9ES.<\/p>\n","protected":false},"featured_media":1526,"template":"","meta":{"_et_pb_use_builder":"","_et_pb_old_content":"","_et_gb_content_width":""},"product_brand":[],"product_cat":[111],"product_tag":[],"class_list":{"0":"post-1525","1":"product","2":"type-product","3":"status-publish","4":"has-post-thumbnail","6":"product_cat-moniteurs","8":"first","9":"instock","10":"taxable","11":"shipping-taxable","12":"purchasable","13":"product-type-simple"},"_links":{"self":[{"href":"https:\/\/windoor-shop.com\/de\/wp-json\/wp\/v2\/product\/1525","targetHints":{"allow":["GET"]}}],"collection":[{"href":"https:\/\/windoor-shop.com\/de\/wp-json\/wp\/v2\/product"}],"about":[{"href":"https:\/\/windoor-shop.com\/de\/wp-json\/wp\/v2\/types\/product"}],"wp:featuredmedia":[{"embeddable":true,"href":"https:\/\/windoor-shop.com\/de\/wp-json\/wp\/v2\/media\/1526"}],"wp:attachment":[{"href":"https:\/\/windoor-shop.com\/de\/wp-json\/wp\/v2\/media?parent=1525"}],"wp:term":[{"taxonomy":"product_brand","embeddable":true,"href":"https:\/\/windoor-shop.com\/de\/wp-json\/wp\/v2\/product_brand?post=1525"},{"taxonomy":"product_cat","embeddable":true,"href":"https:\/\/windoor-shop.com\/de\/wp-json\/wp\/v2\/product_cat?post=1525"},{"taxonomy":"product_tag","embeddable":true,"href":"https:\/\/windoor-shop.com\/de\/wp-json\/wp\/v2\/product_tag?post=1525"}],"curies":[{"name":"wp","href":"https:\/\/api.w.org\/{rel}","templated":true}]}}