{"id":494,"date":"2022-11-25T12:59:58","date_gmt":"2022-11-25T11:59:58","guid":{"rendered":"https:\/\/windoor-shop.com\/?post_type=product&#038;p=494"},"modified":"2022-11-30T21:30:27","modified_gmt":"2022-11-30T20:30:27","slug":"care-block-verschluesselte-elektronisch-autodiebstahlschutz","status":"publish","type":"product","link":"https:\/\/windoor-shop.com\/de\/produit\/care-block-verschluesselte-elektronisch-autodiebstahlschutz\/","title":{"rendered":"CARE-BLOCK \u2022 Verschl\u00fcsselte Elektronisch Autodiebstahlschutz"},"content":{"rendered":"<p>Seit 1992 bieten die <strong>elektronischen Sicherheitssysteme<\/strong> von WINDOOR einen effektiven und kosteng\u00fcnstigen Schutz vor Diebstahl. Vor kurzem hat WINDOOR in Deutschland auch den Verkauf von CARE-BLOCK f\u00fcr <strong>privatwagen<\/strong>, Fuhrparkunternehmen und die Baubranche eingef\u00fchrt. Jeden Tag werden, <strong>Kleintransporter<\/strong>, <strong>Baufahrzeuge<\/strong>, Bagger usw. gestohlen oder unterschlagen. Die langen Wiederbeschaffungszeiten erh\u00f6hen das Risiko f\u00fcr die Unternehmen zus\u00e4tzlich. Denn selbst wenn die Versicherung einspringt, kommt das Verschwinden einer Ausr\u00fcstung einem l\u00e4ngeren Arbeitsausfall gleich.<\/p>\n<p>Mit CARE-BLOCK setzt Windoor grunds\u00e4tzlich auf zwei sich erg\u00e4nzende Ans\u00e4tze: Zum einen auf die Verhinderung von Diebstahl durch die Installation einer manipulationssicheren elektronischen Vorrichtung. Zum anderen auf die Vermarktung einer kosteng\u00fcnstigen und einfachen L\u00f6sung f\u00fcr den Kunden.<\/p>\n<p>CARE-BLOCK ist ein <strong>elektronisch Auto diebstahlschutz<\/strong>, eine Wegfahrsperre und eine Diebstahlsicherung f\u00fcr Fahrzeuge. Es funktioniert mit 12-24 Volt und verf\u00fcgt \u00fcber bis zu vier Stromausf\u00e4lle von jeweils 30 Ampere. Die elektronische Diebstahlsicherung ist universell einsetzbar und eignet sich f\u00fcr alle Fahrzeugtypen: <strong>Privatwagen<\/strong>, <strong>Sportwagen<\/strong>, Luxuswagen, <strong>Nutzfahrzeuge<\/strong>, LKWs, Feuerwehrfahrzeuge, Polizeifahrzeuge, Krankenwagen usw.<\/p>\n<p>Das <strong>elektronisch Autodiebstahlschutz<\/strong> System besteht aus einer im Fahrzeug versteckten Steuereinheit und einer Tastatur im Fahrzeuginnenraum, \u00fcber die der Entsperrungscode eingegeben werden kann. Im Gegensatz zu anderen elektronischen Diebstahlsicherungssystemen ist diese Diebstahlsicherung drahtlos in dem Sinne, dass es keine Kabelverbindung zwischen dem Steuerger\u00e4t und der Fernbedienung gibt, die das Signal zum Aktivieren oder Deaktivieren der Wegfahrsperre gibt. Es gibt also keine Kabel, die &#8222;verfolgt&#8220; und durchtrennt werden m\u00fcssen, im Gegensatz zu anderen OBD-Diebstahlsicherungen, die direkt an den OBD-Stecker angeschlossen werden. Au\u00dferdem ist das drahtlose Signal verschl\u00fcsselt. CARE-BLOCK ist DIE Parade der n\u00e4chsten Generation, um mit gleichen Waffen zu k\u00e4mpfen und Car-Jacking oder Mouse-Jacking zu vereiteln.<\/p>\n<p>Die Funktionsweise dieser elektronischen, drahtlosen <strong>Diebstahlsicherung<\/strong> ist einfach: CARE-BLOCK bringt das Fahrzeug durch zwei unabh\u00e4ngige Unterbrechungen der Kraftstoffzufuhr oder des Stromkreises des Fahrzeugs zum Stillstand. Die Wegfahrsperre wird 10 Sekunden nach dem Abstellen des Motors aktiviert. Die Deaktivierung erfolgt nach Eingabe des Benutzercodes \u00fcber die Tastatur. Die Deaktivierung ist auch von einem anderen Sendertyp aus m\u00f6glich.<\/p>\n<p>Das <strong>elektronisch Autodiebstahlschutz<\/strong> Kit besteht aus den folgenden Teilen:<\/p>\n<ul>\n<li><strong>Elektronisch Autodiebstahlschutz Steuerbox<\/strong><\/li>\n<\/ul>\n<p>Dies ist die Box, die das Anti-Diebstahl-System, die Zeitschaltuhren, die Zeitfenster f\u00fcr die Nutzung, die verschiedenen Benutzer, kurz das Herzst\u00fcck des Systems, verwaltet. Es wird in der Fabrik geharzt, damit es nicht ver\u00e4ndert oder ge\u00f6ffnet werden kann. Dadurch ist es auch wasserdicht, sodass es sowohl im Freien als auch in Innenr\u00e4umen angebracht werden kann.<\/p>\n<ul>\n<li><strong>Elektronisch Autodiebstahlschutz Fernbedienung<\/strong><\/li>\n<\/ul>\n<p>Diese Fernbedienung ist einzigartig in ihrem Design und ihren Funktionen. Sie hat ein minimalistisches und modernes Design, besteht aus einem Rahmen aus geb\u00fcrstetem Aluminium und einer Front mit 11 Tasten mit leichter Hintergrundbeleuchtung f\u00fcr den Lesekomfort bei Nacht. Sie erm\u00f6glicht das Aktivieren und Deaktivieren der Diebstahlsicherung und die Steuerung der verschiedenen Funktionen, indem sie ein verschl\u00fcsseltes Funksignal an die Steuereinheit sendet. Das Geh\u00e4use ist nach IP67 wasserdicht zertifiziert.<\/p>\n<ul>\n<li><strong>Konnektivit\u00e4t<\/strong><\/li>\n<\/ul>\n<p>Jedes <strong>Elektronisch Autodiebstahlschutz<\/strong> Kit wird in einer Schachtel mit den notwendigen Anschl\u00fcssen geliefert: ein Stromkabel f\u00fcr die Fernbedienung und Anschl\u00fcsse f\u00fcr die Verbindung des Steuerger\u00e4ts mit den verschiedenen Organen des Fahrzeugs, auf die die Diebstahlsicherung wirkt.<\/p>\n","protected":false},"excerpt":{"rendered":"<p>Seit 1992 bieten die elektronischen Sicherheitssysteme von WINDOOR einen effektiven und kosteng\u00fcnstigen Schutz vor Diebstahl. Vor kurzem hat WINDOOR in Deutschland auch den Verkauf von CARE-BLOCK f\u00fcr privatwagen, Fuhrparkunternehmen und die Baubranche eingef\u00fchrt. Jeden Tag werden, Kleintransporter, Baufahrzeuge, Bagger usw. gestohlen oder unterschlagen. Die langen Wiederbeschaffungszeiten erh\u00f6hen das Risiko f\u00fcr die Unternehmen zus\u00e4tzlich. Denn selbst [&hellip;]<\/p>\n","protected":false},"featured_media":478,"template":"","meta":{"_et_pb_use_builder":"","_et_pb_old_content":"","_et_gb_content_width":""},"product_brand":[],"product_cat":[103],"product_tag":[],"class_list":{"0":"post-494","1":"product","2":"type-product","3":"status-publish","4":"has-post-thumbnail","6":"product_cat-anti-diebstahl-auto","8":"first","9":"instock","10":"taxable","11":"shipping-taxable","12":"purchasable","13":"product-type-simple"},"_links":{"self":[{"href":"https:\/\/windoor-shop.com\/de\/wp-json\/wp\/v2\/product\/494","targetHints":{"allow":["GET"]}}],"collection":[{"href":"https:\/\/windoor-shop.com\/de\/wp-json\/wp\/v2\/product"}],"about":[{"href":"https:\/\/windoor-shop.com\/de\/wp-json\/wp\/v2\/types\/product"}],"wp:featuredmedia":[{"embeddable":true,"href":"https:\/\/windoor-shop.com\/de\/wp-json\/wp\/v2\/media\/478"}],"wp:attachment":[{"href":"https:\/\/windoor-shop.com\/de\/wp-json\/wp\/v2\/media?parent=494"}],"wp:term":[{"taxonomy":"product_brand","embeddable":true,"href":"https:\/\/windoor-shop.com\/de\/wp-json\/wp\/v2\/product_brand?post=494"},{"taxonomy":"product_cat","embeddable":true,"href":"https:\/\/windoor-shop.com\/de\/wp-json\/wp\/v2\/product_cat?post=494"},{"taxonomy":"product_tag","embeddable":true,"href":"https:\/\/windoor-shop.com\/de\/wp-json\/wp\/v2\/product_tag?post=494"}],"curies":[{"name":"wp","href":"https:\/\/api.w.org\/{rel}","templated":true}]}}