{"id":510,"date":"2022-11-23T09:21:21","date_gmt":"2022-11-23T08:21:21","guid":{"rendered":"https:\/\/windoor-shop.com\/?post_type=product&#038;p=510"},"modified":"2022-12-07T12:44:59","modified_gmt":"2022-12-07T11:44:59","slug":"elektromechanische_frachtsicherung-zur-tuerverriegelung-citroen_jumpy_fiat_scudo_peugeot_expert_kastenwagen","status":"publish","type":"product","link":"https:\/\/windoor-shop.com\/de\/produit\/elektromechanische_frachtsicherung-zur-tuerverriegelung-citroen_jumpy_fiat_scudo_peugeot_expert_kastenwagen\/","title":{"rendered":"Elektromechanische Sicherheitsschl\u00f6sser f\u00fcr Transportfahrzeuge \u2022 Citro\u00ebn JUMPY, Fiat SCUDO, Peugeot EXPERT Kastenwagen"},"content":{"rendered":"<p>Care-Lock ist eine <strong>sicherheitsschl\u00f6sser<\/strong> f\u00fcr <strong>Transportfahrzeuge.<\/strong> Es ist eine sicherere u<span class=\"Y2IQFc\" lang=\"de\">nsichtbar <\/span>alternative zu mechanische schl\u00f6ss und vorh\u00e4ngeschl\u00f6sser und schl\u00f6sser fur kastenwagen. Das Care-Lock\u00ae schloss ist ideal f\u00fcr Fahrzeugbesitzer, die wertvolle Waren oder Ausr\u00fcstungen transportieren bzw. das Fahrzeug beim Be- &amp; Entladen sichern wollen (Fahrzeuge von Handwerker, Transportunternehmen \u2026). Care-Lock sch\u00fctzt die Doppelfl\u00fcgel-Hintert\u00fcr von Transportern, Vans oder Wohnmobilen auf effektive Weise.<\/p>\n<p><strong><span class=\"Y2IQFc\" lang=\"de\">Dieses Kit ist f\u00fcr Fahrzeuge mit <span class=\"VIiyi\" lang=\"de\"><span class=\"JLqJ4b ChMk0b\" data-language-for-alternatives=\"de\" data-language-to-translate-into=\"fr\" data-phrase-index=\"0\">vorhandene<\/span><\/span> Fernbedienung<br \/>\n<\/span><\/strong><\/p>\n<p id=\"tw-target-text\" class=\"tw-data-text tw-text-large XcVN5d tw-ta\" dir=\"ltr\" data-placeholder=\"Traduction\"><span class=\"Y2IQFc\" lang=\"de\">Dank der speziell f\u00fcr diese Modelle entwickelten<\/span><span class=\"Y2IQFc\" lang=\"de\">Befestigungswinkel lassen sich die Schl\u00f6sser einfach und schnell montieren.<\/span><\/p>\n<p id=\"tw-target-text\" class=\"tw-data-text tw-text-large XcVN5d tw-ta\" dir=\"ltr\" data-placeholder=\"Traduction\"><span class=\"Y2IQFc\" lang=\"de\">Das Kit enth\u00e4lt die folgenden Artikel<\/span>:<br \/>\n&gt;\u00a01 schloss (<em>Ref V-CL-L-B<\/em> + V-CL-L-PAT-AH-JUMPYSCUEXP)<br \/>\n&gt;\u00a01 schloss (<em>Ref V-CL-L-B<\/em> + Ref V-CL-L-PAT-AB-JUMPYSCUEXP)<br \/>\n&gt; 1 schloss (<em>Ref V-CL-L-B<\/em> +Ref V-CL-L-PAT-LAT-JUMPYSCUEXP)<\/p>\n<p><b class=\"b2\">Technischen <\/b><strong>Spezifikationen<\/strong>:<br \/>\n\u2013 Riegelhub: 18 mm<br \/>\n\u2013 riegel Durchmessers : 8 mm<br \/>\n\u2013 <b class=\"b4\"><\/b>Riegel is flexible bis 90\u00b0<br \/>\n\u2013 12 V\/DC<br \/>\n\u2013 1 von 5 Verriegelungspunkte<br \/>\n\u2013 \u201eEmergency\u201c Kontroll-Druckknopf<br \/>\n\u2013 Kabelstrang<br \/>\n\u2013 Befestigungsteile<br \/>\n\u2013 Montage mit einfachem Montagesatz<\/p>\n<p><strong>W<b class=\"b3\">ichtigen V<\/b><b class=\"b2\">orte<\/b><b class=\"b1\">il<\/b>:<\/strong><br \/>\n\u2013 Zuverl\u00e4ssig und <span class=\"tag_e\"><span class=\"tag_t\">solide<\/span><\/span><br \/>\n\u2013 Ohne die aussen Karosserie zu durchbohren<br \/>\n\u2013 Eine schnelle und einfache Installation<br \/>\n\u2013 Unsichtbar nach au\u00dfen<br \/>\n\u2013 Funktioniert mit Original-Fernbedienung<\/p>\n<p>EAN: 7109611775185<\/p>\n","protected":false},"excerpt":{"rendered":"<p>Care-Lock ist eine elektrische\/ elektromechanische Van-schloss. Eine eine sicherere Alternative zu mechanischen Schl\u00f6ssern fur Citro\u00ebn JUMPY, Fiat SCUDO und Peugeot EXPERT<\/p>\n","protected":false},"featured_media":472,"template":"","meta":{"_et_pb_use_builder":"","_et_pb_old_content":"","_et_gb_content_width":""},"product_brand":[],"product_cat":[84,85,86,89],"product_tag":[79,80,81,82,83],"class_list":{"0":"post-510","1":"product","2":"type-product","3":"status-publish","4":"has-post-thumbnail","6":"product_cat-citroen-2","7":"product_cat-fiat-2","8":"product_cat-peugeot-2","9":"product_cat-schloss","10":"product_tag-antivol-livraison-de","11":"product_tag-antivol-moteur-tournant-de","12":"product_tag-antivol-vehicule-de","13":"product_tag-antivol-vehicule-professionnel-de","14":"product_tag-protection-marchandise-de","16":"first","17":"instock","18":"taxable","19":"shipping-taxable","20":"purchasable","21":"product-type-simple"},"_links":{"self":[{"href":"https:\/\/windoor-shop.com\/de\/wp-json\/wp\/v2\/product\/510","targetHints":{"allow":["GET"]}}],"collection":[{"href":"https:\/\/windoor-shop.com\/de\/wp-json\/wp\/v2\/product"}],"about":[{"href":"https:\/\/windoor-shop.com\/de\/wp-json\/wp\/v2\/types\/product"}],"wp:featuredmedia":[{"embeddable":true,"href":"https:\/\/windoor-shop.com\/de\/wp-json\/wp\/v2\/media\/472"}],"wp:attachment":[{"href":"https:\/\/windoor-shop.com\/de\/wp-json\/wp\/v2\/media?parent=510"}],"wp:term":[{"taxonomy":"product_brand","embeddable":true,"href":"https:\/\/windoor-shop.com\/de\/wp-json\/wp\/v2\/product_brand?post=510"},{"taxonomy":"product_cat","embeddable":true,"href":"https:\/\/windoor-shop.com\/de\/wp-json\/wp\/v2\/product_cat?post=510"},{"taxonomy":"product_tag","embeddable":true,"href":"https:\/\/windoor-shop.com\/de\/wp-json\/wp\/v2\/product_tag?post=510"}],"curies":[{"name":"wp","href":"https:\/\/api.w.org\/{rel}","templated":true}]}}