{"id":518,"date":"2022-11-23T09:13:46","date_gmt":"2022-11-23T08:13:46","guid":{"rendered":"https:\/\/windoor-shop.com\/?post_type=product&#038;p=518"},"modified":"2022-12-07T12:46:59","modified_gmt":"2022-12-07T11:46:59","slug":"elektromechanische-schloss-tuerverriegelung-fernbedienung-mercedes-sprinter","status":"publish","type":"product","link":"https:\/\/windoor-shop.com\/de\/produit\/elektromechanische-schloss-tuerverriegelung-fernbedienung-mercedes-sprinter\/","title":{"rendered":"Elektromechanische Sicherheitsschl\u00f6sser f\u00fcr Transportfahrzeuge mit Fernbedienung \u2022 Mercedes Sprinter nach 2017"},"content":{"rendered":"<p>Care-Lock ist eine Elektromechanische Sicherheitsschl\u00f6sser f\u00fcr Transportfahrzeuge. Das Schloss ist Ideal f\u00fcr Fahrzeugbesitzer, die wertvolle Waren oder Ausr\u00fcstungen transportieren bzw. das Fahrzeug beim Be- &amp; Entladen sichern wollen (Fahrzeuge von Handwerker, Transportunternehmen \u2026). Care-Lock sch\u00fctzt die Doppelfl\u00fcgel-Hintert\u00fcr von Transportern, Vans oder Wohnmobilen auf effektive Weise fur:<\/p>\n<p><strong>\u2022\u00a0Mercedes Sprinter <\/strong>(vor 2018 und nach dem Umstyling 2017<strong><br \/>\n<\/strong><strong>\u2022 Volkswagen Crafter\u00a0<\/strong>(vor 2018 und nach dem Umstyling 2017)<strong><br \/>\n<\/strong><\/p>\n<p><strong><span class=\"Y2IQFc\" lang=\"de\">Dieses Kit ist f\u00fcr Fahrzeuge ohne <span class=\"VIiyi\" lang=\"de\"><span class=\"JLqJ4b ChMk0b\" data-language-for-alternatives=\"de\" data-language-to-translate-into=\"fr\" data-phrase-index=\"0\">vorhandene<\/span><\/span> Fernbedienung<br \/>\n<\/span><\/strong><\/p>\n<p id=\"tw-target-text\" class=\"tw-data-text tw-text-large XcVN5d tw-ta\" dir=\"ltr\" data-placeholder=\"Traduction\"><span class=\"Y2IQFc\" lang=\"de\">Dank der speziell f\u00fcr diese Modelle entwickelten<\/span><span class=\"Y2IQFc\" lang=\"de\">Befestigungswinkel lassen sich die Schl\u00f6sser einfach und schnell montieren.<\/span><\/p>\n<p id=\"tw-target-text\" class=\"tw-data-text tw-text-large XcVN5d tw-ta\" dir=\"ltr\" data-placeholder=\"Traduction\"><span class=\"Y2IQFc\" lang=\"de\">Das Kit enth\u00e4lt die folgenden Artikel<\/span>:<br \/>\n&gt;\u00a01 schloss (<em>Ref V-CL-L-B<\/em> + Ref <em>V-CL-L-PAT-AH-SPRICRAF<\/em>)<br \/>\n&gt;\u00a01 schloss (<em>Ref V-CL-L-B<\/em> + Ref <em>V-CL-L-PAT-AB-SPRICRAF<\/em>)<br \/>\n&gt; 1 schloss (<em>Ref V-CL-L-B<\/em> +Ref <em>V-CL-L-PAT-LAT-SPRICRAF<\/em>)<br \/>\n&gt;\u00a01 Kontakttr\u00e4ger (<em>Ref V-CL-L-CONT-PLOT-2<\/em>)<br \/>\n&gt; Fernbedienung kit (<em>Ref <\/em><em>V-CL-L-TLC<\/em>)<\/p>\n<p><b class=\"b2\">Technischen <\/b><strong>Spezifikationen<\/strong>:<br \/>\n\u2013 Riegelhub: 18 mm<br \/>\n\u2013 riegel Durchmessers : 8 mm<br \/>\n\u2013 <b class=\"b4\"><\/b>Riegel is flexible bis 90\u00b0<br \/>\n\u2013 12 V\/DC<br \/>\n\u2013 1 von 5 Verriegelungspunkte<br \/>\n\u2013 \u201eEmergency\u201c Kontroll-Druckknopf<br \/>\n\u2013 Kabelstrang<br \/>\n\u2013 Befestigungsteile<br \/>\n\u2013 Montage mit einfachem Montagesatz\u00a0 fur Mercedes Vito<\/p>\n<p><strong>W<b class=\"b3\">ichtigen V<\/b><b class=\"b2\">orte<\/b><b class=\"b1\">il<\/b>:<\/strong><br \/>\n\u2013 Zuverl\u00e4ssig und <span class=\"tag_e\"><span class=\"tag_t\">solide<\/span><\/span><br \/>\n\u2013 Ohne die aussen Karosserie zu durchbohren<br \/>\n\u2013 Eine schnelle und einfache Installation<br \/>\n\u2013 Unsichtbar nach au\u00dfen<br \/>\n\u2013 Funktioniert auch mit Original-Fernbedienung<\/p>\n<p>EAN: 7109613593558<\/p>\n","protected":false},"excerpt":{"rendered":"<p>Care-Lock ist eine elektromechanische Frachtsicherung zur T\u00fcrverriegelung mit Fernbedienung kit f\u00fcr Mercedes Sprinter nach 2017<\/p>\n<p>&nbsp;<\/p>\n","protected":false},"featured_media":414,"template":"","meta":{"_et_pb_use_builder":"on","_et_pb_old_content":"","_et_gb_content_width":""},"product_brand":[],"product_cat":[87,89,78],"product_tag":[79,80,81,82,83],"class_list":{"0":"post-518","1":"product","2":"type-product","3":"status-publish","4":"has-post-thumbnail","6":"product_cat-mercedes-2","7":"product_cat-schloss","8":"product_cat-volkswagen-de","9":"product_tag-antivol-livraison-de","10":"product_tag-antivol-moteur-tournant-de","11":"product_tag-antivol-vehicule-de","12":"product_tag-antivol-vehicule-professionnel-de","13":"product_tag-protection-marchandise-de","15":"first","16":"instock","17":"taxable","18":"shipping-taxable","19":"purchasable","20":"product-type-simple"},"_links":{"self":[{"href":"https:\/\/windoor-shop.com\/de\/wp-json\/wp\/v2\/product\/518","targetHints":{"allow":["GET"]}}],"collection":[{"href":"https:\/\/windoor-shop.com\/de\/wp-json\/wp\/v2\/product"}],"about":[{"href":"https:\/\/windoor-shop.com\/de\/wp-json\/wp\/v2\/types\/product"}],"wp:featuredmedia":[{"embeddable":true,"href":"https:\/\/windoor-shop.com\/de\/wp-json\/wp\/v2\/media\/414"}],"wp:attachment":[{"href":"https:\/\/windoor-shop.com\/de\/wp-json\/wp\/v2\/media?parent=518"}],"wp:term":[{"taxonomy":"product_brand","embeddable":true,"href":"https:\/\/windoor-shop.com\/de\/wp-json\/wp\/v2\/product_brand?post=518"},{"taxonomy":"product_cat","embeddable":true,"href":"https:\/\/windoor-shop.com\/de\/wp-json\/wp\/v2\/product_cat?post=518"},{"taxonomy":"product_tag","embeddable":true,"href":"https:\/\/windoor-shop.com\/de\/wp-json\/wp\/v2\/product_tag?post=518"}],"curies":[{"name":"wp","href":"https:\/\/api.w.org\/{rel}","templated":true}]}}