{"id":573,"date":"2022-11-14T15:42:10","date_gmt":"2022-11-14T14:42:10","guid":{"rendered":"https:\/\/windoor-shop.com\/?post_type=product&#038;p=573"},"modified":"2022-11-30T21:13:16","modified_gmt":"2022-11-30T20:13:16","slug":"elektromechanische-frachtsicherung-zur-tuerverriegelung-mit-fernbedienung-ford-custom-nutzfahrzeuge","status":"publish","type":"product","link":"https:\/\/windoor-shop.com\/de\/produit\/elektromechanische-frachtsicherung-zur-tuerverriegelung-mit-fernbedienung-ford-custom-nutzfahrzeuge\/","title":{"rendered":"Elektromechanische Frachtsicherung zur T\u00fcrverriegelung mit Fernbedienung \u2022 Ford Custom Kastenwagen"},"content":{"rendered":"<p>Care-Lock\u00ae ist eine elektromechanische Frachtsicherung zur T\u00fcrverriegelung. Das Schloss ist Ideal f\u00fcr Fahrzeugbesitzer, die wertvolle Waren oder Ausr\u00fcstungen transportieren bzw. das Fahrzeug beim Be- &amp; Entladen sichern wollen (Fahrzeuge von Handwerker, Transportunternehmen \u2026). Care-Lock sch\u00fctzt die Doppelfl\u00fcgel-Hintert\u00fcr von Transportern, Vans oder Wohnmobilen auf effektive Weise.<\/p>\n<p><strong><span class=\"Y2IQFc\" lang=\"de\">Dieses Kit ist f\u00fcr Fahrzeuge ohne <span class=\"VIiyi\" lang=\"de\"><span class=\"JLqJ4b ChMk0b\" data-language-for-alternatives=\"de\" data-language-to-translate-into=\"fr\" data-phrase-index=\"0\">vorhandene<\/span><\/span> Fernbedienung<br \/>\n<\/span><\/strong><\/p>\n<p id=\"tw-target-text\" class=\"tw-data-text tw-text-large XcVN5d tw-ta\" dir=\"ltr\" data-placeholder=\"Traduction\"><span class=\"Y2IQFc\" lang=\"de\">Dank der speziell f\u00fcr diese Modelle entwickelten<\/span><span class=\"Y2IQFc\" lang=\"de\">Befestigungswinkel lassen sich die Schl\u00f6sser einfach und schnell montieren.<\/span><\/p>\n<p id=\"tw-target-text\" class=\"tw-data-text tw-text-large XcVN5d tw-ta\" dir=\"ltr\" data-placeholder=\"Traduction\"><span class=\"Y2IQFc\" lang=\"de\">Das Kit enth\u00e4lt die folgenden Artikel<\/span>:<br \/>\n&gt;\u00a01 schloss (<em>Ref V-CL-L-B<\/em> + <em>V-CL-L-PAT-AH-FORDCUSTOM<\/em>)<br \/>\n&gt;\u00a01 schloss (<em>Ref V-CL-L-B<\/em> + Ref <em>V-CL-L-PAT-AB-FORDCUSTOM<\/em>)<br \/>\n&gt; 1 schloss (<em>Ref V-CL-L-B<\/em> +Ref <em>V-CL-L-PAT-LAT-FORDCUSTOM<\/em>)<br \/>\n&gt;\u00a01 Kontakttr\u00e4ger (<em>Ref V-CL-L-CONT-PLOT-2<\/em>)<br \/>\n&gt; Fernbedienung kit (<em>Ref <\/em><em>V-CL-L-TLC<\/em>)<\/p>\n<p><b class=\"b2\">Technischen <\/b><strong>Spezifikationen<\/strong>:<br \/>\n\u2013 Riegelhub: 18 mm<br \/>\n\u2013 riegel Durchmessers : 8 mm<br \/>\n\u2013 <b class=\"b4\"><\/b>Riegel is flexible bis 90\u00b0<br \/>\n\u2013 12 V\/DC<br \/>\n\u2013 1 von 5 Verriegelungspunkte<br \/>\n\u2013 \u201eEmergency\u201c Kontroll-Druckknopf<br \/>\n\u2013 Kabelstrang<br \/>\n\u2013 Befestigungsteile<br \/>\n\u2013 Montage mit einfachem Montagesatz<\/p>\n<p><strong>W<b class=\"b3\">ichtigen V<\/b><b class=\"b2\">orte<\/b><b class=\"b1\">il<\/b>:<\/strong><br \/>\n\u2013 Zuverl\u00e4ssig und <span class=\"tag_e\"><span class=\"tag_t\">solide<\/span><\/span><br \/>\n\u2013 Ohne die aussen Karosserie zu durchbohren<br \/>\n\u2013 Eine schnelle und einfache Installation<br \/>\n\u2013 Unsichtbar nach au\u00dfen<br \/>\n\u2013 Funktioniert mit Original-Fernbedienung<\/p>\n","protected":false},"excerpt":{"rendered":"<p>Care-Lock ist eine elektromechanische Frachtsicherung zur T\u00fcrverriegelung mit Fernbedienung kit f\u00fcr Ford Custom.<\/p>\n<p>&nbsp;<\/p>\n","protected":false},"featured_media":436,"template":"","meta":{"_et_pb_use_builder":"","_et_pb_old_content":"","_et_gb_content_width":""},"product_brand":[],"product_cat":[90,89],"product_tag":[79,80,81,82,83],"class_list":{"0":"post-573","1":"product","2":"type-product","3":"status-publish","4":"has-post-thumbnail","6":"product_cat-ford-de","7":"product_cat-schloss","8":"product_tag-antivol-livraison-de","9":"product_tag-antivol-moteur-tournant-de","10":"product_tag-antivol-vehicule-de","11":"product_tag-antivol-vehicule-professionnel-de","12":"product_tag-protection-marchandise-de","14":"first","15":"instock","16":"taxable","17":"shipping-taxable","18":"purchasable","19":"product-type-simple"},"_links":{"self":[{"href":"https:\/\/windoor-shop.com\/de\/wp-json\/wp\/v2\/product\/573","targetHints":{"allow":["GET"]}}],"collection":[{"href":"https:\/\/windoor-shop.com\/de\/wp-json\/wp\/v2\/product"}],"about":[{"href":"https:\/\/windoor-shop.com\/de\/wp-json\/wp\/v2\/types\/product"}],"wp:featuredmedia":[{"embeddable":true,"href":"https:\/\/windoor-shop.com\/de\/wp-json\/wp\/v2\/media\/436"}],"wp:attachment":[{"href":"https:\/\/windoor-shop.com\/de\/wp-json\/wp\/v2\/media?parent=573"}],"wp:term":[{"taxonomy":"product_brand","embeddable":true,"href":"https:\/\/windoor-shop.com\/de\/wp-json\/wp\/v2\/product_brand?post=573"},{"taxonomy":"product_cat","embeddable":true,"href":"https:\/\/windoor-shop.com\/de\/wp-json\/wp\/v2\/product_cat?post=573"},{"taxonomy":"product_tag","embeddable":true,"href":"https:\/\/windoor-shop.com\/de\/wp-json\/wp\/v2\/product_tag?post=573"}],"curies":[{"name":"wp","href":"https:\/\/api.w.org\/{rel}","templated":true}]}}