{"id":728,"date":"2022-12-01T15:50:01","date_gmt":"2022-12-01T14:50:01","guid":{"rendered":"https:\/\/windoor-shop.com\/?post_type=product&#038;p=728"},"modified":"2022-12-03T17:04:02","modified_gmt":"2022-12-03T16:04:02","slug":"care-code-automatische-offnung-motorisierten-tors-garagentor-cc-eme-2","status":"publish","type":"product","link":"https:\/\/windoor-shop.com\/de\/produit\/care-code-automatische-offnung-motorisierten-tors-garagentor-cc-eme-2\/","title":{"rendered":"CARE-CODE\u00ae Sender f\u00fcr die \u00d6ffnung eines motorisierten Tors oder Garagentors \u2022 Ref CC-EME-2"},"content":{"rendered":"<div class=\"col-md-8 text-default small-screen-default\">\n<header class=\"text-center element-medium-top element-short-bottom not-condensed os-animation animated fadeInUp\" data-os-animation=\"fadeInUp\" data-os-animation-delay=\"0s\">\n<h3 class=\"bigger hairline bordered bordered-small\">Genial, einfach, verschl\u00fcsselt<\/h3>\n<p class=\"normal\">Care Code ist ein geniales System zum <strong>automatischen<\/strong> \u00d6ffnen von motorisie<strong>rten Toren und Garagen<\/strong> <strong>durch Lichthupe<\/strong>. Es besteht aus einem Empf\u00e4nger, der an der T\u00fcr angebracht wird, und einem Sender, der im Fahrzeug versteckt ist. Mit einem einfachen Lichthupeffekt (ein, zwei oder drei Blitze) lassen sich bis zu vier verschiedene Garagen- oder Toreinfahrten bequem \u00f6ffnen. Das Lichtrufsystem ist einfach zu installieren und praktisch in der Anwendung, da es kein Risiko gibt, dass die Fernbedienung oder der Code gestohlen werden. Ein echtes James-Bond-Gadget!<\/p>\n<\/header>\n<\/div>\n<div class=\"col-md-6 text-default small-screen-default\">\n<div class=\" element-short-top element-short-bottom\" data-os-animation=\"none\" data-os-animation-delay=\"0s\">\n<p class=\"font_8\">Dieser Sender ist eine von zwei Komponenten des kompletten Kits.\u00a0Er wird ben\u00f6tigt, wenn Sie bereits ein Set gekauft haben und ein zus\u00e4tzliches Fahrzeug besitzen (Auto\/Motorrad\/LKW).\u00a0F\u00fcr ein drittes Fahrzeug ben\u00f6tigen Sie einen dritten Sender, etc.<br \/>\nSie k\u00f6nnen f\u00fcr ein und denselben Empf\u00e4nger unendlich viele Sender verwenden! Ideal, wenn Sie eine Flotte von Fahrzeugen besitzen, die denselben motorisierten Zugang (Tor, T\u00fcr&#8230;) passieren m\u00fcssen.<\/p>\n<p><em>Vous pouvez d\u00e9couvrir \u00e9galement le site d\u00e9di\u00e9 \u00e0 ce produit sur <a href=\"https:\/\/care-code.com\">https:\/\/care-code.com<\/a><\/em><\/p>\n<\/div>\n<\/div>\n","protected":false},"excerpt":{"rendered":"<p>Genial, einfach, verschl\u00fcsselt Care Code ist ein geniales System zum automatischen \u00d6ffnen von motorisierten Toren und Garagen durch Lichthupe. Es besteht aus einem Empf\u00e4nger, der an der T\u00fcr angebracht wird, und einem Sender, der im Fahrzeug versteckt ist. Mit einem einfachen Lichthupeffekt (ein, zwei oder drei Blitze) lassen sich bis zu vier verschiedene Garagen- oder [&hellip;]<\/p>\n","protected":false},"featured_media":703,"template":"","meta":{"_et_pb_use_builder":"","_et_pb_old_content":"","_et_gb_content_width":""},"product_brand":[],"product_cat":[105],"product_tag":[],"class_list":{"0":"post-728","1":"product","2":"type-product","3":"status-publish","4":"has-post-thumbnail","6":"product_cat-care-code-de","8":"first","9":"instock","10":"taxable","11":"shipping-taxable","12":"purchasable","13":"product-type-simple"},"_links":{"self":[{"href":"https:\/\/windoor-shop.com\/de\/wp-json\/wp\/v2\/product\/728","targetHints":{"allow":["GET"]}}],"collection":[{"href":"https:\/\/windoor-shop.com\/de\/wp-json\/wp\/v2\/product"}],"about":[{"href":"https:\/\/windoor-shop.com\/de\/wp-json\/wp\/v2\/types\/product"}],"wp:featuredmedia":[{"embeddable":true,"href":"https:\/\/windoor-shop.com\/de\/wp-json\/wp\/v2\/media\/703"}],"wp:attachment":[{"href":"https:\/\/windoor-shop.com\/de\/wp-json\/wp\/v2\/media?parent=728"}],"wp:term":[{"taxonomy":"product_brand","embeddable":true,"href":"https:\/\/windoor-shop.com\/de\/wp-json\/wp\/v2\/product_brand?post=728"},{"taxonomy":"product_cat","embeddable":true,"href":"https:\/\/windoor-shop.com\/de\/wp-json\/wp\/v2\/product_cat?post=728"},{"taxonomy":"product_tag","embeddable":true,"href":"https:\/\/windoor-shop.com\/de\/wp-json\/wp\/v2\/product_tag?post=728"}],"curies":[{"name":"wp","href":"https:\/\/api.w.org\/{rel}","templated":true}]}}