{"id":739,"date":"2022-12-03T16:20:17","date_gmt":"2022-12-03T15:20:17","guid":{"rendered":"https:\/\/windoor-shop.com\/?post_type=product&#038;p=739"},"modified":"2022-12-03T17:03:13","modified_gmt":"2022-12-03T16:03:13","slug":"care-code-offnung-motorisierten-tors-garagentors-ref-cc-k-ac","status":"publish","type":"product","link":"https:\/\/windoor-shop.com\/de\/produit\/care-code-offnung-motorisierten-tors-garagentors-ref-cc-k-ac\/","title":{"rendered":"CARE-CODE\u00ae Receiver f\u00fcr die \u00d6ffnung eines motorisierten Tors oder Garagentors \u2022 CC-K-AC (Sender via Zigarettenanz\u00fcnder)"},"content":{"rendered":"<div class=\"col-md-8 text-default small-screen-default\"><\/div>\n<div class=\"col-md-6 text-default small-screen-default\">\n<div class=\" element-short-top element-short-bottom\" data-os-animation=\"none\" data-os-animation-delay=\"0s\">\n<div class=\"col-md-8 text-default small-screen-default\">\n<header class=\"text-center element-medium-top element-short-bottom not-condensed os-animation animated fadeInUp\" data-os-animation=\"fadeInUp\" data-os-animation-delay=\"0s\">\n<h3><\/h3>\n<h3 class=\"bigger hairline bordered bordered-small\">Genial, einfach, verschl\u00fcsselt<\/h3>\n<p class=\"normal\">Care Code ist ein geniales System zum <strong>automatischen<\/strong> \u00d6ffnen von motorisie<strong>rten Toren und Garagen<\/strong> <strong>durch Lichthupe<\/strong>. Es besteht aus einem Empf\u00e4nger, der an der T\u00fcr angebracht wird, und einem Sender, der im Fahrzeug versteckt ist. Mit einem einfachen Lichthupeffekt (ein, zwei oder drei Blitze) lassen sich bis zu vier verschiedene Garagen- oder Toreinfahrten bequem \u00f6ffnen. Das Lichtrufsystem ist einfach zu installieren und praktisch in der Anwendung, da es kein Risiko gibt, dass die Fernbedienung oder der Code gestohlen werden. Ein echtes James-Bond-Gadget!<\/p>\n<\/header>\n<\/div>\n<h4 data-animation=\"bounce\">Zusammensetzung &amp; Funktionsweise<\/h4>\n<div class=\"features-list-icon box-animate\" data-animation=\"bounce\">\n<p>Das Kit besteht aus einem Empf\u00e4nger, der am Mechanismus der motorisierten T\u00fcr angebracht wird, und einem Sender, der an das Fahrzeug angeschlossen wird. Beide kommunizieren \u00fcber eine verschl\u00fcsselte Radiofrequenz.<\/p>\n<p>Auf Druck des Scheinwerferbefehls (z. B.) steuert der Sender, der in diesem Moment eingeschaltet wird, den Ausgang des Empf\u00e4ngers f\u00fcr 2 Sekunden fern, w\u00e4hrend dieser Zeit wird ein Druck auf den manuellen Schalter zum \u00d6ffnen der T\u00fcr oder des Tors simuliert.<br \/>\nEin doppelter Druck (z. B.) reicht aus, um die T\u00fcr wieder zu schlie\u00dfen. Es ist auch m\u00f6glich, eine andere Automatik zu bedienen. Und ein Empf\u00e4nger kann unendlich viele Sender empfangen! Nach der \u00dcbertragung des Befehls schaltet der Sender in den Standby-Modus, um den Stromverbrauch zu senken.<\/p>\n<\/div>\n<p>Das Set besteht aus dem Minisender CC-EME-AC und dem Miniempf\u00e4nger CC-REC-2.\u00a0 Dank seiner Minigr\u00f6\u00dfe und seines geringen Gewichts kann der Sender im Freien (Kofferraum, Fahrgastzelle, Motorradverkleidung usw.), aber gesch\u00fctzt installiert werden, denn obwohl er unempfindlich gegen Feuchtigkeit ist, ist es nicht ratsam, die Produkte den Elementen ausgesetzt zu lassen.<\/p>\n<p>Bei einem doppelten Lichtruf (Kanal 1) steuert der Sender, der zu diesem Zeitpunkt eingeschaltet wird, den Ausgang 1 des Empf\u00e4ngers f\u00fcr 2 Sekunden fern, w\u00e4hrend dieser Zeit wird ein Druck auf den manuellen Schalter zum \u00d6ffnen der T\u00fcr oder des Tors simuliert.<br \/>\nMit einem verl\u00e4ngerten Lichtruf (Kanal 2) k\u00f6nnen Sie ein anderes Tor oder eine andere T\u00fcr (z.B. mit einem anderen Empf\u00e4nger) bedienen ODER den Ausgang 2 desselben Empf\u00e4ngers bedienen, um z.B. die T\u00fcr oder das Tor zu schlie\u00dfen oder Ihre Einfahrt oder Ihren Garten zu beleuchten\u2026<br \/>\nSobald der Sender seinen Befehl \u00fcbermittelt hat, schaltet er in den Standby-Modus, um auf sehr niedrigen Stromverbrauch umzuschalten.<\/p>\n<\/div>\n<\/div>\n","protected":false},"excerpt":{"rendered":"<p>Genial, einfach, verschl\u00fcsselt Care Code ist ein geniales System zum automatischen \u00d6ffnen von motorisierten Toren und Garagen durch Lichthupe. Es besteht aus einem Empf\u00e4nger, der an der T\u00fcr angebracht wird, und einem Sender, der im Fahrzeug versteckt ist. Mit einem einfachen Lichthupeffekt (ein, zwei oder drei Blitze) lassen sich bis zu vier verschiedene Garagen- oder [&hellip;]<\/p>\n","protected":false},"featured_media":694,"template":"","meta":{"_et_pb_use_builder":"","_et_pb_old_content":"","_et_gb_content_width":""},"product_brand":[],"product_cat":[105],"product_tag":[],"class_list":{"0":"post-739","1":"product","2":"type-product","3":"status-publish","4":"has-post-thumbnail","6":"product_cat-care-code-de","8":"first","9":"onbackorder","10":"taxable","11":"shipping-taxable","12":"purchasable","13":"product-type-simple"},"_links":{"self":[{"href":"https:\/\/windoor-shop.com\/de\/wp-json\/wp\/v2\/product\/739","targetHints":{"allow":["GET"]}}],"collection":[{"href":"https:\/\/windoor-shop.com\/de\/wp-json\/wp\/v2\/product"}],"about":[{"href":"https:\/\/windoor-shop.com\/de\/wp-json\/wp\/v2\/types\/product"}],"wp:featuredmedia":[{"embeddable":true,"href":"https:\/\/windoor-shop.com\/de\/wp-json\/wp\/v2\/media\/694"}],"wp:attachment":[{"href":"https:\/\/windoor-shop.com\/de\/wp-json\/wp\/v2\/media?parent=739"}],"wp:term":[{"taxonomy":"product_brand","embeddable":true,"href":"https:\/\/windoor-shop.com\/de\/wp-json\/wp\/v2\/product_brand?post=739"},{"taxonomy":"product_cat","embeddable":true,"href":"https:\/\/windoor-shop.com\/de\/wp-json\/wp\/v2\/product_cat?post=739"},{"taxonomy":"product_tag","embeddable":true,"href":"https:\/\/windoor-shop.com\/de\/wp-json\/wp\/v2\/product_tag?post=739"}],"curies":[{"name":"wp","href":"https:\/\/api.w.org\/{rel}","templated":true}]}}