{"id":764,"date":"2022-12-07T16:26:41","date_gmt":"2022-12-07T15:26:41","guid":{"rendered":"https:\/\/windoor-shop.com\/?post_type=product&#038;p=764"},"modified":"2022-12-07T16:51:21","modified_gmt":"2022-12-07T15:51:21","slug":"care-code-komplettset-offnung-motorisierten-tors-garagentors-cc-k-aut","status":"publish","type":"product","link":"https:\/\/windoor-shop.com\/de\/produit\/care-code-komplettset-offnung-motorisierten-tors-garagentors-cc-k-aut\/","title":{"rendered":"CARE-CODE\u00ae  Komplettset Multiplex f\u00fcr die \u00d6ffnung eines motorisierten Tors oder Garagentors \u2022 CC-K-AUT"},"content":{"rendered":"<div class=\"col-md-8 text-default small-screen-default\">\n<header class=\"text-center element-medium-top element-short-bottom not-condensed os-animation animated fadeInUp\" data-os-animation=\"fadeInUp\" data-os-animation-delay=\"0s\">\n<h3 class=\"bigger hairline bordered bordered-small\">Genial, einfach, verschl\u00fcsselt<\/h3>\n<p class=\"normal\">Care Code ist ein geniales System zum <strong>automatischen<\/strong> <strong>\u00d6ffnen<\/strong> von <strong>motorisierten Toren und Garagen<\/strong> <strong>durch Lichthupe<\/strong>. Es besteht aus einem Empf\u00e4nger, der an der T\u00fcr angebracht wird, und einem Sender, der im Fahrzeug versteckt ist. Mit einem einfachen Lichthupeffekt (ein, zwei oder drei Blitze) lassen sich bis zu vier verschiedene Garagen- oder Toreinfahrten bequem \u00f6ffnen. Das Lichtrufsystem ist einfach zu installieren und praktisch in der Anwendung, da es kein Risiko gibt, dass die Fernbedienung oder der Code gestohlen werden. Ein echtes James-Bond-Gadget!<\/p>\n<\/header>\n<\/div>\n<div class=\"col-md-6 text-default small-screen-default\">\n<div class=\" element-short-top element-short-bottom\" data-os-animation=\"none\" data-os-animation-delay=\"0s\">\n<p><em>&gt;Diese Version ist ideal f\u00fcr Benutzer, die sich nicht auf die Scheinwerfer des Fahrzeugs verlassen k\u00f6nnen (Multiplex, Garantiefehler usw.). Der Sender (CC-EME-AUT) wird mit einer eigenen Batterie und einem Druckknopf geliefert, der seine Befehle an den Empf\u00e4nger sendet, so dass Sie nicht die Schwierigkeiten haben, die einige neue Fahrzeuge mit Multiplex beim Einbau unseres Standardsenders haben (insbesondere deutsche Limousinen und Motorr\u00e4der).<\/em><\/p>\n<p>&nbsp;<\/p>\n<\/div>\n<\/div>\n","protected":false},"excerpt":{"rendered":"<p>Genial, einfach, verschl\u00fcsselt Care Code ist ein geniales System zum automatischen \u00d6ffnen von motorisierten Toren und Garagen durch Lichthupe. Es besteht aus einem Empf\u00e4nger, der an der T\u00fcr angebracht wird, und einem Sender, der im Fahrzeug versteckt ist. Mit einem einfachen Lichthupeffekt (ein, zwei oder drei Blitze) lassen sich bis zu vier verschiedene Garagen- oder [&hellip;]<\/p>\n","protected":false},"featured_media":697,"template":"","meta":{"_et_pb_use_builder":"","_et_pb_old_content":"","_et_gb_content_width":""},"product_brand":[],"product_cat":[105],"product_tag":[],"class_list":{"0":"post-764","1":"product","2":"type-product","3":"status-publish","4":"has-post-thumbnail","6":"product_cat-care-code-de","8":"first","9":"onbackorder","10":"taxable","11":"shipping-taxable","12":"purchasable","13":"product-type-simple"},"_links":{"self":[{"href":"https:\/\/windoor-shop.com\/de\/wp-json\/wp\/v2\/product\/764","targetHints":{"allow":["GET"]}}],"collection":[{"href":"https:\/\/windoor-shop.com\/de\/wp-json\/wp\/v2\/product"}],"about":[{"href":"https:\/\/windoor-shop.com\/de\/wp-json\/wp\/v2\/types\/product"}],"wp:featuredmedia":[{"embeddable":true,"href":"https:\/\/windoor-shop.com\/de\/wp-json\/wp\/v2\/media\/697"}],"wp:attachment":[{"href":"https:\/\/windoor-shop.com\/de\/wp-json\/wp\/v2\/media?parent=764"}],"wp:term":[{"taxonomy":"product_brand","embeddable":true,"href":"https:\/\/windoor-shop.com\/de\/wp-json\/wp\/v2\/product_brand?post=764"},{"taxonomy":"product_cat","embeddable":true,"href":"https:\/\/windoor-shop.com\/de\/wp-json\/wp\/v2\/product_cat?post=764"},{"taxonomy":"product_tag","embeddable":true,"href":"https:\/\/windoor-shop.com\/de\/wp-json\/wp\/v2\/product_tag?post=764"}],"curies":[{"name":"wp","href":"https:\/\/api.w.org\/{rel}","templated":true}]}}