{"id":858,"date":"2023-02-26T14:08:15","date_gmt":"2023-02-26T13:08:15","guid":{"rendered":"https:\/\/windoor-shop.com\/?post_type=product&#038;p=858"},"modified":"2024-08-17T11:03:08","modified_gmt":"2024-08-17T09:03:08","slug":"win-door-automatisme-pour-porte-laterale-de-mercedes-sprinter-2006-actuel","status":"publish","type":"product","link":"https:\/\/windoor-shop.com\/de\/produit\/win-door-automatisme-pour-porte-laterale-de-mercedes-sprinter-2006-actuel\/","title":{"rendered":"WIN-DOOR &#8211; Automatisme pour porte lat\u00e9rale de Mercedes Sprinter 2006-actuel"},"content":{"rendered":"<p>La motorisation pour porte lat\u00e9rale coulissante WIN-DOOR \u00ab\u00a0PRO\u00a0\u00bb est con\u00e7ue sp\u00e9cifiquement pour fonctionner toute la journ\u00e9e sans surchauffe et pour environ 800\u2019000 cycles d\u2019utilisation soit environ 5 ans d\u2019utilisation intensive. Les avantages de notre syst\u00e8mes par rapport \u00e0 la concurrence sont :<\/p>\n<ol>\n<li>Un r\u00e9ducteur r\u00e9versible laissant la possibilit\u00e9 de man\u0153uvrer la porte manuellement<\/li>\n<li>Son moteur est le plus compact et puissant parmi les syst\u00e8mes sur le march\u00e9 avec une force de traction d\u2019environ 30Kg. Il peut ais\u00e9ment ouvrir m\u00eame les portes lat\u00e9rales coulissantes les plus lourdes du march\u00e9, ceci m\u00eame quand le v\u00e9hicule est gar\u00e9 en pente<\/li>\n<li>La transmission par cr\u00e9maill\u00e8re la plus rapide du march\u00e9 avec une vitesse de 0.3m\/s. Il faut donc environ 2-3 secondes pour ouvrir\/fermer la porte<\/li>\n<li>\u00a0La porte est actionn\u00e9e via un bouton au tableau de bord. Il est possible de rajouter un bouton \u00e0 proximit\u00e9 de la porte ainsi qu\u2019une t\u00e9l\u00e9commande<\/li>\n<li>La poign\u00e9e ext\u00e9rieure peut \u00eatre masqu\u00e9e pour \u00e9viter les manipulations et limiter les tentatives d\u2019effractions<\/li>\n<li>Automatisme certifi\u00e9 CE<\/li>\n<li>M\u00e9canisme prot\u00e9g\u00e9 par un bo\u00eetier \u00e9l\u00e9gant qui se fond dans l\u2019habitacle du v\u00e9hicule<\/li>\n<li>L\u2019 \u00e9crou d\u2019attache \u00e0 la porte est multidirectionnel et permet un ajustement exact \u00e0 la porte du v\u00e9hicule<\/li>\n<li>Le syst\u00e8me s\u2019installe en 2 \u00e0 4 heures pour un technicien Une notice d\u2019installation compl\u00e8te est fournie avec chaque kit pr\u00e9-assembl\u00e9 pour faciliter la pose<\/li>\n<\/ol>\n<h4>Sp\u00e9cificit\u00e9s techniques :<\/h4>\n<ul>\n<li>Consommation : 70 Watts<\/li>\n<li>Vitesse d\u2019ouverture: 0.3 m\/s<\/li>\n<li>Vitesse de fermeture : 0.3 m\/s<\/li>\n<li>Temp\u00e9rature de fonctionnement minimal : -25\u00b0C<\/li>\n<li>Temp\u00e9rature de fonctionnement maximum : 45\u00b0C<\/li>\n<li>Fr\u00e9quence d\u2019utilisation cible : environ 500 fois \/ jour<\/li>\n<\/ul>\n","protected":false},"excerpt":{"rendered":"<p>La motorisation pour porte lat\u00e9rale coulissante WIN-DOOR \u00ab\u00a0PRO\u00a0\u00bb est con\u00e7ue sp\u00e9cifiquement pour fonctionner toute la journ\u00e9e sans surchauffe et pour environ 800\u2019000 cycles d\u2019utilisation soit environ 5 ans d\u2019utilisation intensive. Les avantages de notre syst\u00e8mes par rapport \u00e0 la concurrence sont : Un r\u00e9ducteur r\u00e9versible laissant la possibilit\u00e9 de man\u0153uvrer la porte manuellement Son moteur [&hellip;]<\/p>\n","protected":false},"featured_media":859,"template":"","meta":{"_et_pb_use_builder":"","_et_pb_old_content":"","_et_gb_content_width":""},"product_brand":[],"product_cat":[112],"product_tag":[],"class_list":{"0":"post-858","1":"product","2":"type-product","3":"status-publish","4":"has-post-thumbnail","6":"product_cat-motorisation-laterale","8":"first","9":"instock","10":"taxable","11":"shipping-taxable","12":"purchasable","13":"product-type-simple"},"_links":{"self":[{"href":"https:\/\/windoor-shop.com\/de\/wp-json\/wp\/v2\/product\/858","targetHints":{"allow":["GET"]}}],"collection":[{"href":"https:\/\/windoor-shop.com\/de\/wp-json\/wp\/v2\/product"}],"about":[{"href":"https:\/\/windoor-shop.com\/de\/wp-json\/wp\/v2\/types\/product"}],"wp:featuredmedia":[{"embeddable":true,"href":"https:\/\/windoor-shop.com\/de\/wp-json\/wp\/v2\/media\/859"}],"wp:attachment":[{"href":"https:\/\/windoor-shop.com\/de\/wp-json\/wp\/v2\/media?parent=858"}],"wp:term":[{"taxonomy":"product_brand","embeddable":true,"href":"https:\/\/windoor-shop.com\/de\/wp-json\/wp\/v2\/product_brand?post=858"},{"taxonomy":"product_cat","embeddable":true,"href":"https:\/\/windoor-shop.com\/de\/wp-json\/wp\/v2\/product_cat?post=858"},{"taxonomy":"product_tag","embeddable":true,"href":"https:\/\/windoor-shop.com\/de\/wp-json\/wp\/v2\/product_tag?post=858"}],"curies":[{"name":"wp","href":"https:\/\/api.w.org\/{rel}","templated":true}]}}