{"id":884,"date":"2024-02-13T11:34:23","date_gmt":"2024-02-13T10:34:23","guid":{"rendered":"https:\/\/windoor-shop.com\/?post_type=product&#038;p=884"},"modified":"2025-10-08T10:41:37","modified_gmt":"2025-10-08T08:41:37","slug":"moniteur-couleur-7-pouces-a-1-entree-video-4points-c-cvm-c7e","status":"publish","type":"product","link":"https:\/\/windoor-shop.com\/de\/produit\/moniteur-couleur-7-pouces-a-1-entree-video-4points-c-cvm-c7e\/","title":{"rendered":"Moniteur couleur 7 pouces \u00e0 1 entr\u00e9e vid\u00e9o (4points) \u2022 C-CVM-C7E"},"content":{"rendered":"<p><strong>Moniteur : \u00e9cran TFT LCD 7&#8243; R\u00e9f. CVM-C7E \u00e0 1 ENTR\u00c9E<\/strong><\/p>\n<p>&#8211; 175 mm de diagonale avec haut-parleur inte\u0301gr\u00e9<br \/>\n&#8211; Alimentation 1 0 \u00e0 32 VDC<br \/>\n&#8211; Re\u0301sistance aux vibrations m\u00e9caniques : 1 0G<br \/>\n&#8211; Temp\u00e9rature de fonctionnement : -20\u00b0C \u00e0 + 70\u00b0C<br \/>\n&#8211; Taux d\u2019humidit\u00e9 : 90% max<br \/>\n&#8211; R\u00e9tro-\u00e9clairage automatique des touches de l&#8217;\u00e9cran<br \/>\n&#8211; Syst\u00e8mes vid\u00e9os : PAL\/NTSC<br \/>\n&#8211; Image affich\u00e9e verticalement ou horizontalement<br \/>\n&#8211; Contr\u00f4le automatique de la luminosit\u00e9 de l\u2019image<br \/>\n&#8211; Basculement automatique de l\u2019image sur la cam\u00e9ra de<br \/>\nvision arri\u00e8re quand la marche arri\u00e8re est enclench\u00e9e<br \/>\n&#8211; Poids : 600 g<\/p>\n<p>&nbsp;<\/p>\n<p>&nbsp;<\/p>\n","protected":false},"excerpt":{"rendered":"<p>Moniteur : \u00e9cran TFT LCD 7&#8243; R\u00e9f. CVM-C7E \u00e0 1 ENTR\u00c9E &#8211; 175 mm de diagonale avec haut-parleur inte\u0301gr\u00e9 &#8211; Alimentation 1 0 \u00e0 32 VDC &#8211; Re\u0301sistance aux vibrations m\u00e9caniques : 1 0G &#8211; Temp\u00e9rature de fonctionnement : -20\u00b0C \u00e0 + 70\u00b0C &#8211; Taux d\u2019humidit\u00e9 : 90% max &#8211; R\u00e9tro-\u00e9clairage automatique des touches de [&hellip;]<\/p>\n","protected":false},"featured_media":1194,"template":"","meta":{"_et_pb_use_builder":"","_et_pb_old_content":"","_et_gb_content_width":""},"product_brand":[],"product_cat":[111],"product_tag":[],"class_list":{"0":"post-884","1":"product","2":"type-product","3":"status-publish","4":"has-post-thumbnail","6":"product_cat-moniteurs","8":"first","9":"instock","10":"taxable","11":"shipping-taxable","12":"purchasable","13":"product-type-simple"},"_links":{"self":[{"href":"https:\/\/windoor-shop.com\/de\/wp-json\/wp\/v2\/product\/884","targetHints":{"allow":["GET"]}}],"collection":[{"href":"https:\/\/windoor-shop.com\/de\/wp-json\/wp\/v2\/product"}],"about":[{"href":"https:\/\/windoor-shop.com\/de\/wp-json\/wp\/v2\/types\/product"}],"wp:featuredmedia":[{"embeddable":true,"href":"https:\/\/windoor-shop.com\/de\/wp-json\/wp\/v2\/media\/1194"}],"wp:attachment":[{"href":"https:\/\/windoor-shop.com\/de\/wp-json\/wp\/v2\/media?parent=884"}],"wp:term":[{"taxonomy":"product_brand","embeddable":true,"href":"https:\/\/windoor-shop.com\/de\/wp-json\/wp\/v2\/product_brand?post=884"},{"taxonomy":"product_cat","embeddable":true,"href":"https:\/\/windoor-shop.com\/de\/wp-json\/wp\/v2\/product_cat?post=884"},{"taxonomy":"product_tag","embeddable":true,"href":"https:\/\/windoor-shop.com\/de\/wp-json\/wp\/v2\/product_tag?post=884"}],"curies":[{"name":"wp","href":"https:\/\/api.w.org\/{rel}","templated":true}]}}