{"id":1003,"date":"2024-05-04T12:29:14","date_gmt":"2024-05-04T10:29:14","guid":{"rendered":"https:\/\/windoor-shop.com\/?post_type=product&#038;p=1003"},"modified":"2025-06-19T16:36:52","modified_gmt":"2025-06-19T14:36:52","slug":"kit-retrovision-camion-utilitaire-quad-moniteur-7-pouces-vv-k715-q-hd-1c20m720","status":"publish","type":"product","link":"https:\/\/windoor-shop.com\/en\/produit\/kit-retrovision-camion-utilitaire-quad-moniteur-7-pouces-vv-k715-q-hd-1c20m720\/","title":{"rendered":"Kit de r\u00e9trovision Quad HD &#8211; moniteur 7 pouces 4 entr\u00e9es, cam\u00e9ra couleur HD et c\u00e2ble de 20 m.\u2022 VV-K715-Q-HD-1C20M720"},"content":{"rendered":"<div class=\"page\" title=\"Page 2\">\n<div class=\"section\">\n<div class=\"layoutArea\">\n<div class=\"column\">\n<p><strong>Principales caracte\u0301ristiques techniques du Moniteur 7 pouces<\/strong><\/p>\n<ul>\n<li>Dalle : e\u0301cran couleur 7 pouces AHD<\/li>\n<li>Format e\u0301cran : 16:9<\/li>\n<li>Re\u0301solution : 1024xRGBx600<\/li>\n<li>4 canaux AHD (entre\u0301e et enregistrement si option disponible), supporte AHD 1080P AHD 720P\/960H\/CVBS multiples formats vide\u0301o (entre\u0301e mixte)<\/li>\n<li>Audio:uniquement sur entre\u0301e vide\u0301o1(CH1) \u2013 Son non parame\u0301trable en volume<\/li>\n<li>De\u0301clenchement : 4 fils de de\u0301clenchement<\/li>\n<li>Alimentation:DC12-24V<\/li>\n<li>Courant maximum : 12V&lt;500mA<\/li>\n<li>Haut-parleur : oui (8\u03a9 \u2013 2W)<\/li>\n<li>Le de\u0301lai inverse\u0301 peut e\u0302tre re\u0301gle\u0301<\/li>\n<li>Menu OSD, te\u0301le\u0301commande<\/li>\n<li>Syste\u0300me : PAL\/NTSC (automatique)<\/li>\n<li>Tempe\u0301rature de fonctionnement : -20\u00b0C a\u0300 +70\u00b0C<\/li>\n<li>Tempe\u0301rature de stockage : -30\u00b0C a\u0300 +85\u00b0C<\/li>\n<\/ul>\n<p>Touches du moniteur<\/p>\n<div class=\"page\" title=\"Page 2\">\n<div class=\"section\">\n<div class=\"layoutArea\">\n<div class=\"column\">\n<ul>\n<li>Touche MENU<\/li>\n<li>CH1 : Touche pour affichage came\u0301ra 1<\/li>\n<li>CH2 : Touche pour affichage came\u0301ra 2<\/li>\n<li>Touche Marche\/Arre\u0302t<\/li>\n<li>CH3 : Touche pour affichage came\u0301ra 3<\/li>\n<li>CH4 : Touche pour affichage came\u0301ra 4<\/li>\n<li>Basculement images<\/li>\n<li>Fene\u0302tre infrarouge pour la te\u0301le\u0301commande<\/li>\n<\/ul>\n<\/div>\n<\/div>\n<\/div>\n<\/div>\n<p><strong>Principales caracte\u0301ristiques techniques de la cam\u00e9ra couleur<\/strong><\/p>\n<ul>\n<li>Optique :CMOS 1\/3\u2019\u2019<\/li>\n<li>Angle de vue: 110\u00b0<\/li>\n<li>R\u00e9solution: 1280 x 720 (1M de pixels)<\/li>\n<li>Luminosit\u00e9: <span dir=\"ltr\" role=\"presentation\">jusqu\u2019\u00e0 environ 0.1Lux avec la<\/span><br role=\"presentation\" \/><span dir=\"ltr\" role=\"presentation\">fonction vision nocturne<\/span><\/li>\n<li>Affichage de l\u2019image: <span dir=\"ltr\" role=\"presentation\">vue normale ou vue invers\u00e9e (en <\/span><span dir=\"ltr\" role=\"presentation\">miroir)<\/span><\/li>\n<li>Syst\u00e8me: PAL ou NTSC (en option<\/li>\n<li>Indice de protection: IP69K<\/li>\n<li>Indice de r\u00e9sistance aux chocs: 4G<\/li>\n<li>Alimentation:DC 12 ou 24V (en option)<\/li>\n<li>Courant maximum: &lt;250mA<\/li>\n<li>Vision nocturne: <span dir=\"ltr\" role=\"presentation\">passage automatique en mode de <\/span><span dir=\"ltr\" role=\"presentation\">vision nocturne en noir et blanc<\/span><\/li>\n<li>Temp\u00e9rature de fonctionnement: -20\u00b0C \u2013 70\u00b0C<\/li>\n<li>Temp\u00e9rature de stockage: -30\u00b0C \u2013 80\u00b0C<\/li>\n<li>Consommation:&lt;3W<\/li>\n<li>Type de connectique: 4PIN Aviateur ou RCA (en option)<\/li>\n<li>Poids: 330g<\/li>\n<li>Accessoires: c\u00e2ble de 20 m\u00e8tres, vis t\u00eates hexagonales, cl\u00e9 hexagonale, pare-soleil, pied de fixation, c\u00e2ble de connexion (s\u2019il y a lieu), manuel d\u2019utilisateur<\/li>\n<\/ul>\n<p><strong>Les + de WINDOOR :<\/strong><\/p>\n<ul>\n<li>B\u00e9n\u00e9ficiez de l&#8217;expertise de la soci\u00e9t\u00e9 WINDOOR active depuis 1992 dans le domaine de la s\u00e9curisation des v\u00e9hicules professionnels<\/li>\n<li>B\u00e9n\u00e9ficiez de la renomm\u00e9e de la marque VIGI VIEW<\/li>\n<\/ul>\n<\/div>\n<\/div>\n<\/div>\n<\/div>\n","protected":false},"excerpt":{"rendered":"<p>Principales caracte\u0301ristiques techniques du Moniteur 7 pouces Dalle : e\u0301cran couleur 7 pouces AHD Format e\u0301cran : 16:9 Re\u0301solution : 1024xRGBx600 4 canaux AHD (entre\u0301e et enregistrement si option disponible), supporte AHD 1080P AHD 720P\/960H\/CVBS multiples formats vide\u0301o (entre\u0301e mixte) Audio:uniquement sur entre\u0301e vide\u0301o1(CH1) \u2013 Son non parame\u0301trable en volume De\u0301clenchement : 4 fils de [&hellip;]<\/p>\n","protected":false},"featured_media":1004,"template":"","meta":{"_et_pb_use_builder":"","_et_pb_old_content":"","_et_gb_content_width":""},"product_brand":[],"product_cat":[110,111],"product_tag":[],"class_list":{"0":"post-1003","1":"product","2":"type-product","3":"status-publish","4":"has-post-thumbnail","6":"product_cat-cameras","7":"product_cat-moniteurs","9":"first","10":"instock","11":"taxable","12":"shipping-taxable","13":"purchasable","14":"product-type-simple"},"_links":{"self":[{"href":"https:\/\/windoor-shop.com\/en\/wp-json\/wp\/v2\/product\/1003","targetHints":{"allow":["GET"]}}],"collection":[{"href":"https:\/\/windoor-shop.com\/en\/wp-json\/wp\/v2\/product"}],"about":[{"href":"https:\/\/windoor-shop.com\/en\/wp-json\/wp\/v2\/types\/product"}],"wp:featuredmedia":[{"embeddable":true,"href":"https:\/\/windoor-shop.com\/en\/wp-json\/wp\/v2\/media\/1004"}],"wp:attachment":[{"href":"https:\/\/windoor-shop.com\/en\/wp-json\/wp\/v2\/media?parent=1003"}],"wp:term":[{"taxonomy":"product_brand","embeddable":true,"href":"https:\/\/windoor-shop.com\/en\/wp-json\/wp\/v2\/product_brand?post=1003"},{"taxonomy":"product_cat","embeddable":true,"href":"https:\/\/windoor-shop.com\/en\/wp-json\/wp\/v2\/product_cat?post=1003"},{"taxonomy":"product_tag","embeddable":true,"href":"https:\/\/windoor-shop.com\/en\/wp-json\/wp\/v2\/product_tag?post=1003"}],"curies":[{"name":"wp","href":"https:\/\/api.w.org\/{rel}","templated":true}]}}