{"id":1012,"date":"2024-05-05T11:11:34","date_gmt":"2024-05-05T09:11:34","guid":{"rendered":"https:\/\/windoor-shop.com\/?post_type=product&#038;p=1012"},"modified":"2025-04-16T15:57:27","modified_gmt":"2025-04-16T13:57:27","slug":"kit-de-retrovision-sans-fil-camera-recul-camion-utilitaire-vv-k709-q-nd-ws-1c","status":"publish","type":"product","link":"https:\/\/windoor-shop.com\/en\/produit\/kit-de-retrovision-sans-fil-camera-recul-camion-utilitaire-vv-k709-q-nd-ws-1c\/","title":{"rendered":"Kit de r\u00e9trovision sans fil moniteur 7 pouces Quad, 4 entr\u00e9es, cam\u00e9ra couleur AHD\u2022 VV-K709-Q-ND-WS-1C"},"content":{"rendered":"<div class=\"page\" title=\"Page 2\">\n<div class=\"section\">\n<div class=\"layoutArea\">\n<div class=\"column\">\n<p><strong>Principales caracte\u0301ristiques techniques du Moniteur 7 pouces sans-fil<\/strong><\/p>\n<ul>\n<li>Dalle : e\u0301cran couleur 7 pouces<\/li>\n<li>Format e\u0301cran : 16:9<\/li>\n<li>Re\u0301solution : 1024xRGBx600<\/li>\n<li>1 \u00e0 4 entr\u00e9es vid\u00e9o sans fil avec fonction enregistrement<\/li>\n<li>Port\u00e9e de la transmission: environ 200 en terrain d\u00e9couvert<\/li>\n<li>Consommation: 3W<\/li>\n<li>Microphone: int\u00e9gr\u00e9<\/li>\n<li>Carte m\u00e9moire (non fournie): 16 \u00e0 128Go<\/li>\n<li>R\u00e9solution vid\u00e9o d&#8217;enregistrement: 1024&#215;600<\/li>\n<li>Taille d&#8217;enregistrement vid\u00e9o: environ 3,3Mo par minute<\/li>\n<li>Format d&#8217;enregistrement vid\u00e9o: H.264<\/li>\n<li>De\u0301clenchement : filaire<\/li>\n<li>Alimentation:DC12-24V<\/li>\n<li>Tempe\u0301rature de fonctionnement : -20\u00b0C a\u0300 +70\u00b0C<\/li>\n<li>Tempe\u0301rature de stockage : -30\u00b0C a\u0300 +85\u00b0C<\/li>\n<li>Accessoires: c\u00e2ble d&#8217;alimentation, antenne 2,4GHz 5dB, c\u00e2ble d&#8217;antenne de 3 m\u00e8tres, manuel d&#8217;utilisation<\/li>\n<\/ul>\n<p><strong>Principales caracte\u0301ristiques techniques de la cam\u00e9ra sans fil<\/strong><\/p>\n<ul>\n<li>Optique :CMOS 1\/2,7\u2019\u2019<\/li>\n<li>Angle de vue: 110\u00b0<\/li>\n<li>R\u00e9solution: 1920 x 1080 pixels<\/li>\n<li>Luminosit\u00e9: <span dir=\"ltr\" role=\"presentation\">jusqu\u2019\u00e0 environ 0.1Lux avec la<\/span><br role=\"presentation\" \/><span dir=\"ltr\" role=\"presentation\">fonction vision nocturne<\/span><\/li>\n<li>Port\u00e9e de la transmission: environ 200 en terrain d\u00e9couvert<\/li>\n<li>Affichage de l\u2019image: <span dir=\"ltr\" role=\"presentation\">vue normale ou vue invers\u00e9e (en <\/span><span dir=\"ltr\" role=\"presentation\">miroir)<\/span><\/li>\n<li>Syst\u00e8me: PAL ou NTSC (automatique)<\/li>\n<li>Indice de protection: IP69K<\/li>\n<li>Microphone: int\u00e9gr\u00e9<\/li>\n<li>Bande passante: 8MHz BER &gt;1E-3<\/li>\n<li>Rapport signal sur bruit: 46,5dB<\/li>\n<li>Sensibilit\u00e9 de la transmission: -89dBm<\/li>\n<li>Indice de r\u00e9sistance aux chocs: 4G<\/li>\n<li>Alimentation:DC 12 ou 24V (en option)<\/li>\n<li>Courant maximum: &lt;250mA<\/li>\n<li>Vision nocturne: <span dir=\"ltr\" role=\"presentation\">passage automatique en mode de <\/span><span dir=\"ltr\" role=\"presentation\">vision nocturne en noir et blanc<\/span><\/li>\n<li>Temp\u00e9rature de fonctionnement: -20\u00b0C \u2013 70\u00b0C (taux d&#8217;humidit\u00e9 maximum de 85%)<\/li>\n<li>Temp\u00e9rature de stockage: -30\u00b0C \u2013 85\u00b0C (taux d&#8217;humidit\u00e9 maximum de 85%)<\/li>\n<li>Mat\u00e9riaux du bo\u00eetier: alliage d&#8217;aluminium peint en noir<\/li>\n<\/ul>\n<p><strong>Les + de WINDOOR :<\/strong><\/p>\n<ul>\n<li>B\u00e9n\u00e9ficiez de l&#8217;expertise de la soci\u00e9t\u00e9 WINDOOR active depuis 1992 dans le domaine de la s\u00e9curisation des v\u00e9hicules professionnels<\/li>\n<li>B\u00e9n\u00e9ficiez de la renomm\u00e9e de la marque VIGI VIEW<\/li>\n<\/ul>\n<\/div>\n<\/div>\n<\/div>\n<\/div>\n","protected":false},"excerpt":{"rendered":"<p>Principales caracte\u0301ristiques techniques du Moniteur 7 pouces sans-fil Dalle : e\u0301cran couleur 7 pouces Format e\u0301cran : 16:9 Re\u0301solution : 1024xRGBx600 1 \u00e0 4 entr\u00e9es vid\u00e9o sans fil avec fonction enregistrement Port\u00e9e de la transmission: environ 200 en terrain d\u00e9couvert Consommation: 3W Microphone: int\u00e9gr\u00e9 Carte m\u00e9moire (non fournie): 16 \u00e0 128Go R\u00e9solution vid\u00e9o d&#8217;enregistrement: 1024&#215;600 [&hellip;]<\/p>\n","protected":false},"featured_media":1029,"template":"","meta":{"_et_pb_use_builder":"","_et_pb_old_content":"","_et_gb_content_width":""},"product_brand":[],"product_cat":[110,111],"product_tag":[],"class_list":{"0":"post-1012","1":"product","2":"type-product","3":"status-publish","4":"has-post-thumbnail","6":"product_cat-cameras","7":"product_cat-moniteurs","9":"first","10":"instock","11":"sale","12":"taxable","13":"shipping-taxable","14":"purchasable","15":"product-type-simple"},"_links":{"self":[{"href":"https:\/\/windoor-shop.com\/en\/wp-json\/wp\/v2\/product\/1012","targetHints":{"allow":["GET"]}}],"collection":[{"href":"https:\/\/windoor-shop.com\/en\/wp-json\/wp\/v2\/product"}],"about":[{"href":"https:\/\/windoor-shop.com\/en\/wp-json\/wp\/v2\/types\/product"}],"wp:featuredmedia":[{"embeddable":true,"href":"https:\/\/windoor-shop.com\/en\/wp-json\/wp\/v2\/media\/1029"}],"wp:attachment":[{"href":"https:\/\/windoor-shop.com\/en\/wp-json\/wp\/v2\/media?parent=1012"}],"wp:term":[{"taxonomy":"product_brand","embeddable":true,"href":"https:\/\/windoor-shop.com\/en\/wp-json\/wp\/v2\/product_brand?post=1012"},{"taxonomy":"product_cat","embeddable":true,"href":"https:\/\/windoor-shop.com\/en\/wp-json\/wp\/v2\/product_cat?post=1012"},{"taxonomy":"product_tag","embeddable":true,"href":"https:\/\/windoor-shop.com\/en\/wp-json\/wp\/v2\/product_tag?post=1012"}],"curies":[{"name":"wp","href":"https:\/\/api.w.org\/{rel}","templated":true}]}}