{"id":1016,"date":"2024-05-05T11:44:48","date_gmt":"2024-05-05T09:44:48","guid":{"rendered":"https:\/\/windoor-shop.com\/?post_type=product&#038;p=1016"},"modified":"2026-02-26T14:14:45","modified_gmt":"2026-02-26T13:14:45","slug":"camera-recul-antevision-camion-vv-c388-caf-hd","status":"publish","type":"product","link":"https:\/\/windoor-shop.com\/en\/produit\/camera-recul-antevision-camion-vv-c388-caf-hd\/","title":{"rendered":"Cam\u00e9ra couleur d\u2019ant\u00e9vision HD avec c\u00e2ble de 5 m\u00e8tres \u2022 VV-C388-CAF-HD-5M"},"content":{"rendered":"<p>Cette cam\u00e9ra couleur d\u2019ant\u00e9vision est particuli\u00e8rement adapt\u00e9e pour des v\u00e9hicules et applications ou vous avez besoin d\u2019avoir une vision parfaite vers l\u2019avant du v\u00e9hicule, par exemple pour combler un \u00ab\u00a0angle mort\u00a0\u00bb ou une vision partielle. Elle est ainsi adapt\u00e9e pour tout type de v\u00e9hicule industriel, machine agricole, VUL, camping-car, etc. Elle se branche sur tous les moniteurs de notre gamme.<\/p>\n<ul>\n<li>Optique: Sony CMOS 1\/3<\/li>\n<li>R\u00e9solution: 1280 x720 (1 Milion de pixels)<\/li>\n<li>Angles de vue: <span dir=\"ltr\" role=\"presentation\">Horizontal<\/span><span dir=\"ltr\" role=\"presentation\">\uff1a<\/span><span dir=\"ltr\" role=\"presentation\">90\u00b0 \/ <\/span><span dir=\"ltr\" role=\"presentation\">Vertical<\/span><span dir=\"ltr\" role=\"presentation\">\uff1a<\/span><span dir=\"ltr\" role=\"presentation\">60\u00b0 \/ <\/span><span dir=\"ltr\" role=\"presentation\">Diagonal<\/span><span dir=\"ltr\" role=\"presentation\">\uff1a<\/span><span dir=\"ltr\" role=\"presentation\">115\u00b0<\/span><\/li>\n<li>Luminosit\u00e9: Mn.0.1 lux avec infrarouge<\/li>\n<li>Port\u00e9e en vision nocturne: 3m environ<\/li>\n<li>Consommation: &lt;3W<\/li>\n<li>Syst\u00e8me: PAL (ouNTSC sur demande)<\/li>\n<li>Indice de protection: IP68<\/li>\n<li>Microphone: Non<\/li>\n<li>R\u00e9sistance aux chocs: 4G<\/li>\n<li>Alimentation: DC 12 V (ou 24V sur demande)<\/li>\n<li>Courant max.: &lt;250mA<\/li>\n<li>Rapport signal\/ bruit: &gt;48dB<\/li>\n<li>Connectique: 4PIN (ou RCA sur demande)<\/li>\n<li>Bo\u00eetier: Alliage aluminium<\/li>\n<li>Temp\u00e9rature de fonctionnement: -20\u00b0C \u00e0 70\u00b0C<\/li>\n<li>Temp\u00e9rature de stockage: -30\u00b0C \u00e0 80\u00b0C<\/li>\n<li>Dimensions: 49.61mm*74.67mm*72.45mm<\/li>\n<li>Poids: Environ 200g<\/li>\n<li>Accessoires: c\u00e2ble de 5 m\u00e8tres, pare-soleil, support de fixation, vis, manuel d&#8217;installation<\/li>\n<\/ul>\n","protected":false},"excerpt":{"rendered":"<p>Cette cam\u00e9ra couleur d\u2019ant\u00e9vision est particuli\u00e8rement adapt\u00e9e pour des v\u00e9hicules et applications ou vous avez besoin d\u2019avoir une vision parfaite vers l\u2019avant du v\u00e9hicule, par exemple pour combler un \u00ab\u00a0angle mort\u00a0\u00bb ou une vision partielle. Elle est ainsi adapt\u00e9e pour tout type de v\u00e9hicule industriel, machine agricole, VUL, camping-car, etc. Elle se branche sur tous [&hellip;]<\/p>\n","protected":false},"featured_media":1017,"template":"","meta":{"_et_pb_use_builder":"","_et_pb_old_content":"","_et_gb_content_width":""},"product_brand":[],"product_cat":[110],"product_tag":[],"class_list":{"0":"post-1016","1":"product","2":"type-product","3":"status-publish","4":"has-post-thumbnail","6":"product_cat-cameras","8":"first","9":"instock","10":"taxable","11":"shipping-taxable","12":"purchasable","13":"product-type-simple"},"_links":{"self":[{"href":"https:\/\/windoor-shop.com\/en\/wp-json\/wp\/v2\/product\/1016","targetHints":{"allow":["GET"]}}],"collection":[{"href":"https:\/\/windoor-shop.com\/en\/wp-json\/wp\/v2\/product"}],"about":[{"href":"https:\/\/windoor-shop.com\/en\/wp-json\/wp\/v2\/types\/product"}],"wp:featuredmedia":[{"embeddable":true,"href":"https:\/\/windoor-shop.com\/en\/wp-json\/wp\/v2\/media\/1017"}],"wp:attachment":[{"href":"https:\/\/windoor-shop.com\/en\/wp-json\/wp\/v2\/media?parent=1016"}],"wp:term":[{"taxonomy":"product_brand","embeddable":true,"href":"https:\/\/windoor-shop.com\/en\/wp-json\/wp\/v2\/product_brand?post=1016"},{"taxonomy":"product_cat","embeddable":true,"href":"https:\/\/windoor-shop.com\/en\/wp-json\/wp\/v2\/product_cat?post=1016"},{"taxonomy":"product_tag","embeddable":true,"href":"https:\/\/windoor-shop.com\/en\/wp-json\/wp\/v2\/product_tag?post=1016"}],"curies":[{"name":"wp","href":"https:\/\/api.w.org\/{rel}","templated":true}]}}