{"id":1187,"date":"2024-06-17T15:59:05","date_gmt":"2024-06-17T13:59:05","guid":{"rendered":"https:\/\/windoor-shop.com\/?post_type=product&#038;p=1187"},"modified":"2025-04-16T15:50:23","modified_gmt":"2025-04-16T13:50:23","slug":"moniteur-retroviseur-couleur-7-pouces-a-2-entrees-video-4points-c-cvm-retbth","status":"publish","type":"product","link":"https:\/\/windoor-shop.com\/en\/produit\/moniteur-retroviseur-couleur-7-pouces-a-2-entrees-video-4points-c-cvm-retbth\/","title":{"rendered":"Moniteur-r\u00e9troviseur couleur 7 pouces \u00e0 2 entr\u00e9e vid\u00e9o (4points) \u2022 C-CVM-RETBTH"},"content":{"rendered":"<p><strong>Moniteur : \u00e9cran TFT LCD 7&#8243; R\u00e9f. CVM-RETBTH \u00e0 2 ENTR\u00c9ES<\/strong><\/p>\n<p>Pour clipser sur r\u00e9troviseur d\u2019origine<\/p>\n<p>\u2013 \u00c9cran TFT LCD de 7\u2033<br \/>\n\u2013 R\u00e9solution : 800(L) x 480(H) p<br \/>\n\u2013 Alimentation : 12\/24V DC<br \/>\n\u2013 Consommation : 6W<br \/>\n\u2013 Dimensions: 250(L) x 110(H) x 45(P) mm<\/p>\n<p>\u2013 Basculement automatique de l\u2019image sur la cam\u00e9ra de<br \/>\nvision arri\u00e8re quand la marche arri\u00e8re est enclench\u00e9e<br \/>\n\u2013 Poids : 400 g<\/p>\n<p>&nbsp;<\/p>\n<p>&nbsp;<\/p>\n","protected":false},"excerpt":{"rendered":"<p>Moniteur : \u00e9cran TFT LCD 7&#8243; R\u00e9f. CVM-RETBTH \u00e0 2 ENTR\u00c9ES Pour clipser sur r\u00e9troviseur d\u2019origine \u2013 \u00c9cran TFT LCD de 7\u2033 \u2013 R\u00e9solution : 800(L) x 480(H) p \u2013 Alimentation : 12\/24V DC \u2013 Consommation : 6W \u2013 Dimensions: 250(L) x 110(H) x 45(P) mm \u2013 Basculement automatique de l\u2019image sur la cam\u00e9ra de [&hellip;]<\/p>\n","protected":false},"featured_media":1317,"template":"","meta":{"_et_pb_use_builder":"","_et_pb_old_content":"","_et_gb_content_width":""},"product_brand":[],"product_cat":[111],"product_tag":[],"class_list":{"0":"post-1187","1":"product","2":"type-product","3":"status-publish","4":"has-post-thumbnail","6":"product_cat-moniteurs","8":"first","9":"instock","10":"sale","11":"taxable","12":"shipping-taxable","13":"purchasable","14":"product-type-simple"},"_links":{"self":[{"href":"https:\/\/windoor-shop.com\/en\/wp-json\/wp\/v2\/product\/1187","targetHints":{"allow":["GET"]}}],"collection":[{"href":"https:\/\/windoor-shop.com\/en\/wp-json\/wp\/v2\/product"}],"about":[{"href":"https:\/\/windoor-shop.com\/en\/wp-json\/wp\/v2\/types\/product"}],"wp:featuredmedia":[{"embeddable":true,"href":"https:\/\/windoor-shop.com\/en\/wp-json\/wp\/v2\/media\/1317"}],"wp:attachment":[{"href":"https:\/\/windoor-shop.com\/en\/wp-json\/wp\/v2\/media?parent=1187"}],"wp:term":[{"taxonomy":"product_brand","embeddable":true,"href":"https:\/\/windoor-shop.com\/en\/wp-json\/wp\/v2\/product_brand?post=1187"},{"taxonomy":"product_cat","embeddable":true,"href":"https:\/\/windoor-shop.com\/en\/wp-json\/wp\/v2\/product_cat?post=1187"},{"taxonomy":"product_tag","embeddable":true,"href":"https:\/\/windoor-shop.com\/en\/wp-json\/wp\/v2\/product_tag?post=1187"}],"curies":[{"name":"wp","href":"https:\/\/api.w.org\/{rel}","templated":true}]}}