{"id":1262,"date":"2024-10-18T10:59:23","date_gmt":"2024-10-18T08:59:23","guid":{"rendered":"https:\/\/windoor-shop.com\/?post_type=product&#038;p=1262"},"modified":"2025-12-02T09:57:29","modified_gmt":"2025-12-02T08:57:29","slug":"kit-de-retro-vision-camion-avec-2-retroviseurs-interieurs-en-123-pouces-hd-et-2-doubles-cameras-hd-cv-k-12hd-t5","status":"publish","type":"product","link":"https:\/\/windoor-shop.com\/en\/produit\/kit-de-retro-vision-camion-avec-2-retroviseurs-interieurs-en-123-pouces-hd-et-2-doubles-cameras-hd-cv-k-12hd-t5\/","title":{"rendered":"Kit de r\u00e9tro-vision camion avec 2 r\u00e9troviseurs int\u00e9rieurs en 12,3 pouces HD et 2 doubles-cam\u00e9ras HD \u2022 CV-K-12HD-T5"},"content":{"rendered":"<div class=\"layoutArea\">\n<div class=\"column\">\n<p><strong>Principales caracte\u0301ristiques techniques du Moniteur<\/strong><\/p>\n<ul>\n<li>Alimentation : 10V~32V<\/li>\n<li>E\u0301cran : dalle de 12,3 pouces HD 1920 x 3(RGB) x 720 a\u0300 super capaciteur pour une protection maximum de l&#8217;e\u0301lectronique contre les courts-circuits<\/li>\n<li>Ajustement automatique de la luminosite\u0301<\/li>\n<li>Entre\u0301es : 2 entre\u0301es came\u0301ras 1080P<\/li>\n<li>Affichage de l&#8217;image et de\u0301but d&#8217;enregistrement seulement 3 secondes apre\u0300s la mise en marche<\/li>\n<li>Gestion de l&#8217;enregistrement et playback sur le moniteur<\/li>\n<li>Stockage : sur carte Micro SD (512GO max.)<\/li>\n<li>Entre\u0301e GPS<\/li>\n<li>Entre\u0301e auxiliaire (ACC) avec possibilite\u0301 d&#8217;enregistrement -Luminosite\u0301 : 1000 cd\/m2<\/li>\n<li>Contraste : 1000:1<\/li>\n<li>Niveau de protection contre les chocs : ISO 16750-3 (2,13G) -Tempe\u0301rature de fonctionnement : -20~+70\u00b0C<\/li>\n<li>Tempe\u0301rature de stockage : -30~+80\u00b0C<\/li>\n<\/ul>\n<\/div>\n<\/div>\n<div class=\"layoutArea\">\n<div class=\"column\">\n<p><strong>Principales caracte\u0301ristiques techniques de la came\u0301ra double<\/strong><\/p>\n<\/div>\n<\/div>\n<div class=\"layoutArea\">\n<div class=\"column\">\n<p><em>Came\u0301ra du haut<\/em><\/p>\n<ul>\n<li>Optique : 1\/2.8\u201d CMOS<\/li>\n<li>Lentille : f = 6.0 mm<\/li>\n<li>Angle de vue : 20\u00b0(H) 35\u00b0(V)<\/li>\n<li>Fre\u0301quence d&#8217;images : 30 fps<\/li>\n<li>Obturateur e\u0301lectronique : 1\/30(1\/25)~1\/50,000 Sec.<\/li>\n<li>Nombre de pixels : 1920 (H) x 1080 (V)<\/li>\n<li>Re\u0301solution : 1080P<\/li>\n<li>Luminosite\u0301 minimum : 0.1 Lux<\/li>\n<li>Sortie vide\u0301o : 1.0Vp-p, 75Ohm<\/li>\n<li>Balance des blancs : automatique<\/li>\n<li>Alimentation : DC 12~32 V<\/li>\n<li>Connectique : 4 PIN<\/li>\n<li>Tempe\u0301rature de fonctionnement : \u201340\u00b0C ~ 105\u00b0C<\/li>\n<li>Tempe\u0301rature de stockage : \u201350\u00b0C ~ 110\u00b0C<\/li>\n<\/ul>\n<p><em>Came\u0301ra du bas<\/em><\/p>\n<ul>\n<li>Optique : 1\/2.8\u201d CMOS<\/li>\n<li>Lentille : f = 2,3 mm<\/li>\n<li>Angle de vue : 71\u00b0(H) 63\u00b0(V)<\/li>\n<li>Fre\u0301quence d&#8217;images : 30 fps<\/li>\n<li>Obturateur e\u0301lectronique : 1\/30(1\/25)~1\/50,000 Sec.<\/li>\n<li>Nombre de pixels : 1920 (H) x 1080 (V)<\/li>\n<li>Re\u0301solution : 1080P<\/li>\n<li>Luminosite\u0301 minimum : 0.1 Lux<\/li>\n<li>Sortie vide\u0301o : 1.0Vp-p, 75Ohm<\/li>\n<li>Balance des blancs : automatique<\/li>\n<li>Alimentation : DC 12~32 V<\/li>\n<li>Connectique : 4 PIN<\/li>\n<li>Tempe\u0301rature de fonctionnement : \u201340\u00b0C ~ 105\u00b0C<\/li>\n<li>Tempe\u0301rature de stockage : \u201350\u00b0C ~ 110\u00b0C<\/li>\n<\/ul>\n<p>Te\u0301le\u0301commande<\/p>\n<\/div>\n<div class=\"column\">\n<p>Support de fixation pour moniteur-re\u0301troviseur<\/p>\n<\/div>\n<\/div>\n","protected":false},"excerpt":{"rendered":"<p>Principales caracte\u0301ristiques techniques du Moniteur Alimentation : 10V~32V E\u0301cran : dalle de 12,3 pouces HD 1920 x 3(RGB) x 720 a\u0300 super capaciteur pour une protection maximum de l&#8217;e\u0301lectronique contre les courts-circuits Ajustement automatique de la luminosite\u0301 Entre\u0301es : 2 entre\u0301es came\u0301ras 1080P Affichage de l&#8217;image et de\u0301but d&#8217;enregistrement seulement 3 secondes apre\u0300s la mise [&hellip;]<\/p>\n","protected":false},"featured_media":1264,"template":"","meta":{"_et_pb_use_builder":"","_et_pb_old_content":"","_et_gb_content_width":""},"product_brand":[],"product_cat":[110,111],"product_tag":[],"class_list":{"0":"post-1262","1":"product","2":"type-product","3":"status-publish","4":"has-post-thumbnail","6":"product_cat-cameras","7":"product_cat-moniteurs","9":"first","10":"instock","11":"taxable","12":"shipping-taxable","13":"purchasable","14":"product-type-simple"},"_links":{"self":[{"href":"https:\/\/windoor-shop.com\/en\/wp-json\/wp\/v2\/product\/1262","targetHints":{"allow":["GET"]}}],"collection":[{"href":"https:\/\/windoor-shop.com\/en\/wp-json\/wp\/v2\/product"}],"about":[{"href":"https:\/\/windoor-shop.com\/en\/wp-json\/wp\/v2\/types\/product"}],"wp:featuredmedia":[{"embeddable":true,"href":"https:\/\/windoor-shop.com\/en\/wp-json\/wp\/v2\/media\/1264"}],"wp:attachment":[{"href":"https:\/\/windoor-shop.com\/en\/wp-json\/wp\/v2\/media?parent=1262"}],"wp:term":[{"taxonomy":"product_brand","embeddable":true,"href":"https:\/\/windoor-shop.com\/en\/wp-json\/wp\/v2\/product_brand?post=1262"},{"taxonomy":"product_cat","embeddable":true,"href":"https:\/\/windoor-shop.com\/en\/wp-json\/wp\/v2\/product_cat?post=1262"},{"taxonomy":"product_tag","embeddable":true,"href":"https:\/\/windoor-shop.com\/en\/wp-json\/wp\/v2\/product_tag?post=1262"}],"curies":[{"name":"wp","href":"https:\/\/api.w.org\/{rel}","templated":true}]}}