{"id":1270,"date":"2024-10-18T12:01:25","date_gmt":"2024-10-18T10:01:25","guid":{"rendered":"https:\/\/windoor-shop.com\/?post_type=product&#038;p=1270"},"modified":"2025-04-16T08:33:08","modified_gmt":"2025-04-16T06:33:08","slug":"enregistreur-dvr-type-boite-noire-multi-connectes-gps-wifi","status":"publish","type":"product","link":"https:\/\/windoor-shop.com\/en\/produit\/enregistreur-dvr-type-boite-noire-multi-connectes-gps-wifi\/","title":{"rendered":"Enregistreur DVR type &#8220;bo\u00eete noire&#8221; multi-connect\u00e9s GPS \/ WiFi"},"content":{"rendered":"<div class=\"layoutArea\">\n<div class=\"column\">\n<p>Enregistreur d&#8217;image type &#8220;bo\u00eete noire&#8221; sp\u00e9cialement con\u00e7u pour l&#8217;embarqu\u00e9. S&#8217;adapate sur toutes les solutions de r\u00e9trovision. Syst\u00e8me ultra connect\u00e9. Taille compacte.<\/p>\n<div class=\"layoutArea\">\n<div class=\"column\">\n<p><strong>Principales caracte\u0301ristiques techniques\u00a0<\/strong><\/p>\n<\/div>\n<\/div>\n<div class=\"layoutArea\">\n<div class=\"column\">\n<div class=\"page\" title=\"Page 9\">\n<div class=\"section\">\n<div class=\"layoutArea\">\n<div class=\"column\">\n<ul>\n<li>Alimentation d&#8217;entre\u0301e : 8-32V DC<\/li>\n<li>Alimentation de sortie : 12V<\/li>\n<li>Entre\u0301e vide\u0301o : 75\u03a9<\/li>\n<li>Consommation : 3mA en standby, 30W max @12V 2.5A @24V 1.25A<\/li>\n<li>Processeur : Hi3520DV300<\/li>\n<li>Syste\u0300me d&#8217;exploitation : Linux OS<\/li>\n<li>Langue du menu : Franc\u0327ais \/ Anglais<\/li>\n<li>Standard vide\u0301o : PAL\/NTSC<\/li>\n<li>Affichage de l&#8217;image : une ou 4 images (quad)<\/li>\n<li>Enregistrement audio &amp; vide\u0301o synchronise\u0301<\/li>\n<li>Compression vide\u0301o : H.264<\/li>\n<li>Re\u0301solution d&#8217;image : 1080P\/1080N\/720P\/960H\/D1\/CIF<\/li>\n<li>Compression audio : G.276<\/li>\n<li>Tempe\u0301rature de fonctionnement : -30\u00b0C~70\u00b0C<\/li>\n<li>Dimensions : 148mmx188mmx60mm<\/li>\n<\/ul>\n<p>Interfaces:<\/p>\n<ul>\n<li>4 entre\u0301es auxiliaires<\/li>\n<li>1 sortie VGA<\/li>\n<li>1 sortie aviateur<\/li>\n<li>Entre\u0301es alarmes : 4 entre\u0301es<\/li>\n<li>HDD\/SDD : jusqu&#8217;a\u0300 2T<\/li>\n<li>Carte SD : 2 SDXC high speed (jusqu&#8217;a\u0300 256GO) -Interface USB 2.0<\/li>\n<li>Indicateurs LED : Power \/ Run<\/li>\n<li>Antenne GPS\/BD<\/li>\n<li>3G\/4G : supporte CDMA\/EVDO\/GPRS\/WCDMA\/FDD LTE\/TDD LTD<\/li>\n<li>WiFi : 802.11b\/g\/n, 2,4GHz<\/li>\n<li>2 entre\u0301s pour cartes SD jusqu&#8217;a\u0300 128G<\/li>\n<\/ul>\n<\/div>\n<\/div>\n<\/div>\n<\/div>\n<\/div>\n<\/div>\n<\/div>\n<\/div>\n<div class=\"layoutArea\">\n<div class=\"column\">\n<p>&nbsp;<\/p>\n<\/div>\n<\/div>\n","protected":false},"excerpt":{"rendered":"<p>Enregistreur d&#8217;image type &#8220;bo\u00eete noire&#8221; sp\u00e9cialement con\u00e7u pour l&#8217;embarqu\u00e9. S&#8217;adapate sur toutes les solutions de r\u00e9trovision. Syst\u00e8me ultra connect\u00e9. Taille compacte. Principales caracte\u0301ristiques techniques\u00a0 Alimentation d&#8217;entre\u0301e : 8-32V DC Alimentation de sortie : 12V Entre\u0301e vide\u0301o : 75\u03a9 Consommation : 3mA en standby, 30W max @12V 2.5A @24V 1.25A Processeur : Hi3520DV300 Syste\u0300me d&#8217;exploitation : [&hellip;]<\/p>\n","protected":false},"featured_media":1275,"template":"","meta":{"_et_pb_use_builder":"","_et_pb_old_content":"","_et_gb_content_width":""},"product_brand":[],"product_cat":[117],"product_tag":[],"class_list":{"0":"post-1270","1":"product","2":"type-product","3":"status-publish","4":"has-post-thumbnail","6":"product_cat-enregistreur","8":"first","9":"outofstock","10":"taxable","11":"shipping-taxable","12":"product-type-simple"},"_links":{"self":[{"href":"https:\/\/windoor-shop.com\/en\/wp-json\/wp\/v2\/product\/1270","targetHints":{"allow":["GET"]}}],"collection":[{"href":"https:\/\/windoor-shop.com\/en\/wp-json\/wp\/v2\/product"}],"about":[{"href":"https:\/\/windoor-shop.com\/en\/wp-json\/wp\/v2\/types\/product"}],"wp:featuredmedia":[{"embeddable":true,"href":"https:\/\/windoor-shop.com\/en\/wp-json\/wp\/v2\/media\/1275"}],"wp:attachment":[{"href":"https:\/\/windoor-shop.com\/en\/wp-json\/wp\/v2\/media?parent=1270"}],"wp:term":[{"taxonomy":"product_brand","embeddable":true,"href":"https:\/\/windoor-shop.com\/en\/wp-json\/wp\/v2\/product_brand?post=1270"},{"taxonomy":"product_cat","embeddable":true,"href":"https:\/\/windoor-shop.com\/en\/wp-json\/wp\/v2\/product_cat?post=1270"},{"taxonomy":"product_tag","embeddable":true,"href":"https:\/\/windoor-shop.com\/en\/wp-json\/wp\/v2\/product_tag?post=1270"}],"curies":[{"name":"wp","href":"https:\/\/api.w.org\/{rel}","templated":true}]}}