{"id":1295,"date":"2024-10-19T16:56:36","date_gmt":"2024-10-19T14:56:36","guid":{"rendered":"https:\/\/windoor-shop.com\/?post_type=product&#038;p=1295"},"modified":"2025-04-14T16:34:22","modified_gmt":"2025-04-14T14:34:22","slug":"1295","status":"publish","type":"product","link":"https:\/\/windoor-shop.com\/en\/produit\/1295\/","title":{"rendered":"Kit \u00e9cran r\u00e9troviseur 8 ou 12 pouces avec A.I (intelligence artificielle) &#038; dashcams"},"content":{"rendered":"","protected":false},"excerpt":{"rendered":"<p>Kit avec \u00e9cran r\u00e9troviseur de 8 ou 12 pouces (au choix) avec fonctions de d\u00e9tection pi\u00e9tons et cyclistes par logiciel d&#8217;intelligence artificielle (I.A) et deux cam\u00e9ras type dashcams (cam\u00e9ra avant et cam\u00e9ra arri\u00e8re). Enregistrement d&#8217;image sur micro cartes SD.<\/p>\n<p><strong>Principales caracte\u0301ristiques techniques du re\u0301troviseur (en 8 pouces)<\/strong><\/p>\n<p>-Puce principale : Eeasy Tec SA226, RAM 512M<br \/>\n-E\u0301cran : 8.8 pouces LCD, 1920*480, Haut\/bas\/gauche\/droite plus de 170\u00b0<br \/>\n-Luminosite\u0301 : \u2265800nits<br \/>\n-E\u0301cran tactile capacitif<br \/>\n-Alimentation : 9~36V, a\u0300 partir de la boi\u0302te d&#8217;alimentation<br \/>\n-Courant max. : \u22641.0A<br \/>\n-Courant de veille : \u22645mA<br \/>\n-Consommation e\u0301lectrique maximale : \u226410W<br \/>\n-Module double GPS &amp; Beidou<br \/>\n-1 Haut-parleur 4\u03a9 2W<br \/>\n-1 Microphone<br \/>\n-1 Touche de mise en marche<br \/>\n-Entre\u0301e pour carte Micro SD, Max. 256 GO, U1\/C10<br \/>\n-Mate\u0301riau du boi\u0302tier du miroir re\u0301troviseur : PC+ABSinjection plastique, anti-e\u0301blouissement UL94<br \/>\n-Couple de re\u0301glage du miroir : 1,2~1,7(N-m)<br \/>\n-Re\u0301flectivite\u0301 du miroir : 41%~45%<br \/>\n-Support de fixation : sur support d&#8217;origine ou sur pied<br \/>\n-Protection contre les surtensions et les surintensite\u0301s<br \/>\n-Tempe\u0301rature de fonctionnement : -30\u00b0C~+70\u00b0C<br \/>\n-Tempe\u0301rature de stockage : -40\u00b0C~+85\u00b0C<br \/>\n-Humidite\u0301 max. : ~90%<\/p>\n<p><strong>Principales caracte\u0301ristiques techniques des came\u0301ras<\/strong><\/p>\n<p>-Came\u0301ra avant : 1920*1080, 27,5fps, HDR<br \/>\n-Came\u0301ra arrie\u0300re : 1920*1080, 60fps, HDR -Format vide\u0301o : 1080P, TS<br \/>\n-Format d&#8217;image : JPEG<br \/>\n-Sortie vide\u0301o de la came\u0301ra : TVI \/AHD<\/p>\n","protected":false},"featured_media":1297,"template":"","meta":{"_et_pb_use_builder":"","_et_pb_old_content":"","_et_gb_content_width":""},"product_brand":[],"product_cat":[110,111],"product_tag":[],"class_list":{"0":"post-1295","1":"product","2":"type-product","3":"status-publish","4":"has-post-thumbnail","6":"product_cat-cameras","7":"product_cat-moniteurs","9":"first","10":"onbackorder","11":"taxable","12":"shipping-taxable","13":"product-type-simple"},"_links":{"self":[{"href":"https:\/\/windoor-shop.com\/en\/wp-json\/wp\/v2\/product\/1295","targetHints":{"allow":["GET"]}}],"collection":[{"href":"https:\/\/windoor-shop.com\/en\/wp-json\/wp\/v2\/product"}],"about":[{"href":"https:\/\/windoor-shop.com\/en\/wp-json\/wp\/v2\/types\/product"}],"wp:featuredmedia":[{"embeddable":true,"href":"https:\/\/windoor-shop.com\/en\/wp-json\/wp\/v2\/media\/1297"}],"wp:attachment":[{"href":"https:\/\/windoor-shop.com\/en\/wp-json\/wp\/v2\/media?parent=1295"}],"wp:term":[{"taxonomy":"product_brand","embeddable":true,"href":"https:\/\/windoor-shop.com\/en\/wp-json\/wp\/v2\/product_brand?post=1295"},{"taxonomy":"product_cat","embeddable":true,"href":"https:\/\/windoor-shop.com\/en\/wp-json\/wp\/v2\/product_cat?post=1295"},{"taxonomy":"product_tag","embeddable":true,"href":"https:\/\/windoor-shop.com\/en\/wp-json\/wp\/v2\/product_tag?post=1295"}],"curies":[{"name":"wp","href":"https:\/\/api.w.org\/{rel}","templated":true}]}}