{"id":1306,"date":"2024-10-20T10:16:00","date_gmt":"2024-10-20T08:16:00","guid":{"rendered":"https:\/\/windoor-shop.com\/?post_type=product&#038;p=1306"},"modified":"2025-04-14T16:37:08","modified_gmt":"2025-04-14T14:37:08","slug":"kit-eco-special-utilitaire-ecran-35-pouces-mini-camera-de-recul","status":"publish","type":"product","link":"https:\/\/windoor-shop.com\/en\/produit\/kit-eco-special-utilitaire-ecran-35-pouces-mini-camera-de-recul\/","title":{"rendered":"Kit \u00e9co sp\u00e9cial utilitaire, \u00e9cran 3,5 pouces &#038; mini-cam\u00e9ra de recul"},"content":{"rendered":"<p>Kit de vision arri\u00e8re comprenant un moniteur de 3,5 pouces et une mini-cam\u00e9ra \u00e0 fixer dans la carrosserie. Le kit le moins cher tout en ayant la fiabilit\u00e9 d&#8217;une marque reconnue sur le march\u00e9. Notre \u00e9quivalent du kit Beeper.<\/p>\n<p><strong>Moniteur<\/strong><\/p>\n<ul>\n<li>Alimentation : 12V\/DC -E\u0301cran 3,5 pouces<\/li>\n<li>Dimensions : 105x78x30mm<\/li>\n<li>Ratio d&#8217;image : 4 : 3<\/li>\n<li>Re\u0301solution : 320&#215;240 RGB<\/li>\n<li>2 entre\u0301es vide\u0301o<\/li>\n<li>Syste\u0300me : PAL &amp; NTSC<\/li>\n<li>Tempe\u0301rature de fonctionnement : -20\u00b0C~70\u00b0C<\/li>\n<li>Tempe\u0301rature de stockage : -30\u00b0C~80\u00b0C<\/li>\n<li>Poids : 129g<\/li>\n<li>Te\u0301le\u0301commande<\/li>\n<\/ul>\n<p><strong>Mini-came\u0301ra<\/strong><\/p>\n<ul>\n<li>Alimentation : 12V\/DC<\/li>\n<li>Lignes TV : 420<\/li>\n<li>Angle de vue : 120\u00b0<\/li>\n<li>4 LED IR pour vision nocturne<\/li>\n<li>Fonction image normale ou miroir<\/li>\n<li>Vis de 4cm pour fixation dans la to\u0302le du ve\u0301hicule<\/li>\n<li>Connectique BMW<\/li>\n<li>Ca\u0302ble de 15m avec adaptateur BMW 4PIN a\u0300 aviateur 4PIN<\/li>\n<\/ul>\n","protected":false},"excerpt":{"rendered":"<p>Kit de vision arri\u00e8re comprenant un moniteur de 3,5 pouces et une mini-cam\u00e9ra \u00e0 fixer dans la carrosserie. Le kit le moins cher tout en ayant la fiabilit\u00e9 d&#8217;une marque reconnue sur le march\u00e9. Notre \u00e9quivalent du kit Beeper. Moniteur Alimentation : 12V\/DC -E\u0301cran 3,5 pouces Dimensions : 105x78x30mm Ratio d&#8217;image : 4 : 3 [&hellip;]<\/p>\n","protected":false},"featured_media":1308,"template":"","meta":{"_et_pb_use_builder":"","_et_pb_old_content":"","_et_gb_content_width":""},"product_brand":[],"product_cat":[110,111],"product_tag":[],"class_list":{"0":"post-1306","1":"product","2":"type-product","3":"status-publish","4":"has-post-thumbnail","6":"product_cat-cameras","7":"product_cat-moniteurs","9":"first","10":"outofstock","11":"taxable","12":"shipping-taxable","13":"product-type-simple"},"_links":{"self":[{"href":"https:\/\/windoor-shop.com\/en\/wp-json\/wp\/v2\/product\/1306","targetHints":{"allow":["GET"]}}],"collection":[{"href":"https:\/\/windoor-shop.com\/en\/wp-json\/wp\/v2\/product"}],"about":[{"href":"https:\/\/windoor-shop.com\/en\/wp-json\/wp\/v2\/types\/product"}],"wp:featuredmedia":[{"embeddable":true,"href":"https:\/\/windoor-shop.com\/en\/wp-json\/wp\/v2\/media\/1308"}],"wp:attachment":[{"href":"https:\/\/windoor-shop.com\/en\/wp-json\/wp\/v2\/media?parent=1306"}],"wp:term":[{"taxonomy":"product_brand","embeddable":true,"href":"https:\/\/windoor-shop.com\/en\/wp-json\/wp\/v2\/product_brand?post=1306"},{"taxonomy":"product_cat","embeddable":true,"href":"https:\/\/windoor-shop.com\/en\/wp-json\/wp\/v2\/product_cat?post=1306"},{"taxonomy":"product_tag","embeddable":true,"href":"https:\/\/windoor-shop.com\/en\/wp-json\/wp\/v2\/product_tag?post=1306"}],"curies":[{"name":"wp","href":"https:\/\/api.w.org\/{rel}","templated":true}]}}