{"id":1369,"date":"2025-04-14T11:48:34","date_gmt":"2025-04-14T09:48:34","guid":{"rendered":"https:\/\/windoor-shop.com\/?post_type=product&#038;p=1369"},"modified":"2025-04-16T15:46:37","modified_gmt":"2025-04-16T13:46:37","slug":"kit-camera-recul-camion-van-utiliaire-economique-cv-c7e","status":"publish","type":"product","link":"https:\/\/windoor-shop.com\/en\/produit\/kit-camera-recul-camion-van-utiliaire-economique-cv-c7e\/","title":{"rendered":"Kit de vision arri\u00e8re cam\u00e9ra de recul et moniteur 7\u2033 couleur \u00e9co \u2022 CV-C7E"},"content":{"rendered":"<p>Ce kit de vision-arri\u00e8re est un de nos best sellers.\u00a0 Dot\u00e9 d\u2019un large \u00e9cran 7 pouces et d\u2019 une cam\u00e9ra de recul \u00e0 une seule entr\u00e9e, il est le choix id\u00e9al pour l\u2019op\u00e9rateur souhaitant une solution simple mais avec une qualit\u00e9 d\u2019affichage optimale. S\u2019installe sur tous les camions, poids-lourds, utilitaires, bus, campings-cars et autres v\u00e9hicules agricoles ou industriels. Il se compose des \u00e9l\u00e9ments suivants :<\/p>\n<p><strong>Moniteur<\/strong> : \u00e9cran TFT LCD 7\u2033 R\u00e9f. CVM-C7E \u00e0 1 ENTR\u00c9E<br \/>\n\u2013 175 mm de diagonale avec haut-parleur int\u00e9gr\u00e9 \u2013 Alimentation 10 \u00e0 32 VDC<br \/>\n\u2013 R\u00e9sistance aux vibrations m\u00e9caniques : 10G<br \/>\n\u2013 Temp\u00e9rature de fonctionnement : -20\u00b0C \u00e0 + 70\u00b0C<br \/>\n\u2013 Taux d\u2019humidit\u00e9 : 90% max<br \/>\n\u2013 R\u00e9tro-\u00e9clairage automatique des touches de l\u2019\u00e9cran<br \/>\n\u2013 Syst\u00e8mes vid\u00e9os : PAL\/NTSC<br \/>\n\u2013 Image affich\u00e9e verticalement ou horizontalement<br \/>\n\u2013 Contr\u00f4le automatique de la luminosit\u00e9 de l\u2019image<br \/>\n\u2013 Basculement automatique de l\u2019image sur la cam\u00e9ra de vision arri\u00e8re quand la marche arri\u00e8re est enclench\u00e9e<br \/>\n\u2013 Poids : 600 g<\/p>\n<div class=\"page\" title=\"Page 36\">\n<div class=\"section\">\n<div class=\"layoutArea\">\n<div class=\"column\">\n<p><strong>Cam\u00e9ra<\/strong> : couleur CMOS R\u00e9f. CVC-CMOS<br \/>\n\u2013 Microphone int\u00e9gr\u00e9<br \/>\n\u2013 Leds infrarouge pour une vision nocturne<br \/>\n\u2013 Port\u00e9e minimum : 1 0 m<br \/>\n\u2013 Alimentation 1 2 V\/DC en direct du moniteur \u2013 Consommation : 300 mA<br \/>\n\u2013 R\u00e9solution : 420 lignes TV<br \/>\n\u2013 Temp\u00e9rature de stockage : -40\u00b0C \u00e0 + 80\u00b0C \u2013 Temp. de fonctionnement : -20\u00b0C \u00e0 + 70\u00b0C \u2013 Taux d\u2019humidit\u00e9 : 95% max<br \/>\n\u2013 Indice de protection : IP 69K<\/p>\n<\/div>\n<\/div>\n<\/div>\n<\/div>\n","protected":false},"excerpt":{"rendered":"<p>Kit CV-C7E compos\u00e9 d&#8217;un moniteur couleur TFT 7&#8243; \u00e0 1 ENTR\u00c9E cam\u00e9ra et d&#8217;une cam\u00e9ra de recul pour couleur avec son et leds infrarouges. Livr\u00e9 avec la certification europ\u00e9enne E13 de Windoor. Disponible \u00e0 l&#8217;unit\u00e9 ou en grande quantit\u00e9 pour les distributeurs.<\/p>\n","protected":false},"featured_media":1371,"template":"","meta":{"_et_pb_use_builder":"","_et_pb_old_content":"","_et_gb_content_width":""},"product_brand":[],"product_cat":[110,111],"product_tag":[],"class_list":{"0":"post-1369","1":"product","2":"type-product","3":"status-publish","4":"has-post-thumbnail","6":"product_cat-cameras","7":"product_cat-moniteurs","9":"first","10":"instock","11":"sale","12":"taxable","13":"shipping-taxable","14":"purchasable","15":"product-type-simple"},"_links":{"self":[{"href":"https:\/\/windoor-shop.com\/en\/wp-json\/wp\/v2\/product\/1369","targetHints":{"allow":["GET"]}}],"collection":[{"href":"https:\/\/windoor-shop.com\/en\/wp-json\/wp\/v2\/product"}],"about":[{"href":"https:\/\/windoor-shop.com\/en\/wp-json\/wp\/v2\/types\/product"}],"wp:featuredmedia":[{"embeddable":true,"href":"https:\/\/windoor-shop.com\/en\/wp-json\/wp\/v2\/media\/1371"}],"wp:attachment":[{"href":"https:\/\/windoor-shop.com\/en\/wp-json\/wp\/v2\/media?parent=1369"}],"wp:term":[{"taxonomy":"product_brand","embeddable":true,"href":"https:\/\/windoor-shop.com\/en\/wp-json\/wp\/v2\/product_brand?post=1369"},{"taxonomy":"product_cat","embeddable":true,"href":"https:\/\/windoor-shop.com\/en\/wp-json\/wp\/v2\/product_cat?post=1369"},{"taxonomy":"product_tag","embeddable":true,"href":"https:\/\/windoor-shop.com\/en\/wp-json\/wp\/v2\/product_tag?post=1369"}],"curies":[{"name":"wp","href":"https:\/\/api.w.org\/{rel}","templated":true}]}}