{"id":1377,"date":"2025-04-14T12:03:38","date_gmt":"2025-04-14T10:03:38","guid":{"rendered":"https:\/\/windoor-shop.com\/?post_type=product&#038;p=1377"},"modified":"2025-04-16T15:45:59","modified_gmt":"2025-04-16T13:45:59","slug":"kit-de-vision-arriere-camera-de-recul-chauffante-motorisee-et-moniteur-7%e2%80%b3-couleur-cv-c7h","status":"publish","type":"product","link":"https:\/\/windoor-shop.com\/en\/produit\/kit-de-vision-arriere-camera-de-recul-chauffante-motorisee-et-moniteur-7%e2%80%b3-couleur-cv-c7h\/","title":{"rendered":"Kit de vision arri\u00e8re cam\u00e9ra de recul chauffante motoris\u00e9e et moniteur 7\u2033 couleur \u2022 CV-C7H"},"content":{"rendered":"<p>Ce kit de r\u00e9tro-vision auto-chauffant et \u00e0 clapet motoris\u00e9 est sp\u00e9cialement con\u00e7u pour les camions, poids-lourds, utilitaires et autres v\u00e9hicules agricoles, industriels ou commerciaux \u00e9voluant dans des environnements plus contraignants et froids et o\u00f9 la protection de la cam\u00e9ra s\u2019av\u00e8re imp\u00e9rative. Il se compose des \u00e9l\u00e9ments suivants :<\/p>\n<p><strong>Moniteur<\/strong> (C-CVM-C7H): \u00e9cran TFT LCD 7 pouces R\u00e9f. CVM-C7H<br \/>\n\u2013 175 mm de diagonale avec haut-parleur int\u00e9gr\u00e9<br \/>\n\u2013 Alimentation 10 \u00e0 32 V\/DC<br \/>\n\u2013 R\u00e9sistance aux vibrations m\u00e9caniques : 1 0G<br \/>\n\u2013 Temp\u00e9rature de fonctionnement : -20\u00b0C \u00e0 + 70\u00b0C<br \/>\n\u2013 Taux d\u2019humidit\u00e9 : 90% max<br \/>\n\u2013 R\u00e9tro-\u00e9clairage automatique des touches de l\u2019\u00e9cran \u2013 Syst\u00e8mes vid\u00e9os : PAL\/NTSC<br \/>\n\u2013 Image affich\u00e9e verticalement ou horizontalement<br \/>\n\u2013 Contr\u00f4le automatique de la luminosit\u00e9 de l\u2019image.<br \/>\n\u2013 Basculement automatique de l\u2019image sur la cam\u00e9ra de vision arri\u00e8re quand la marche arri\u00e8re est enclench\u00e9e<br \/>\n\u2013 Poids : 600 g<\/p>\n<div class=\"page\" title=\"Page 37\">\n<div class=\"section\">\n<div class=\"layoutArea\">\n<div class=\"column\">\n<p><strong>Cam\u00e9ra<\/strong> (C-CVC-CHR): couleur CMOS R\u00e9f. CVC-C5H<br \/>\n\u2013 Audio et vision de nuit par Leds infrarouges<br \/>\n\u2013 Nb Pixels : 51 2 x 582 (PAL) \/ 51 2 x 492 (NTSC)<br \/>\n\u2013 R\u00e9solution : 420 lignes TV<br \/>\n\u2013 \u00c9clairage minimum : 0 Lux (LED IR en marche)<br \/>\n\u2013 Rapport Signal\/Bruit : 48dB<br \/>\n\u2013 Balance des blancs : automatique<br \/>\n\u2013 Consommation : 430mA .<br \/>\n\u2013 Alimentation : 1 2V\/DC (par le moniteur)<br \/>\n\u2013 Temp. de fonctionnement : -20\u00b0C \u00e0 + 70\u00b0C<br \/>\n\u2013 Temp\u00e9rature de stockage : -40\u00b0C \u00e0 + 85\u00b0C<br \/>\n\u2013 Taux d\u2019humidit\u00e9 : 95% max<br \/>\n\u2013 Angle de vue : 120\u00b0<br \/>\n\u2013 Optique : f=1 .8 mm(P) \/1 .8 mm(N) F = 2.5<br \/>\n\u2013 Indice IP68<\/p>\n<\/div>\n<\/div>\n<\/div>\n<\/div>\n","protected":false},"excerpt":{"rendered":"<p>Kit cam\u00e9ra CV-C7H compos\u00e9 d&#8217;un moniteur couleur 7&#8243; \u00e0 1 ENTR\u00c9E cam\u00e9ra 5 points et d&#8217;une cam\u00e9ra couleur auto-chauffante \u00e0 clapet motoris\u00e9, son et leds. Livr\u00e9 avec la certification E13 Windoor. Disponible \u00e0 l&#8217;unit\u00e9 ou en grande quantit\u00e9 pour les distributeurs.<\/p>\n","protected":false},"featured_media":1379,"template":"","meta":{"_et_pb_use_builder":"","_et_pb_old_content":"","_et_gb_content_width":""},"product_brand":[],"product_cat":[110,111],"product_tag":[],"class_list":{"0":"post-1377","1":"product","2":"type-product","3":"status-publish","4":"has-post-thumbnail","6":"product_cat-cameras","7":"product_cat-moniteurs","9":"first","10":"instock","11":"sale","12":"taxable","13":"shipping-taxable","14":"purchasable","15":"product-type-simple"},"_links":{"self":[{"href":"https:\/\/windoor-shop.com\/en\/wp-json\/wp\/v2\/product\/1377","targetHints":{"allow":["GET"]}}],"collection":[{"href":"https:\/\/windoor-shop.com\/en\/wp-json\/wp\/v2\/product"}],"about":[{"href":"https:\/\/windoor-shop.com\/en\/wp-json\/wp\/v2\/types\/product"}],"wp:featuredmedia":[{"embeddable":true,"href":"https:\/\/windoor-shop.com\/en\/wp-json\/wp\/v2\/media\/1379"}],"wp:attachment":[{"href":"https:\/\/windoor-shop.com\/en\/wp-json\/wp\/v2\/media?parent=1377"}],"wp:term":[{"taxonomy":"product_brand","embeddable":true,"href":"https:\/\/windoor-shop.com\/en\/wp-json\/wp\/v2\/product_brand?post=1377"},{"taxonomy":"product_cat","embeddable":true,"href":"https:\/\/windoor-shop.com\/en\/wp-json\/wp\/v2\/product_cat?post=1377"},{"taxonomy":"product_tag","embeddable":true,"href":"https:\/\/windoor-shop.com\/en\/wp-json\/wp\/v2\/product_tag?post=1377"}],"curies":[{"name":"wp","href":"https:\/\/api.w.org\/{rel}","templated":true}]}}