{"id":1400,"date":"2025-04-14T14:38:44","date_gmt":"2025-04-14T12:38:44","guid":{"rendered":"https:\/\/windoor-shop.com\/?post_type=product&#038;p=1400"},"modified":"2025-04-16T15:40:06","modified_gmt":"2025-04-16T13:40:06","slug":"camera-sans-fil-chariot-elevateur-cvc-charws","status":"publish","type":"product","link":"https:\/\/windoor-shop.com\/en\/produit\/camera-sans-fil-chariot-elevateur-cvc-charws\/","title":{"rendered":"Cam\u00e9ra sans-fil pour chariot \u00e9l\u00e9vateur \u2022 CVC-CHARWS"},"content":{"rendered":"<p>Une nouveaut\u00e9 dans la gamme CARE-VIEW, cette petite cam\u00e9ra sans-fil avec son bo\u00eetier en aluminium bross\u00e9 est sp\u00e9cialement con\u00e7ue pour une installation sur chariot \u00e9l\u00e9vateur pour am\u00e9liorer la vision avant de l\u2019op\u00e9rateur. Gr\u00e2ce \u00e0 l\u2019option sans-fil, l\u2019installation et l\u2019utilisation en sont d\u2019autant plus facilit\u00e9es. Son montage est facilit\u00e9 gr\u00e2ce \u00e0 un aimant sur le bo\u00eetier pour adh\u00e9rer \u00e0 toute surface m\u00e9tallique.<\/p>\n","protected":false},"excerpt":{"rendered":"<p>Une cam\u00e9ra sp\u00e9cialement con\u00e7ue pour une installation sur chariot \u00e9l\u00e9vateur pour am\u00e9liorer la vision avant de l&#8217;op\u00e9rateur. Option sans-fil.<\/p>\n","protected":false},"featured_media":1402,"template":"","meta":{"_et_pb_use_builder":"","_et_pb_old_content":"","_et_gb_content_width":""},"product_brand":[],"product_cat":[110],"product_tag":[],"class_list":{"0":"post-1400","1":"product","2":"type-product","3":"status-publish","4":"has-post-thumbnail","6":"product_cat-cameras","8":"first","9":"instock","10":"sale","11":"taxable","12":"shipping-taxable","13":"purchasable","14":"product-type-simple"},"_links":{"self":[{"href":"https:\/\/windoor-shop.com\/en\/wp-json\/wp\/v2\/product\/1400","targetHints":{"allow":["GET"]}}],"collection":[{"href":"https:\/\/windoor-shop.com\/en\/wp-json\/wp\/v2\/product"}],"about":[{"href":"https:\/\/windoor-shop.com\/en\/wp-json\/wp\/v2\/types\/product"}],"wp:featuredmedia":[{"embeddable":true,"href":"https:\/\/windoor-shop.com\/en\/wp-json\/wp\/v2\/media\/1402"}],"wp:attachment":[{"href":"https:\/\/windoor-shop.com\/en\/wp-json\/wp\/v2\/media?parent=1400"}],"wp:term":[{"taxonomy":"product_brand","embeddable":true,"href":"https:\/\/windoor-shop.com\/en\/wp-json\/wp\/v2\/product_brand?post=1400"},{"taxonomy":"product_cat","embeddable":true,"href":"https:\/\/windoor-shop.com\/en\/wp-json\/wp\/v2\/product_cat?post=1400"},{"taxonomy":"product_tag","embeddable":true,"href":"https:\/\/windoor-shop.com\/en\/wp-json\/wp\/v2\/product_tag?post=1400"}],"curies":[{"name":"wp","href":"https:\/\/api.w.org\/{rel}","templated":true}]}}