{"id":1408,"date":"2025-04-14T14:49:15","date_gmt":"2025-04-14T12:49:15","guid":{"rendered":"https:\/\/windoor-shop.com\/?post_type=product&#038;p=1408"},"modified":"2025-04-16T15:39:30","modified_gmt":"2025-04-16T13:39:30","slug":"radar-de-recul-sans-fil-12-24-v-dc-rr400ws-a-ou-e","status":"publish","type":"product","link":"https:\/\/windoor-shop.com\/en\/produit\/radar-de-recul-sans-fil-12-24-v-dc-rr400ws-a-ou-e\/","title":{"rendered":"Radar de recul sans fil 12\/24 V\/DC \u2022 RR400WS-A ou E"},"content":{"rendered":"<p>Le syst\u00e8me est constitu\u00e9 de 4 capteurs ultrasons \u00e9tanches \u00e0 visser, un bo\u00eetier de contr\u00f4le \u00e9tanche sur lequel on vient relier les 4 capteurs et d\u2019un afficheur sans-fil \u00e0 positionner \u00e0 proximit\u00e9 du poste de conduite. La liaison sans-fil entre le bo\u00eetier de contr\u00f4le et l\u2019afficheur permet de s\u2019affranchir du passage du c\u00e2ble depuis l\u2019arri\u00e8re du v\u00e9hicule jusqu\u2019\u00e0 l\u2019avant du v\u00e9hicule, op\u00e9ration souvent longue et fastidieuse. De plus cela permet d\u2019installer ce kit sur les semi-remorques avec tracteur. L\u2019afficheur indique la distance entre l\u2019obstacle et le v\u00e9hicule ainsi que le cot\u00e9 ou se trouve l\u2019obstacle (indication par LEDs). De plus l\u2019afficheur est muni d\u2019un buzzer indiquant au conducteur par des sonorit\u00e9s diff\u00e9rentes la distance entre l\u2019obstacle et le v\u00e9hicule. L\u2019affichage de la distance est de 5 m\u00e8tres \u00e0 0,4 m\u00e8tre.<\/p>\n<div class=\"page\" title=\"Page 62\">\n<div class=\"section\">\n<div class=\"layoutArea\">\n<div class=\"column\">\n<p>La signalisation de la distance par le buzzer et les leds est de<br \/>\n1,5 m\u00e8tres \u00e0 0,3 m\u00e8tre en 3 zones distinctes :<\/p>\n<p>\u2013 1,5 m \u00e0 0,8 m : Sonorit\u00e9 \u00e0 intervalle long et Led verte allum\u00e9 \u2013<br \/>\n\u2013 0,8 m \u00e0 0,4 m : Sonorit\u00e9 \u00e0 intervalle court et Led orange allum\u00e9<br \/>\n\u2013 moins de 0,4 m : Sonorit\u00e9 continue et Led rouge allum\u00e9<\/p>\n<\/div>\n<\/div>\n<\/div>\n<\/div>\n","protected":false},"excerpt":{"rendered":"<p>Radar de recul SANS-FIL sp\u00e9cial semi-remorques avec capteurs en applique ou \u00e0 encastrer.<\/p>\n","protected":false},"featured_media":1413,"template":"","meta":{"_et_pb_use_builder":"","_et_pb_old_content":"","_et_gb_content_width":""},"product_brand":[],"product_cat":[110,111],"product_tag":[],"class_list":{"0":"post-1408","1":"product","2":"type-product","3":"status-publish","4":"has-post-thumbnail","6":"product_cat-cameras","7":"product_cat-moniteurs","9":"first","10":"instock","11":"sale","12":"taxable","13":"shipping-taxable","14":"purchasable","15":"product-type-simple"},"_links":{"self":[{"href":"https:\/\/windoor-shop.com\/en\/wp-json\/wp\/v2\/product\/1408","targetHints":{"allow":["GET"]}}],"collection":[{"href":"https:\/\/windoor-shop.com\/en\/wp-json\/wp\/v2\/product"}],"about":[{"href":"https:\/\/windoor-shop.com\/en\/wp-json\/wp\/v2\/types\/product"}],"wp:featuredmedia":[{"embeddable":true,"href":"https:\/\/windoor-shop.com\/en\/wp-json\/wp\/v2\/media\/1413"}],"wp:attachment":[{"href":"https:\/\/windoor-shop.com\/en\/wp-json\/wp\/v2\/media?parent=1408"}],"wp:term":[{"taxonomy":"product_brand","embeddable":true,"href":"https:\/\/windoor-shop.com\/en\/wp-json\/wp\/v2\/product_brand?post=1408"},{"taxonomy":"product_cat","embeddable":true,"href":"https:\/\/windoor-shop.com\/en\/wp-json\/wp\/v2\/product_cat?post=1408"},{"taxonomy":"product_tag","embeddable":true,"href":"https:\/\/windoor-shop.com\/en\/wp-json\/wp\/v2\/product_tag?post=1408"}],"curies":[{"name":"wp","href":"https:\/\/api.w.org\/{rel}","templated":true}]}}