{"id":1417,"date":"2025-04-16T08:45:04","date_gmt":"2025-04-16T06:45:04","guid":{"rendered":"https:\/\/windoor-shop.com\/?post_type=product&#038;p=1417"},"modified":"2025-04-16T15:36:54","modified_gmt":"2025-04-16T13:36:54","slug":"moniteur-couleur-7%e2%80%b3-pour-camion-van-utilitaire-vehicule-pro-agricole-etc-cvm-c7h","status":"publish","type":"product","link":"https:\/\/windoor-shop.com\/en\/produit\/moniteur-couleur-7%e2%80%b3-pour-camion-van-utilitaire-vehicule-pro-agricole-etc-cvm-c7h\/","title":{"rendered":"Moniteur couleur 7\u2033 pour camion, van, utilitaire, v\u00e9hicule pro, agricole, etc. \u2022 CVM-C7H"},"content":{"rendered":"<p><strong>Moniteur<\/strong> (C-CVM-C7H): \u00e9cran TFT LCD 7 pouces R\u00e9f. CVM-C7H<\/p>\n<ul>\n<li>175 mm de diagonale avec haut-parleur int\u00e9gr\u00e9<\/li>\n<li>\u00a0Alimentation 10 \u00e0 32 V\/DC<\/li>\n<li>R\u00e9sistance aux vibrations m\u00e9caniques : 10G<\/li>\n<li>Temp\u00e9rature de fonctionnement : -20\u00b0C \u00e0 + 70\u00b0C<\/li>\n<li>Taux d\u2019humidit\u00e9 : 90% max<\/li>\n<li>R\u00e9tro-\u00e9clairage automatique des touches de l\u2019\u00e9cran \u2013 Syst\u00e8mes vid\u00e9os : PAL\/NTSC<\/li>\n<li>Image affich\u00e9e verticalement ou horizontalement<\/li>\n<li>Contr\u00f4le automatique de la luminosit\u00e9 de l\u2019image<\/li>\n<li>Basculement automatique de l\u2019image sur la cam\u00e9ra de vision arri\u00e8re quand la marche arri\u00e8re est enclench\u00e9e<\/li>\n<li>Poids : 600 g<\/li>\n<\/ul>\n<div class=\"page\" title=\"Page 37\">\n<div class=\"section\">\n<div class=\"layoutArea\"><\/div>\n<\/div>\n<\/div>\n","protected":false},"excerpt":{"rendered":"<p>Moniteur couleur 7&#8243; \u00e0 1 ENTR\u00c9E cam\u00e9ra 5 points (compatible avec notre cam\u00e9ra couleur auto-chauffante \u00e0 clapet motoris\u00e9, son et leds). Livr\u00e9 avec la certification E13 Windoor. Disponible \u00e0 l&#8217;unit\u00e9 ou en grande quantit\u00e9 pour les distributeurs.<\/p>\n","protected":false},"featured_media":1419,"template":"","meta":{"_et_pb_use_builder":"","_et_pb_old_content":"","_et_gb_content_width":""},"product_brand":[],"product_cat":[110,111],"product_tag":[],"class_list":{"0":"post-1417","1":"product","2":"type-product","3":"status-publish","4":"has-post-thumbnail","6":"product_cat-cameras","7":"product_cat-moniteurs","9":"first","10":"instock","11":"taxable","12":"shipping-taxable","13":"purchasable","14":"product-type-simple"},"_links":{"self":[{"href":"https:\/\/windoor-shop.com\/en\/wp-json\/wp\/v2\/product\/1417","targetHints":{"allow":["GET"]}}],"collection":[{"href":"https:\/\/windoor-shop.com\/en\/wp-json\/wp\/v2\/product"}],"about":[{"href":"https:\/\/windoor-shop.com\/en\/wp-json\/wp\/v2\/types\/product"}],"wp:featuredmedia":[{"embeddable":true,"href":"https:\/\/windoor-shop.com\/en\/wp-json\/wp\/v2\/media\/1419"}],"wp:attachment":[{"href":"https:\/\/windoor-shop.com\/en\/wp-json\/wp\/v2\/media?parent=1417"}],"wp:term":[{"taxonomy":"product_brand","embeddable":true,"href":"https:\/\/windoor-shop.com\/en\/wp-json\/wp\/v2\/product_brand?post=1417"},{"taxonomy":"product_cat","embeddable":true,"href":"https:\/\/windoor-shop.com\/en\/wp-json\/wp\/v2\/product_cat?post=1417"},{"taxonomy":"product_tag","embeddable":true,"href":"https:\/\/windoor-shop.com\/en\/wp-json\/wp\/v2\/product_tag?post=1417"}],"curies":[{"name":"wp","href":"https:\/\/api.w.org\/{rel}","templated":true}]}}