{"id":1427,"date":"2025-04-16T14:36:01","date_gmt":"2025-04-16T12:36:01","guid":{"rendered":"https:\/\/windoor-shop.com\/?post_type=product&#038;p=1427"},"modified":"2025-04-16T15:35:46","modified_gmt":"2025-04-16T13:35:46","slug":"kit-de-retrovision-moniteur-noir-blanc-ecran-cathodique-camera-infrarouge-new-old-stock-collector","status":"publish","type":"product","link":"https:\/\/windoor-shop.com\/en\/produit\/kit-de-retrovision-moniteur-noir-blanc-ecran-cathodique-camera-infrarouge-new-old-stock-collector\/","title":{"rendered":"Kit de r\u00e9trovision Moniteur noir &#038; blanc \u00e9cran cathodique &#038; cam\u00e9ra infrarouge &#8211; New Old Stock Collector! \u2022 CV-N5"},"content":{"rendered":"<p class=\"p1\"><b>Caract\u00e9ristiques techniques principales du moniteur CVM-N5<\/b><\/p>\n<ul>\n<li class=\"p2\">Ecran : cathodique 5,5 pouces (123 mm de diagonale) avec haut-parleur int\u00e9gr\u00e9.<\/li>\n<li class=\"p2\">Tension d\u2019alimentation : DC 11 ~ 32 V.<\/li>\n<li class=\"p2\">R\u00e9sistance aux vibrations m\u00e9caniques : 5 G.<\/li>\n<li class=\"p2\">R\u00e9solution de l\u2019image : 600 (H) x 400 (V) lignes TV.<\/li>\n<li class=\"p2\">Temp\u00e9rature de fonctionnement : -10\u00b0 ~ 50\u00b0C.<\/li>\n<li class=\"p2\">Dimensions : 167 mm (largeur) x 190 mm (hauteur) x 200 mm (profondeur).<\/li>\n<li class=\"p2\">Poids : 1,9 Kg env.<\/li>\n<\/ul>\n<p class=\"p1\"><b>Caract\u00e9ristiques techniques principales de la cam\u00e9ra CVC-N5<\/b><\/p>\n<ul>\n<li class=\"p2\">Optique: capteur CCD 1\/3\u2019\u2019 et objectif grand angle (110\u00b0).<\/li>\n<li class=\"p2\">Illumination minimum : 0 LUX (via 18 LEDs infrarouges d\u2019une port\u00e9e de 5m).<\/li>\n<li class=\"p2\">Bo\u00eetier en aluminium moul\u00e9 sous pression.<\/li>\n<li class=\"p2\">R\u00e9solution : 290 000 pixels.<\/li>\n<li class=\"p2\">Temp\u00e9rature de fonctionnement : -10\u00b0 ~ 60\u00b0C.<\/li>\n<li class=\"p2\">R\u00e9sistance aux vibrations m\u00e9caniques : 6 G.<\/li>\n<li class=\"p2\">Indice de protection : IP67.<\/li>\n<li class=\"p2\">Dimensions : 72 mm (largeur) x 42 mm (hauteur)x 52 mm (profondeur).<\/li>\n<li class=\"p2\">Poids : 340 g.<\/li>\n<\/ul>\n<p>Kit de retrovision pour camion, poids-lourds, v\u00e9hicule professionnel, v\u00e9hicule agricole ou tout simplement pour celui qui cherche un kit avec \u00e9cran cathodique new old stock.<\/p>\n","protected":false},"excerpt":{"rendered":"<p>Kit de r\u00e9trovision Moniteur noir &amp; blanc \u00e9cran cathodique &amp; cam\u00e9ra infrarouge &#8211; New Old Stock Collector!<\/p>\n","protected":false},"featured_media":1429,"template":"","meta":{"_et_pb_use_builder":"","_et_pb_old_content":"","_et_gb_content_width":""},"product_brand":[],"product_cat":[110,111],"product_tag":[],"class_list":{"0":"post-1427","1":"product","2":"type-product","3":"status-publish","4":"has-post-thumbnail","6":"product_cat-cameras","7":"product_cat-moniteurs","9":"first","10":"instock","11":"sale","12":"taxable","13":"shipping-taxable","14":"purchasable","15":"product-type-simple"},"_links":{"self":[{"href":"https:\/\/windoor-shop.com\/en\/wp-json\/wp\/v2\/product\/1427","targetHints":{"allow":["GET"]}}],"collection":[{"href":"https:\/\/windoor-shop.com\/en\/wp-json\/wp\/v2\/product"}],"about":[{"href":"https:\/\/windoor-shop.com\/en\/wp-json\/wp\/v2\/types\/product"}],"wp:featuredmedia":[{"embeddable":true,"href":"https:\/\/windoor-shop.com\/en\/wp-json\/wp\/v2\/media\/1429"}],"wp:attachment":[{"href":"https:\/\/windoor-shop.com\/en\/wp-json\/wp\/v2\/media?parent=1427"}],"wp:term":[{"taxonomy":"product_brand","embeddable":true,"href":"https:\/\/windoor-shop.com\/en\/wp-json\/wp\/v2\/product_brand?post=1427"},{"taxonomy":"product_cat","embeddable":true,"href":"https:\/\/windoor-shop.com\/en\/wp-json\/wp\/v2\/product_cat?post=1427"},{"taxonomy":"product_tag","embeddable":true,"href":"https:\/\/windoor-shop.com\/en\/wp-json\/wp\/v2\/product_tag?post=1427"}],"curies":[{"name":"wp","href":"https:\/\/api.w.org\/{rel}","templated":true}]}}