{"id":1437,"date":"2025-05-21T19:32:37","date_gmt":"2025-05-21T17:32:37","guid":{"rendered":"https:\/\/windoor-shop.com\/?post_type=product&#038;p=1437"},"modified":"2025-05-21T19:57:52","modified_gmt":"2025-05-21T17:57:52","slug":"kit-de-vision-peripherique-360-a-4-cameras-compactes-et-moniteur-retroviseur-7%e2%80%b3-c-cv-bv17chdl-cvmret","status":"publish","type":"product","link":"https:\/\/windoor-shop.com\/en\/produit\/kit-de-vision-peripherique-360-a-4-cameras-compactes-et-moniteur-retroviseur-7%e2%80%b3-c-cv-bv17chdl-cvmret\/","title":{"rendered":"Kit de vision p\u00e9riph\u00e9rique 360\u00b0 \u00e0 4 cam\u00e9ras compactes et moniteur-r\u00e9troviseur 7\u2033  \u2022 C-CV-BV17CHDL-CVMRET"},"content":{"rendered":"<p>Ce kit de vision \u00e0 360 degr\u00e9s est sp\u00e9cialement con\u00e7u pour les camions, poids-lourds, utilitaires, bus, campings-cars et autres v\u00e9hicules agricole, industriels, transports de fonds, etc. Il permet d\u2019\u00e9liminer les angles-morts, minimiser les risques de collisions et avoir en tout temps une vision autour du v\u00e9hicule. Il se compose de 4 cam\u00e9ras grand angle (170\u00b0) \u00e0 la fois compactes et robustes gr\u00e2ce \u00e0 leur bo\u00eetier renforc\u00e9, d\u2019un bo\u00eetier de contr\u00f4le avec son logiciel qui restitue une image continue \u00e0 360\u00b0 ainsi que d\u2019un moniteur qui se place dans l\u2019habitacle. Contrairement \u00e0 de nombreux autres kits, le kit de vision BIRD-VIEW de WINDOOR se caract\u00e9rise par les atouts suivants :<\/p>\n<ul>\n<li>Des cam\u00e9ras plus compactes qui s\u2019int\u00e8grent mieux dans le profil du v\u00e9hicule.<\/li>\n<li>Un logiciel de restitution des images plus abouti qui couvre une plus grande surface et \u00e9limine les angles morts, notamment sur la partie avant-basse du camion.<\/li>\n<li>Un logiciel et une configuration d\u2019installation plus simples permettant de r\u00e9duire le temps d\u2019immobilisation du v\u00e9hicule, et donc, le co\u00fbt d\u2019installation du syst\u00e8me.<\/li>\n<\/ul>\n<p><strong>Moniteur-r\u00e9troviseur<\/strong> : \u00e9cran TFT LCD 7 pouces R\u00e9f. <strong>C-CVM-RETBTH<\/strong><br \/>\nPour clipser sur r\u00e9troviseur d\u2019origine<br \/>\n\u00c9cran TFT LCD de 7\u2033<br \/>\nR\u00e9solution : 800(L) x 480(H) p<br \/>\nAlimentation : 12\/24V DC<br \/>\nConsommation : 6W<br \/>\nDimensions: 250(L) x 110(H) x 45(P) mm<\/p>\n<p><em><strong>Si votre v\u00e9hicule n&#8217;a pas de r\u00e9troviseur d&#8217;origine , nous consulter.<\/strong><\/em><\/p>\n<p><strong>Boitier de contr\u00f4le<\/strong> R\u00e9f. C-CVB-BV17<br \/>\nAlimentation : 8-32 V\/DC<br \/>\nEntr\u00e9e vid\u00e9o : 5, 1080P<br \/>\nStockage : 4 cartes SD 128 GO<br \/>\nFlux vid\u00e9o : 4M\/ 8M<br \/>\nTemp\u00e9rature fonctionnement : -20 \u00e0 70\u00b0<br \/>\nTemp\u00e9rature stockage : -40 \u00e0 85\u00b0<\/p>\n<p><em><strong>Dimensions : voir galerie produit<\/strong><\/em><\/p>\n<p><strong>Cam\u00e9ras<\/strong> (au nombre de 4) avec leurs c\u00e2bles R\u00e9f. : <strong>C-CVC-BV-FHDL<\/strong><br \/>\nAlimentation : 12 V<br \/>\nR\u00e9solution : 1080 P<br \/>\nPixels : 1920 x 1080<br \/>\nAngle de vue : &gt; 170\u00b0<br \/>\nTemp\u00e9rature fonctionnement : -20\u00b0 \u00e0 70\u00b0C<br \/>\nTemp\u00e9rature stockage : -40\u00b0 \u00e0 85\u00b0C<br \/>\nIndice de protection : IP69K<\/p>\n<div class=\"page\" title=\"Page 37\">\n<div class=\"section\">\n<div class=\"layoutArea\">\n<div class=\"column\">\n<p><em><strong>Dimensions : voir galerie produit<\/strong><\/em><\/p>\n<p><em><strong>NB :La longueur des c\u00e2bles des cam\u00e9ras est \u00e0 pr\u00e9ciser \u00e0 la commande\u00a0 : 5, 10, 15 ou 20m (panachage possible)<\/strong><\/em><\/p>\n<\/div>\n<\/div>\n<\/div>\n<\/div>\n","protected":false},"excerpt":{"rendered":"<p>Kit cam\u00e9ra CV-C7H compos\u00e9 d&#8217;un moniteur couleur 7&#8243; \u00e0 1 ENTR\u00c9E cam\u00e9ra 5 points et d&#8217;une cam\u00e9ra couleur auto-chauffante \u00e0 clapet motoris\u00e9, son et leds. Livr\u00e9 avec la certification E13 Windoor. Disponible \u00e0 l&#8217;unit\u00e9 ou en grande quantit\u00e9 pour les distributeurs.<\/p>\n","protected":false},"featured_media":1439,"template":"","meta":{"_et_pb_use_builder":"","_et_pb_old_content":"","_et_gb_content_width":""},"product_brand":[],"product_cat":[120],"product_tag":[],"class_list":{"0":"post-1437","1":"product","2":"type-product","3":"status-publish","4":"has-post-thumbnail","6":"product_cat-kit-360","8":"first","9":"instock","10":"taxable","11":"shipping-taxable","12":"purchasable","13":"product-type-simple"},"_links":{"self":[{"href":"https:\/\/windoor-shop.com\/en\/wp-json\/wp\/v2\/product\/1437","targetHints":{"allow":["GET"]}}],"collection":[{"href":"https:\/\/windoor-shop.com\/en\/wp-json\/wp\/v2\/product"}],"about":[{"href":"https:\/\/windoor-shop.com\/en\/wp-json\/wp\/v2\/types\/product"}],"wp:featuredmedia":[{"embeddable":true,"href":"https:\/\/windoor-shop.com\/en\/wp-json\/wp\/v2\/media\/1439"}],"wp:attachment":[{"href":"https:\/\/windoor-shop.com\/en\/wp-json\/wp\/v2\/media?parent=1437"}],"wp:term":[{"taxonomy":"product_brand","embeddable":true,"href":"https:\/\/windoor-shop.com\/en\/wp-json\/wp\/v2\/product_brand?post=1437"},{"taxonomy":"product_cat","embeddable":true,"href":"https:\/\/windoor-shop.com\/en\/wp-json\/wp\/v2\/product_cat?post=1437"},{"taxonomy":"product_tag","embeddable":true,"href":"https:\/\/windoor-shop.com\/en\/wp-json\/wp\/v2\/product_tag?post=1437"}],"curies":[{"name":"wp","href":"https:\/\/api.w.org\/{rel}","templated":true}]}}