{"id":1454,"date":"2025-06-18T14:41:44","date_gmt":"2025-06-18T12:41:44","guid":{"rendered":"https:\/\/windoor-shop.com\/?post_type=product&#038;p=1454"},"modified":"2025-06-18T16:04:28","modified_gmt":"2025-06-18T14:04:28","slug":"kit-de-verrouillage-mecanique-par-crochet-pour-renault-master-nissan-interstar-depuis-2025","status":"publish","type":"product","link":"https:\/\/windoor-shop.com\/en\/produit\/kit-de-verrouillage-mecanique-par-crochet-pour-renault-master-nissan-interstar-depuis-2025\/","title":{"rendered":"Kit de verrouillage m\u00e9canique par crochet (2 points) pour Renault MASTER \/ NISSAN Interstar (depuis 2025)"},"content":{"rendered":"<p>Le CARE-LOCK &#8220;HOOK&#8221; est la nouvelle g\u00e9n\u00e9ration de verrous de s\u00e9curit\u00e9 m\u00e9canique pour v\u00e9hicule utilitaire \/ van \/ fourgonnette. Ils fonctionnent de la m\u00eame mani\u00e8re que les verrous \u00e0 p\u00eane droit mais le type crochet s&#8217;accroche dans un support de g\u00e2che offrant ainsi un niveau de s\u00e9curit\u00e9 sup\u00e9rieur, rendant plus difficile l&#8217;ouverture forc\u00e9e et l&#8217;acc\u00e8s potentiel \u00e0 votre v\u00e9hicule.<br \/>\nLes verrous CARE-LOCK &#8220;HOOK&#8221; \u00e9t\u00e9 sp\u00e9cialement con\u00e7us et test\u00e9s pour \u00eatre les plus r\u00e9sistants du march\u00e9. Apr\u00e8s avoir subi un test de traction complet sans d\u00e9faillance apr\u00e8s avoir \u00e9t\u00e9 soumis \u00e0 une force de 500 GK (5,0 KN), nous sommes convaincus qu&#8217;ils ne vous d\u00e9cevront pas.<\/p>\n<p>Le kit se compose de :<\/p>\n<ul>\n<li>Une serrure antivol<strong> pour portes arri\u00e8res<\/strong><\/li>\n<li>Une serrure antivol pour <strong>porte lat\u00e9rale<\/strong><\/li>\n<li>Rivets et vis de montage<\/li>\n<li>Jeu de 3 cl\u00e9s<\/li>\n<li>Manuel d&#8217;installation<\/li>\n<\/ul>\n<p>Caract\u00e9ristiques :<\/p>\n<ul>\n<li>S\u00e9curit\u00e9 suppl\u00e9mentaire de niveau sup\u00e9rieur<\/li>\n<li>R\u00e9sistance \u00e9lev\u00e9e \u00e0 la traction<\/li>\n<li>Kits sp\u00e9cifiques pour chaque porte<\/li>\n<li>Supports fabriqu\u00e9s en acier inoxydable 304 de qualit\u00e9 industrielle anodis\u00e9 noir<\/li>\n<li>Cl\u00e9 \u00e0 empreinte de s\u00e9curit\u00e9 renforc\u00e9e fournie en standard<\/li>\n<li>Toutes les serrures du fourgon sont \u00e0 cl\u00e9 identique<\/li>\n<li>Disponible pour presque tous les fourgons et types de portes en Europe<\/li>\n<\/ul>\n","protected":false},"excerpt":{"rendered":"<p>Le CARE-LOCK &#8220;HOOK&#8221; est la nouvelle g\u00e9n\u00e9ration de verrous de s\u00e9curit\u00e9 m\u00e9canique pour v\u00e9hicule utilitaire \/ van \/ fourgonnette. Ils fonctionnent de la m\u00eame mani\u00e8re que les verrous \u00e0 p\u00eane droit mais le type crochet s&#8217;accroche dans un support de g\u00e2che offrant ainsi un niveau de s\u00e9curit\u00e9 sup\u00e9rieur, rendant plus difficile l&#8217;ouverture forc\u00e9e et l&#8217;acc\u00e8s potentiel \u00e0 votre v\u00e9hicule.<\/p>\n","protected":false},"featured_media":1469,"template":"","meta":{"_et_pb_use_builder":"","_et_pb_old_content":"","_et_gb_content_width":""},"product_brand":[],"product_cat":[33,123,29,122,121],"product_tag":[23,26,25],"class_list":{"0":"post-1454","1":"product","2":"type-product","3":"status-publish","4":"has-post-thumbnail","6":"product_cat-nissan","7":"product_cat-nissan-verrou-mecanique","8":"product_cat-renault","9":"product_cat-renault-verrou-mecanique","10":"product_cat-verrou-mecanique","11":"product_tag-antivol-vehicule","12":"product_tag-antivol-vehicule-professionnel","13":"product_tag-protection-marchandise","15":"first","16":"instock","17":"taxable","18":"shipping-taxable","19":"purchasable","20":"product-type-simple"},"_links":{"self":[{"href":"https:\/\/windoor-shop.com\/en\/wp-json\/wp\/v2\/product\/1454","targetHints":{"allow":["GET"]}}],"collection":[{"href":"https:\/\/windoor-shop.com\/en\/wp-json\/wp\/v2\/product"}],"about":[{"href":"https:\/\/windoor-shop.com\/en\/wp-json\/wp\/v2\/types\/product"}],"wp:featuredmedia":[{"embeddable":true,"href":"https:\/\/windoor-shop.com\/en\/wp-json\/wp\/v2\/media\/1469"}],"wp:attachment":[{"href":"https:\/\/windoor-shop.com\/en\/wp-json\/wp\/v2\/media?parent=1454"}],"wp:term":[{"taxonomy":"product_brand","embeddable":true,"href":"https:\/\/windoor-shop.com\/en\/wp-json\/wp\/v2\/product_brand?post=1454"},{"taxonomy":"product_cat","embeddable":true,"href":"https:\/\/windoor-shop.com\/en\/wp-json\/wp\/v2\/product_cat?post=1454"},{"taxonomy":"product_tag","embeddable":true,"href":"https:\/\/windoor-shop.com\/en\/wp-json\/wp\/v2\/product_tag?post=1454"}],"curies":[{"name":"wp","href":"https:\/\/api.w.org\/{rel}","templated":true}]}}